{"id":33097,"date":"2024-03-12T18:49:07","date_gmt":"2024-03-12T17:49:07","guid":{"rendered":"https:\/\/www.thesnuglies.com\/tienda\/uncategorized\/kit-ganchillo-duende-seamus-ofinnegan\/"},"modified":"2024-08-05T14:35:31","modified_gmt":"2024-08-05T12:35:31","slug":"kit-de-crochet-lutin-seamus-ofinnegan","status":"publish","type":"product","link":"https:\/\/www.thesnuglies.com\/fr\/tienda\/kits-fr\/debutant-plus\/kit-de-crochet-lutin-seamus-ofinnegan\/","title":{"rendered":"Kit de crochet Lutin Seamus O&rsquo;Finnegan"},"content":{"rendered":"<p>Imaginez-vous embarquer dans une qu\u00eate passionnante qui vous m\u00e8nera au bout de l&rsquo;arc-en-ciel \u00e0 la recherche du pot d&rsquo;or avec Seamus O&rsquo;Finnegan, le lutin le plus espi\u00e8gle et charmant de toute l&rsquo;Irlande comme guide ! Seamus est le compagnon parfait pour les crocheteurs d\u00e9butants+, et nos instructions d\u00e9taill\u00e9es vous guideront pas \u00e0 pas \u00e0 travers les prairies vertes et les for\u00eats enchant\u00e9es \u00e0 la recherche du pr\u00e9cieux pot d&rsquo;or. Avec chaque point, vous vous rapprocherez de la fin passionnante de l&rsquo;arc-en-ciel, o\u00f9 un tr\u00e9sor de joie et de cr\u00e9ativit\u00e9 vous attend.<\/p>\n<p>Rejoignez le plaisir de crocheter votre propre Seamus et pr\u00e9parez-vous \u00e0 d\u00e9couvrir la magie qui vous attend \u00e0 la fin du voyage au crochet. Votre pot d&rsquo;or crochet\u00e9 vous attend au bout de l&rsquo;arc-en-ciel !<\/p>\n<p><strong>Puis-je vraiment apprendre \u00e0 crocheter avec ces kits ?<\/strong> Bien s\u00fbr ! Suivez les guides vid\u00e9o \u00e9tape par \u00e9tape inclus dans chaque kit pour apprendre \u00e0 crocheter. Les points que vous apprendrez sont les bases utilis\u00e9es dans tout ouvrage de crochet.<\/p>\n<p><strong>Ce que comprend ce kit :<\/strong><\/p>\n<ul>\n<li>Vid\u00e9os tutoriels \u00e9tape par \u00e9tape.<\/li>\n<li>La laine des couleurs correspondantes \u00e0 votre Snuglie, parfaite pour les d\u00e9butants.<\/li>\n<li>Aide illimit\u00e9e par e-mail, ainsi que des appels vid\u00e9o pendant les heures de bureau avec nos experts en cas de blocage.<\/li>\n<li>Yeux en plastique.<\/li>\n<li>Rembourrage.<\/li>\n<li>Aiguille \u00e0 laine.<\/li>\n<li>Marqueurs de points.<\/li>\n<li>Mod\u00e8le de crochet t\u00e9l\u00e9chargeable en PDF.<\/li>\n<li>Crochet ergonomique de 3 mm (co\u00fbt suppl\u00e9mentaire).<\/li>\n<\/ul>\n<p><strong>Niveau de comp\u00e9tence<\/strong> D\u00e9butant+, recommand\u00e9 pour les 12 ans et plus.<\/p>\n<p><strong>\u00cates-vous droitier ou gaucher ?<\/strong> Nous vous avons couvert. Nos kits de crochet pour d\u00e9butants conviennent aux droitiers et aux gauchers, et tous les tutoriels de crochet de nos Snuglies ont des versions pour droitiers et gauchers.<\/p>\n<p><strong>Taille<\/strong> Environ 10 cm de hauteur. Comme il s&rsquo;agit d&rsquo;un article fait \u00e0 la main, la taille exacte d\u00e9pendra de votre mani\u00e8re de crocheter et de la tension appliqu\u00e9e aux points.<\/p>\n","protected":false},"excerpt":{"rendered":"<p>Imaginez-vous embarquer dans une qu\u00eate passionnante qui vous m\u00e8nera au bout de l&rsquo;arc-en-ciel \u00e0 la recherche du pot d&rsquo;or avec Seamus O&rsquo;Finnegan, le lutin le plus espi\u00e8gle et charmant de toute l&rsquo;Irlande comme guide ! Seamus est le compagnon parfait pour les crocheteurs d\u00e9butants+, et nos instructions d\u00e9taill\u00e9es vous guideront pas \u00e0 pas \u00e0 travers les prairies vertes et les for\u00eats enchant\u00e9es \u00e0 la recherche du pr\u00e9cieux pot d&rsquo;or. Avec chaque point, vous vous rapprocherez de la fin passionnante de l&rsquo;arc-en-ciel, o\u00f9 un tr\u00e9sor de joie et de cr\u00e9ativit\u00e9 vous attend.<\/p>\n<p>Rejoignez le plaisir de crocheter votre propre Seamus et pr\u00e9parez-vous \u00e0 d\u00e9couvrir la magie qui vous attend \u00e0 la fin du voyage au crochet. Votre pot d&rsquo;or crochet\u00e9 vous attend au bout de l&rsquo;arc-en-ciel !<\/p>\n<p><strong>Puis-je vraiment apprendre \u00e0 crocheter avec ces kits ?<\/strong> Bien s\u00fbr ! Suivez les guides vid\u00e9o \u00e9tape par \u00e9tape inclus dans chaque kit pour apprendre \u00e0 crocheter. Les points que vous apprendrez sont les bases utilis\u00e9es dans tout ouvrage de crochet.<\/p>\n<p><strong>Ce que comprend ce kit :<\/strong><\/p>\n<ul>\n<li>Vid\u00e9os tutoriels \u00e9tape par \u00e9tape.<\/li>\n<li>La laine des couleurs correspondantes \u00e0 votre Snuglie, parfaite pour les d\u00e9butants.<\/li>\n<li>Aide illimit\u00e9e par e-mail, ainsi que des appels vid\u00e9o pendant les heures de bureau avec nos experts en cas de blocage.<\/li>\n<li>Yeux en plastique.<\/li>\n<li>Rembourrage.<\/li>\n<li>Aiguille \u00e0 laine.<\/li>\n<li>Marqueurs de points.<\/li>\n<li>Mod\u00e8le de crochet t\u00e9l\u00e9chargeable en PDF.<\/li>\n<li>Crochet ergonomique de 3 mm (co\u00fbt suppl\u00e9mentaire).<\/li>\n<\/ul>\n<p><strong>Niveau de comp\u00e9tence<\/strong> D\u00e9butant+, recommand\u00e9 pour les 12 ans et plus.<\/p>\n<p><strong>\u00cates-vous droitier ou gaucher ?<\/strong> Nous vous avons couvert. Nos kits de crochet pour d\u00e9butants conviennent aux droitiers et aux gauchers, et tous les tutoriels de crochet de nos Snuglies ont des versions pour droitiers et gauchers.<\/p>\n<p><strong>Taille<\/strong> Environ 10 cm de hauteur. Comme il s&rsquo;agit d&rsquo;un article fait \u00e0 la main, la taille exacte d\u00e9pendra de votre mani\u00e8re de crocheter et de la tension appliqu\u00e9e aux points.<\/p>\n","protected":false},"featured_media":33098,"comment_status":"open","ping_status":"closed","template":"","meta":[],"product_brand":[285],"product_cat":[595,597],"product_tag":[],"giftcard-category":[],"class_list":{"0":"post-33097","1":"product","2":"type-product","3":"status-publish","4":"has-post-thumbnail","6":"product_brand-the-snuglies","7":"product_gender-unisex","8":"product_cat-kits-fr","9":"product_cat-debutant-plus","11":"first","12":"instock","13":"taxable","14":"shipping-taxable","15":"purchasable","16":"product-type-variable","17":"has-default-attributes"},"aioseo_notices":[],"_links":{"self":[{"href":"https:\/\/www.thesnuglies.com\/fr\/wp-json\/wp\/v2\/product\/33097","targetHints":{"allow":["GET"]}}],"collection":[{"href":"https:\/\/www.thesnuglies.com\/fr\/wp-json\/wp\/v2\/product"}],"about":[{"href":"https:\/\/www.thesnuglies.com\/fr\/wp-json\/wp\/v2\/types\/product"}],"replies":[{"embeddable":true,"href":"https:\/\/www.thesnuglies.com\/fr\/wp-json\/wp\/v2\/comments?post=33097"}],"version-history":[{"count":1,"href":"https:\/\/www.thesnuglies.com\/fr\/wp-json\/wp\/v2\/product\/33097\/revisions"}],"predecessor-version":[{"id":33180,"href":"https:\/\/www.thesnuglies.com\/fr\/wp-json\/wp\/v2\/product\/33097\/revisions\/33180"}],"wp:featuredmedia":[{"embeddable":true,"href":"https:\/\/www.thesnuglies.com\/fr\/wp-json\/wp\/v2\/media\/33098"}],"wp:attachment":[{"href":"https:\/\/www.thesnuglies.com\/fr\/wp-json\/wp\/v2\/media?parent=33097"}],"wp:term":[{"taxonomy":"product_brand","embeddable":true,"href":"https:\/\/www.thesnuglies.com\/fr\/wp-json\/wp\/v2\/product_brand?post=33097"},{"taxonomy":"product_cat","embeddable":true,"href":"https:\/\/www.thesnuglies.com\/fr\/wp-json\/wp\/v2\/product_cat?post=33097"},{"taxonomy":"product_tag","embeddable":true,"href":"https:\/\/www.thesnuglies.com\/fr\/wp-json\/wp\/v2\/product_tag?post=33097"},{"taxonomy":"giftcard-category","embeddable":true,"href":"https:\/\/www.thesnuglies.com\/fr\/wp-json\/wp\/v2\/giftcard-category?post=33097"}],"curies":[{"name":"wp","href":"https:\/\/api.w.org\/{rel}","templated":true}]}}