{"id":33079,"date":"2023-05-10T17:12:52","date_gmt":"2023-05-10T15:12:52","guid":{"rendered":"https:\/\/www.thesnuglies.com\/tienda\/uncategorized\/pack-animales-del-bosque\/"},"modified":"2024-08-05T15:14:46","modified_gmt":"2024-08-05T13:14:46","slug":"pack-animaux-de-la-foret","status":"publish","type":"product","link":"https:\/\/www.thesnuglies.com\/fr\/tienda\/lots\/packs-debutant\/pack-animaux-de-la-foret\/","title":{"rendered":"Pack animaux de la for\u00eat"},"content":{"rendered":"<p>Max le renard et Pedro l&rsquo;ours sont les meilleurs amis de la for\u00eat. Ensemble, ils passent leurs journ\u00e9es \u00e0 explorer et \u00e0 jouer dans la nature. Parfois, ils se mettent dans le p\u00e9trin, comme lorsque Max essaie de voler les fruits et les noix du jardin du voisin et que Pedro doit intervenir. Mais en g\u00e9n\u00e9ral, ils forment un duo ins\u00e9parable qui s&rsquo;amuse toujours.<\/p>\n<p>Les autres animaux de la for\u00eat les consid\u00e8rent comme les amis les plus dr\u00f4les et les plus aventureux que vous puissiez trouver, et si vous en avez besoin, ils se trouvent probablement \u00e0 leur endroit pr\u00e9f\u00e9r\u00e9, sous le grand ch\u00eane pr\u00e8s de la rivi\u00e8re.<\/p>\n<p><strong>Ce que comprend ce kit :<\/strong><\/p>\n<ul>\n<li><a href=\"https:\/\/www.thesnuglies.com\/fr\/tienda\/kits-fr\/debutant\/kit-de-crochet-ours-pedro\/\"><u>1 Kit de crochet ours Pedro avec crochet.<\/u><\/a><\/li>\n<li><a href=\"https:\/\/www.thesnuglies.com\/fr\/tienda\/kits-fr\/debutant\/kit-de-crochet-max-le-renard\/\"><u>1 Kit de crochet renard Max avec crochet.<\/u><\/a><\/li>\n<\/ul>\n<p><strong>Niveau de comp\u00e9tence :<\/strong> D\u00e9butant, recommand\u00e9 pour les 12 ans et plus.<\/p>\n<p><strong>\u00cates-vous droitier ou gaucher ?<\/strong> Nous vous avons couvert. Nos kits de crochet pour d\u00e9butants conviennent aux droitiers et aux gauchers, et tous les tutoriels de crochet de nos Snuglies ont des versions pour droitiers et gauchers.<\/p>\n<p><strong>Taille :<\/strong> Environ 10 cm de hauteur. Comme il s&rsquo;agit d&rsquo;un article fait \u00e0 la main, la taille exacte d\u00e9pendra de votre mani\u00e8re de crocheter et de la tension appliqu\u00e9e aux points.<\/p>\n","protected":false},"excerpt":{"rendered":"<p>Max le renard et Pedro l&rsquo;ours sont les meilleurs amis de la for\u00eat. Ensemble, ils passent leurs journ\u00e9es \u00e0 explorer et \u00e0 jouer dans la nature. Parfois, ils se mettent dans le p\u00e9trin, comme lorsque Max essaie de voler les fruits et les noix du jardin du voisin et que Pedro doit intervenir. Mais en g\u00e9n\u00e9ral, ils forment un duo ins\u00e9parable qui s&rsquo;amuse toujours.<\/p>\n<p>Les autres animaux de la for\u00eat les consid\u00e8rent comme les amis les plus dr\u00f4les et les plus aventureux que vous puissiez trouver, et si vous en avez besoin, ils se trouvent probablement \u00e0 leur endroit pr\u00e9f\u00e9r\u00e9, sous le grand ch\u00eane pr\u00e8s de la rivi\u00e8re.<\/p>\n<p><strong>Ce que comprend ce kit :<\/strong><\/p>\n<ul>\n<li><a href=\"https:\/\/www.thesnuglies.com\/fr\/tienda\/kits-fr\/debutant\/kit-de-crochet-ours-pedro\/\"><u>1 Kit de crochet ours Pedro avec crochet.<\/u><\/a><\/li>\n<li><a href=\"https:\/\/www.thesnuglies.com\/fr\/tienda\/kits-fr\/debutant\/kit-de-crochet-max-le-renard\/\"><u>1 Kit de crochet renard Max avec crochet.<\/u><\/a><\/li>\n<\/ul>\n<p><strong>Niveau de comp\u00e9tence :<\/strong> D\u00e9butant, recommand\u00e9 pour les 12 ans et plus.<\/p>\n<p><strong>\u00cates-vous droitier ou gaucher ?<\/strong> Nous vous avons couvert. Nos kits de crochet pour d\u00e9butants conviennent aux droitiers et aux gauchers, et tous les tutoriels de crochet de nos Snuglies ont des versions pour droitiers et gauchers.<\/p>\n<p><strong>Taille :<\/strong> Environ 10 cm de hauteur. Comme il s&rsquo;agit d&rsquo;un article fait \u00e0 la main, la taille exacte d\u00e9pendra de votre mani\u00e8re de crocheter et de la tension appliqu\u00e9e aux points.<\/p>\n","protected":false},"featured_media":33080,"comment_status":"open","ping_status":"closed","template":"","meta":[],"product_brand":[285],"product_cat":[599,600],"product_tag":[],"giftcard-category":[],"class_list":{"0":"post-33079","1":"product","2":"type-product","3":"status-publish","4":"has-post-thumbnail","6":"product_brand-the-snuglies","7":"product_gender-unisex","8":"product_cat-lots","9":"product_cat-packs-debutant","11":"first","12":"instock","13":"taxable","14":"shipping-taxable","15":"purchasable","16":"product-type-simple"},"aioseo_notices":[],"_links":{"self":[{"href":"https:\/\/www.thesnuglies.com\/fr\/wp-json\/wp\/v2\/product\/33079","targetHints":{"allow":["GET"]}}],"collection":[{"href":"https:\/\/www.thesnuglies.com\/fr\/wp-json\/wp\/v2\/product"}],"about":[{"href":"https:\/\/www.thesnuglies.com\/fr\/wp-json\/wp\/v2\/types\/product"}],"replies":[{"embeddable":true,"href":"https:\/\/www.thesnuglies.com\/fr\/wp-json\/wp\/v2\/comments?post=33079"}],"version-history":[{"count":4,"href":"https:\/\/www.thesnuglies.com\/fr\/wp-json\/wp\/v2\/product\/33079\/revisions"}],"predecessor-version":[{"id":33192,"href":"https:\/\/www.thesnuglies.com\/fr\/wp-json\/wp\/v2\/product\/33079\/revisions\/33192"}],"wp:featuredmedia":[{"embeddable":true,"href":"https:\/\/www.thesnuglies.com\/fr\/wp-json\/wp\/v2\/media\/33080"}],"wp:attachment":[{"href":"https:\/\/www.thesnuglies.com\/fr\/wp-json\/wp\/v2\/media?parent=33079"}],"wp:term":[{"taxonomy":"product_brand","embeddable":true,"href":"https:\/\/www.thesnuglies.com\/fr\/wp-json\/wp\/v2\/product_brand?post=33079"},{"taxonomy":"product_cat","embeddable":true,"href":"https:\/\/www.thesnuglies.com\/fr\/wp-json\/wp\/v2\/product_cat?post=33079"},{"taxonomy":"product_tag","embeddable":true,"href":"https:\/\/www.thesnuglies.com\/fr\/wp-json\/wp\/v2\/product_tag?post=33079"},{"taxonomy":"giftcard-category","embeddable":true,"href":"https:\/\/www.thesnuglies.com\/fr\/wp-json\/wp\/v2\/giftcard-category?post=33079"}],"curies":[{"name":"wp","href":"https:\/\/api.w.org\/{rel}","templated":true}]}}