{"id":33067,"date":"2023-05-10T14:54:21","date_gmt":"2023-05-10T12:54:21","guid":{"rendered":"https:\/\/www.thesnuglies.com\/tienda\/uncategorized\/crea-tu-propio-bundle\/"},"modified":"2024-08-05T15:58:46","modified_gmt":"2024-08-05T13:58:46","slug":"creez-votre-propre-pack","status":"publish","type":"product","link":"https:\/\/www.thesnuglies.com\/fr\/tienda\/lots\/packs-debutant\/creez-votre-propre-pack\/","title":{"rendered":"Cr\u00e9ez votre propre pack"},"content":{"rendered":"<h2>85,00\u20ac<\/h2>\n<p>&nbsp;<\/p>\n<p>Choisissez 4 kits pour \u00e9conomiser sur votre achat et b\u00e9n\u00e9ficiez de la livraison gratuite sur votre commande! Tous les kits comprennent un crochet.<\/p>\n","protected":false},"excerpt":{"rendered":"<h2>85,00\u20ac<\/h2>\n<p>&nbsp;<\/p>\n<p>Choisissez 4 kits pour \u00e9conomiser sur votre achat et b\u00e9n\u00e9ficiez de la livraison gratuite sur votre commande! Tous les kits comprennent un crochet.<\/p>\n","protected":false},"featured_media":33068,"comment_status":"open","ping_status":"closed","template":"","meta":[],"product_brand":[285],"product_cat":[599,600],"product_tag":[],"giftcard-category":[],"class_list":{"0":"post-33067","1":"product","2":"type-product","3":"status-publish","4":"has-post-thumbnail","6":"product_brand-the-snuglies","7":"product_gender-unisex","8":"product_cat-lots","9":"product_cat-packs-debutant","11":"first","12":"instock","13":"taxable","14":"shipping-taxable","15":"purchasable","16":"product-type-box_product"},"aioseo_notices":[],"_links":{"self":[{"href":"https:\/\/www.thesnuglies.com\/fr\/wp-json\/wp\/v2\/product\/33067","targetHints":{"allow":["GET"]}}],"collection":[{"href":"https:\/\/www.thesnuglies.com\/fr\/wp-json\/wp\/v2\/product"}],"about":[{"href":"https:\/\/www.thesnuglies.com\/fr\/wp-json\/wp\/v2\/types\/product"}],"replies":[{"embeddable":true,"href":"https:\/\/www.thesnuglies.com\/fr\/wp-json\/wp\/v2\/comments?post=33067"}],"version-history":[{"count":2,"href":"https:\/\/www.thesnuglies.com\/fr\/wp-json\/wp\/v2\/product\/33067\/revisions"}],"predecessor-version":[{"id":33218,"href":"https:\/\/www.thesnuglies.com\/fr\/wp-json\/wp\/v2\/product\/33067\/revisions\/33218"}],"wp:featuredmedia":[{"embeddable":true,"href":"https:\/\/www.thesnuglies.com\/fr\/wp-json\/wp\/v2\/media\/33068"}],"wp:attachment":[{"href":"https:\/\/www.thesnuglies.com\/fr\/wp-json\/wp\/v2\/media?parent=33067"}],"wp:term":[{"taxonomy":"product_brand","embeddable":true,"href":"https:\/\/www.thesnuglies.com\/fr\/wp-json\/wp\/v2\/product_brand?post=33067"},{"taxonomy":"product_cat","embeddable":true,"href":"https:\/\/www.thesnuglies.com\/fr\/wp-json\/wp\/v2\/product_cat?post=33067"},{"taxonomy":"product_tag","embeddable":true,"href":"https:\/\/www.thesnuglies.com\/fr\/wp-json\/wp\/v2\/product_tag?post=33067"},{"taxonomy":"giftcard-category","embeddable":true,"href":"https:\/\/www.thesnuglies.com\/fr\/wp-json\/wp\/v2\/giftcard-category?post=33067"}],"curies":[{"name":"wp","href":"https:\/\/api.w.org\/{rel}","templated":true}]}}