{"id":33003,"date":"2023-04-05T10:57:24","date_gmt":"2023-04-05T08:57:24","guid":{"rendered":"https:\/\/www.thesnuglies.com\/tienda\/uncategorized\/kit-ganchillo-gallina-lola\/"},"modified":"2024-08-05T13:25:39","modified_gmt":"2024-08-05T11:25:39","slug":"kit-de-crochet-poule-lola","status":"publish","type":"product","link":"https:\/\/www.thesnuglies.com\/fr\/tienda\/kits-fr\/debutant\/kit-de-crochet-poule-lola\/","title":{"rendered":"Kit de crochet Poule Lola"},"content":{"rendered":"<p><strong>Rencontrez Lola la Poule<\/strong><\/p>\n<p>Si vous \u00eates fan d&rsquo;amigurumis et aimez les animaux de la ferme, ne manquez pas notre Kit Poule Lola. Ce kit est parfait pour les d\u00e9butants qui veulent apprendre \u00e0 crocheter tout en cr\u00e9ant une poule charmante. Avec nos instructions d\u00e9taill\u00e9es et notre support en ligne, vous aurez votre propre Lola en un rien de temps.<\/p>\n<p><strong>Puis-je vraiment apprendre \u00e0 crocheter avec ces kits ?<\/strong> Bien s\u00fbr ! Suivez les guides vid\u00e9o \u00e9tape par \u00e9tape inclus dans chaque kit pour apprendre \u00e0 crocheter. Les points que vous apprendrez sont les bases utilis\u00e9es dans tout ouvrage de crochet.<\/p>\n<p><strong>Ce que comprend ce kit :<\/strong><\/p>\n<ul>\n<li>Vid\u00e9os tutoriels \u00e9tape par \u00e9tape.<\/li>\n<li>La laine des couleurs correspondantes \u00e0 votre Snuglie, parfaite pour les d\u00e9butants.<\/li>\n<li>Aide illimit\u00e9e par e-mail, ainsi que des appels vid\u00e9o pendant les heures de bureau avec nos experts en cas de blocage.<\/li>\n<li>Yeux en plastique.<\/li>\n<li>Rembourrage.<\/li>\n<li>Aiguille \u00e0 laine.<\/li>\n<li>Marqueurs de points.<\/li>\n<li>Mod\u00e8le de crochet t\u00e9l\u00e9chargeable en PDF.<\/li>\n<li>Crochet ergonomique de 3 mm (co\u00fbt suppl\u00e9mentaire).<\/li>\n<\/ul>\n<p><strong>Niveau de comp\u00e9tence<\/strong> D\u00e9butant, recommand\u00e9 pour les 12 ans et plus.<\/p>\n<p><strong>\u00cates-vous droitier ou gaucher ?<\/strong> Nous vous avons couvert. Nos kits de crochet pour d\u00e9butants conviennent aux droitiers et aux gauchers, et tous les tutoriels de crochet de nos Snuglies ont des versions pour droitiers et gauchers.<\/p>\n<p><strong>Taille<\/strong> Environ 10 cm de hauteur. Comme il s&rsquo;agit d&rsquo;un article fait \u00e0 la main, la taille exacte d\u00e9pendra de votre mani\u00e8re de crocheter et de la tension appliqu\u00e9e aux points.<\/p>\n","protected":false},"excerpt":{"rendered":"<p><strong>Rencontrez Lola la Poule<\/strong><\/p>\n<p>Si vous \u00eates fan d&rsquo;amigurumis et aimez les animaux de la ferme, ne manquez pas notre Kit Poule Lola. Ce kit est parfait pour les d\u00e9butants qui veulent apprendre \u00e0 crocheter tout en cr\u00e9ant une poule charmante. Avec nos instructions d\u00e9taill\u00e9es et notre support en ligne, vous aurez votre propre Lola en un rien de temps.<\/p>\n<p><strong>Puis-je vraiment apprendre \u00e0 crocheter avec ces kits ?<\/strong> Bien s\u00fbr ! Suivez les guides vid\u00e9o \u00e9tape par \u00e9tape inclus dans chaque kit pour apprendre \u00e0 crocheter. Les points que vous apprendrez sont les bases utilis\u00e9es dans tout ouvrage de crochet.<\/p>\n<p><strong>Ce que comprend ce kit :<\/strong><\/p>\n<ul>\n<li>Vid\u00e9os tutoriels \u00e9tape par \u00e9tape.<\/li>\n<li>La laine des couleurs correspondantes \u00e0 votre Snuglie, parfaite pour les d\u00e9butants.<\/li>\n<li>Aide illimit\u00e9e par e-mail, ainsi que des appels vid\u00e9o pendant les heures de bureau avec nos experts en cas de blocage.<\/li>\n<li>Yeux en plastique.<\/li>\n<li>Rembourrage.<\/li>\n<li>Aiguille \u00e0 laine.<\/li>\n<li>Marqueurs de points.<\/li>\n<li>Mod\u00e8le de crochet t\u00e9l\u00e9chargeable en PDF.<\/li>\n<li>Crochet ergonomique de 3 mm (co\u00fbt suppl\u00e9mentaire).<\/li>\n<\/ul>\n<p><strong>Niveau de comp\u00e9tence<\/strong> D\u00e9butant, recommand\u00e9 pour les 12 ans et plus.<\/p>\n<p><strong>\u00cates-vous droitier ou gaucher ?<\/strong> Nous vous avons couvert. Nos kits de crochet pour d\u00e9butants conviennent aux droitiers et aux gauchers, et tous les tutoriels de crochet de nos Snuglies ont des versions pour droitiers et gauchers.<\/p>\n<p><strong>Taille<\/strong> Environ 10 cm de hauteur. Comme il s&rsquo;agit d&rsquo;un article fait \u00e0 la main, la taille exacte d\u00e9pendra de votre mani\u00e8re de crocheter et de la tension appliqu\u00e9e aux points.<\/p>\n","protected":false},"featured_media":33005,"comment_status":"open","ping_status":"closed","template":"","meta":[],"product_brand":[285],"product_cat":[595,598],"product_tag":[],"giftcard-category":[],"class_list":{"0":"post-33003","1":"product","2":"type-product","3":"status-publish","4":"has-post-thumbnail","6":"product_brand-the-snuglies","7":"product_gender-unisex","8":"product_cat-kits-fr","9":"product_cat-debutant","11":"first","12":"instock","13":"taxable","14":"shipping-taxable","15":"purchasable","16":"product-type-variable","17":"has-default-attributes"},"aioseo_notices":[],"_links":{"self":[{"href":"https:\/\/www.thesnuglies.com\/fr\/wp-json\/wp\/v2\/product\/33003","targetHints":{"allow":["GET"]}}],"collection":[{"href":"https:\/\/www.thesnuglies.com\/fr\/wp-json\/wp\/v2\/product"}],"about":[{"href":"https:\/\/www.thesnuglies.com\/fr\/wp-json\/wp\/v2\/types\/product"}],"replies":[{"embeddable":true,"href":"https:\/\/www.thesnuglies.com\/fr\/wp-json\/wp\/v2\/comments?post=33003"}],"version-history":[{"count":2,"href":"https:\/\/www.thesnuglies.com\/fr\/wp-json\/wp\/v2\/product\/33003\/revisions"}],"predecessor-version":[{"id":33149,"href":"https:\/\/www.thesnuglies.com\/fr\/wp-json\/wp\/v2\/product\/33003\/revisions\/33149"}],"wp:featuredmedia":[{"embeddable":true,"href":"https:\/\/www.thesnuglies.com\/fr\/wp-json\/wp\/v2\/media\/33005"}],"wp:attachment":[{"href":"https:\/\/www.thesnuglies.com\/fr\/wp-json\/wp\/v2\/media?parent=33003"}],"wp:term":[{"taxonomy":"product_brand","embeddable":true,"href":"https:\/\/www.thesnuglies.com\/fr\/wp-json\/wp\/v2\/product_brand?post=33003"},{"taxonomy":"product_cat","embeddable":true,"href":"https:\/\/www.thesnuglies.com\/fr\/wp-json\/wp\/v2\/product_cat?post=33003"},{"taxonomy":"product_tag","embeddable":true,"href":"https:\/\/www.thesnuglies.com\/fr\/wp-json\/wp\/v2\/product_tag?post=33003"},{"taxonomy":"giftcard-category","embeddable":true,"href":"https:\/\/www.thesnuglies.com\/fr\/wp-json\/wp\/v2\/giftcard-category?post=33003"}],"curies":[{"name":"wp","href":"https:\/\/api.w.org\/{rel}","templated":true}]}}