{"id":32963,"date":"2023-02-21T19:29:51","date_gmt":"2023-02-21T18:29:51","guid":{"rendered":"https:\/\/www.thesnuglies.com\/tienda\/uncategorized\/tarjeta-regalo\/"},"modified":"2024-08-11T18:35:59","modified_gmt":"2024-08-11T16:35:59","slug":"carte-cadeau","status":"publish","type":"product","link":"https:\/\/www.thesnuglies.com\/fr\/tienda\/lots\/packs-debutant\/carte-cadeau\/","title":{"rendered":"Carte cadeau"},"content":{"rendered":"<p>\u00bfQuieres regalar un Snuglie pero no sabes cu\u00e1l? \u00bfTienes que hacer un regalo de \u00faltima hora y no sabes el qu\u00e9? \u00a1Nuestras tarjetas regalo les encantar\u00e1n!<\/p>\n<p>Selecciona el importe de la tarjeta, rellena tus datos y los del destinatario y contin\u00faa el proceso como si fuese un pedido normal. Una vez completado, el destinatario recibir\u00e1 un email que contiene un c\u00f3digo \u00fanico. La persona a la que se lo env\u00edes como regalo deber\u00e1 introducir ese c\u00f3digo durante el proceso de pago de su pedido y el importe de la tarjeta regalo se restar\u00e1 del precio. \u00a1Venid a snugliear con nosotros!!<\/p>\n","protected":false},"excerpt":{"rendered":"<p>Vous voulez offrir un Snuglie mais vous ne savez pas lequel choisir ? Vous devez faire un cadeau de derni\u00e8re minute et vous ne savez pas quoi offrir? Nos cartes-cadeaux vont leur plaire!<\/p>\n<p>S\u00e9lectionnez le montant de la carte, remplissez vos informations et celles du destinataire, puis poursuivez le processus comme pour une commande normale. Une fois termin\u00e9, le destinataire recevra un email contenant un code unique. La personne \u00e0 qui vous envoyez ce cadeau devra entrer ce code lors du processus de paiement de sa commande, et le montant de la carte-cadeau sera d\u00e9duit du prix. Venez snuglier avec nous!<\/p>\n<p>&nbsp;<\/p>\n","protected":false},"featured_media":32964,"comment_status":"open","ping_status":"closed","template":"","meta":[],"product_brand":[285],"product_cat":[593,599,600,595,598,597,602,596],"product_tag":[],"giftcard-category":[],"class_list":{"0":"post-32963","1":"product","2":"type-product","3":"status-publish","4":"has-post-thumbnail","6":"product_brand-the-snuglies","7":"product_gender-unisex","8":"product_cat-accessoires","9":"product_cat-lots","10":"product_cat-packs-debutant","11":"product_cat-kits-fr","12":"product_cat-debutant","13":"product_cat-debutant-plus","14":"product_cat-intermediaire","15":"product_cat-avance","17":"first","18":"instock","19":"virtual","20":"taxable","21":"purchasable","22":"product-type-gift-card"},"aioseo_notices":[],"_links":{"self":[{"href":"https:\/\/www.thesnuglies.com\/fr\/wp-json\/wp\/v2\/product\/32963","targetHints":{"allow":["GET"]}}],"collection":[{"href":"https:\/\/www.thesnuglies.com\/fr\/wp-json\/wp\/v2\/product"}],"about":[{"href":"https:\/\/www.thesnuglies.com\/fr\/wp-json\/wp\/v2\/types\/product"}],"replies":[{"embeddable":true,"href":"https:\/\/www.thesnuglies.com\/fr\/wp-json\/wp\/v2\/comments?post=32963"}],"version-history":[{"count":3,"href":"https:\/\/www.thesnuglies.com\/fr\/wp-json\/wp\/v2\/product\/32963\/revisions"}],"predecessor-version":[{"id":33795,"href":"https:\/\/www.thesnuglies.com\/fr\/wp-json\/wp\/v2\/product\/32963\/revisions\/33795"}],"wp:featuredmedia":[{"embeddable":true,"href":"https:\/\/www.thesnuglies.com\/fr\/wp-json\/wp\/v2\/media\/32964"}],"wp:attachment":[{"href":"https:\/\/www.thesnuglies.com\/fr\/wp-json\/wp\/v2\/media?parent=32963"}],"wp:term":[{"taxonomy":"product_brand","embeddable":true,"href":"https:\/\/www.thesnuglies.com\/fr\/wp-json\/wp\/v2\/product_brand?post=32963"},{"taxonomy":"product_cat","embeddable":true,"href":"https:\/\/www.thesnuglies.com\/fr\/wp-json\/wp\/v2\/product_cat?post=32963"},{"taxonomy":"product_tag","embeddable":true,"href":"https:\/\/www.thesnuglies.com\/fr\/wp-json\/wp\/v2\/product_tag?post=32963"},{"taxonomy":"giftcard-category","embeddable":true,"href":"https:\/\/www.thesnuglies.com\/fr\/wp-json\/wp\/v2\/giftcard-category?post=32963"}],"curies":[{"name":"wp","href":"https:\/\/api.w.org\/{rel}","templated":true}]}}