{"id":33487,"date":"2023-02-26T15:27:22","date_gmt":"2023-02-26T14:27:22","guid":{"rendered":"https:\/\/www.thesnuglies.com\/talleres\/"},"modified":"2024-08-11T18:06:45","modified_gmt":"2024-08-11T16:06:45","slug":"ateliers","status":"publish","type":"page","link":"https:\/\/www.thesnuglies.com\/fr\/ateliers\/","title":{"rendered":"Ateliers"},"content":{"rendered":"\t\t<div data-elementor-type=\"wp-page\" data-elementor-id=\"33487\" class=\"elementor elementor-33487 elementor-21890\" data-elementor-post-type=\"page\">\n\t\t\t\t<div class=\"elementor-element elementor-element-7f9e935 e-con-full e-flex e-con e-parent\" data-id=\"7f9e935\" data-element_type=\"container\" data-settings=\"{&quot;background_background&quot;:&quot;classic&quot;}\">\n\t\t\t\t<div class=\"elementor-element elementor-element-8aeed6d elementor-widget-mobile__width-inherit elementor-widget elementor-widget-lynna_core_section_title\" data-id=\"8aeed6d\" data-element_type=\"widget\" data-widget_type=\"lynna_core_section_title.default\">\n\t\t\t\t<div class=\"elementor-widget-container\">\n\t\t\t\t\t<div class=\"qodef-shortcode qodef-m  qodef-section-title qodef-alignment--left \" >\n\t\t\t\t<h1 class=\"qodef-m-title\">\n\t\t\t\t\tAteliers en personne et en ligne\t\t\t<\/h1>\n\t\t\t<\/div>\n\t\t\t\t<\/div>\n\t\t\t\t<\/div>\n\t\t\t\t<\/div>\n\t\t\t\t<section class=\"elementor-section elementor-top-section elementor-element elementor-element-2a6d8509 elementor-section-full_width qodef-elementor-content-grid elementor-section-height-default elementor-section-height-default\" data-id=\"2a6d8509\" data-element_type=\"section\">\n\t\t\t\t\t\t<div class=\"elementor-container elementor-column-gap-default\">\n\t\t\t\t\t<div class=\"elementor-column elementor-col-50 elementor-top-column elementor-element elementor-element-2068f9d3\" data-id=\"2068f9d3\" data-element_type=\"column\">\n\t\t\t<div class=\"elementor-widget-wrap elementor-element-populated\">\n\t\t\t\t\t\t<div class=\"elementor-element elementor-element-08e7424 elementor-widget elementor-widget-heading\" data-id=\"08e7424\" data-element_type=\"widget\" data-widget_type=\"heading.default\">\n\t\t\t\t<div class=\"elementor-widget-container\">\n\t\t\t\t\t<h5 class=\"elementor-heading-title elementor-size-default\">Les ateliers<\/h5>\t\t\t\t<\/div>\n\t\t\t\t<\/div>\n\t\t\t\t<div class=\"elementor-element elementor-element-c26f058 elementor-widget elementor-widget-text-editor\" data-id=\"c26f058\" data-element_type=\"widget\" data-widget_type=\"text-editor.default\">\n\t\t\t\t<div class=\"elementor-widget-container\">\n\t\t\t\t\t\t\t\t\t<p>Apprenez \u00e0 tricoter avec votre \u00e9quipe, vos amis ou votre famille ! Vous n&rsquo;\u00eates pas oblig\u00e9 de quitter le confort de votre maison : tous les ateliers Snuglies se d\u00e9roulent via Zoom ou votre logiciel de visioconf\u00e9rence pr\u00e9f\u00e9r\u00e9. R\u00e9unissez des tricoteuses en herbe pour apprendre le crochet et cr\u00e9er de merveilleux amigurumi dans un environnement amusant et s\u00e9curitaire.<\/p><p>Durant cet atelier d\u00e9butant d&rsquo;1 heure, vous apprendrez \u00e0 tricoter le <span style=\"text-decoration: underline;\"><a href=\"\/kits\/\">kit d\u00e9butant<\/a><\/span> Les Snuglies que vous choisissez. A la fin de l&rsquo;atelier, vous aurez appris \u00e0 :<\/p><ul><li>Tenez le fil et le crochet.<\/li><li>Identifiez et comptez les points.<\/li><li>Lisez un mod\u00e8le de crochet.<\/li><li>Tricotez l&rsquo;anneau magique, faites une maille serr\u00e9e, augmentez et diminuez la maille.<\/li><li>Faire un changement de couleur (dans le kit Zorro Max).<\/li><li>Fermer une t\u00e2che.<\/li><li>Utilisez un marqueur \u00e0 points.<\/li><\/ul>\t\t\t\t\t\t\t\t<\/div>\n\t\t\t\t<\/div>\n\t\t\t\t<div class=\"elementor-element elementor-element-edf53b5 elementor-widget elementor-widget-heading\" data-id=\"edf53b5\" data-element_type=\"widget\" data-widget_type=\"heading.default\">\n\t\t\t\t<div class=\"elementor-widget-container\">\n\t\t\t\t\t<h5 class=\"elementor-heading-title elementor-size-default\">Que comprend l'atelier en personne ?<\/h5>\t\t\t\t<\/div>\n\t\t\t\t<\/div>\n\t\t\t\t<div class=\"elementor-element elementor-element-b1a6bb9 elementor-widget elementor-widget-text-editor\" data-id=\"b1a6bb9\" data-element_type=\"widget\" data-widget_type=\"text-editor.default\">\n\t\t\t\t<div class=\"elementor-widget-container\">\n\t\t\t\t\t\t\t\t\t<ul>\n \t<li><strong>1 heure de cours :<\/strong> pour 250\u00a0\u20ac* + <span style=\"text-decoration: underline;\"><a href=\"\/fr\/kits\/\">le co\u00fbt des kit<\/a><\/span> nous aborderons les concepts de base du crochet et les techniques que vous devez conna\u00eetre pour tricoter vos premiers points.<\/li>\n \t<li><strong>Attention personnalis\u00e9e<\/strong>\u00a0: les cours sont pour 20\u00a0personnes maximum (si le groupe est plus grand, ne vous inqui\u00e9tez pas, \u00e9crivez-nous, nous sommes s\u00fbrs que nous pouvons faire quelque chose!).<\/li>\n \t<li><strong>Ma\u00eetrise 100\u00a0% garantie<\/strong>\u00a0: si vous n&rsquo;\u00eates pas s\u00fbr \u00e0 100\u00a0% de vos comp\u00e9tences en crochet apr\u00e8s ce cours, votre instructeur travaillera avec vous apr\u00e8s le cours pour s&rsquo;assurer que vous y parvenez \ud83d\udcaa<\/li>\n<\/ul>\n<em>*Prix atelier hors TVA<\/em>.\t\t\t\t\t\t\t\t<\/div>\n\t\t\t\t<\/div>\n\t\t\t\t<div class=\"elementor-element elementor-element-350b6dd elementor-widget elementor-widget-heading\" data-id=\"350b6dd\" data-element_type=\"widget\" data-widget_type=\"heading.default\">\n\t\t\t\t<div class=\"elementor-widget-container\">\n\t\t\t\t\t<h5 class=\"elementor-heading-title elementor-size-default\">Que comprend l'atelier en ligne?<\/h5>\t\t\t\t<\/div>\n\t\t\t\t<\/div>\n\t\t\t\t<div class=\"elementor-element elementor-element-b157943 elementor-widget elementor-widget-text-editor\" data-id=\"b157943\" data-element_type=\"widget\" data-widget_type=\"text-editor.default\">\n\t\t\t\t<div class=\"elementor-widget-container\">\n\t\t\t\t\t\t\t\t\t<ul><li><strong>Cours d&rsquo;une heure\u00a0:<\/strong>\u00a0pour 49\u00a0\u20ac par personne<span style=\"text-decoration: underline;\">,<\/span> nous aborderons les bases du crochet et les techniques dont vous avez besoin pour savoir tricoter vos premiers points (comprend le kit, l&rsquo;exp\u00e9dition et le cours).<\/li><li><strong>Attention personnalis\u00e9e<\/strong>\u00a0: les cours en ligne comptent un maximum de 10\u00a0personnes (si le groupe est plus grand, ne vous inqui\u00e9tez pas, \u00e9crivez-nous, nous sommes s\u00fbrs que nous pouvons faire quelque chose\u00a0!). li&gt;<\/li><li><strong>Ma\u00eetrise garantie \u00e0 100\u00a0%<\/strong> &#8211; Si vous n&rsquo;\u00eates pas s\u00fbr \u00e0 100\u00a0% de vos comp\u00e9tences en crochet apr\u00e8s ce cours, votre instructeur travaillera avec vous apr\u00e8s le cours pour s&rsquo;assurer que vous l&rsquo;obtenez <img decoding=\"async\" class=\" emoji\" role=\"img\" draggable=\"false\" src=\"https:\/\/s.w.org\/images\/core\/emoji\/15.0.3\/svg\/1f4aa.svg\" alt=\"\ud83d\udcaa\" \/><\/li><\/ul><p><em>*Prix atelier hors TVA<\/em>.<\/p>\t\t\t\t\t\t\t\t<\/div>\n\t\t\t\t<\/div>\n\t\t\t\t<div class=\"elementor-element elementor-element-6b6e622 elementor-widget elementor-widget-text-editor\" data-id=\"6b6e622\" data-element_type=\"widget\" data-widget_type=\"text-editor.default\">\n\t\t\t\t<div class=\"elementor-widget-container\">\n\t\t\t\t\t\t\t\t\t<p><span style=\"text-decoration: underline;\">Vous souhaitez faire une r\u00e9servation ? \u00c9crivez-nous \u00e0workshop@www.thesnuglies.com<\/span>.<\/p>\t\t\t\t\t\t\t\t<\/div>\n\t\t\t\t<\/div>\n\t\t\t\t<div class=\"elementor-element elementor-element-64c3940 ts-reservar-workshop elementor-widget elementor-widget-qi_addons_for_elementor_button\" data-id=\"64c3940\" data-element_type=\"widget\" data-widget_type=\"qi_addons_for_elementor_button.default\">\n\t\t\t\t<div class=\"elementor-widget-container\">\n\t\t\t\t\t<a class=\"qodef-shortcode qodef-m qodef-qi-button qodef-html--link qodef-layout--filled qodef-type--standard qodef-icon--right qodef-hover--icon-move-horizontal-short\" href=\"mailto:workshop@www.thesnuglies.com\" target=\"_self\">\n\t<span class=\"qodef-m-text\">r\u00e9server un atelier<\/span>\n\t\t<span class=\"qodef-m-icon\">\n\t\t<span class=\"qodef-m-icon-inner\">\n\t\t\t<svg xmlns=\"http:\/\/www.w3.org\/2000\/svg\" xmlns:xlink=\"http:\/\/www.w3.org\/1999\/xlink\" x=\"0px\" y=\"0px\" width=\"19px\" height=\"11px\" viewBox=\"0 0 19 11\" xml:space=\"preserve\" style=\"stroke: transparent;\"><path d=\"M18.758,5.401c-1.247-2.319-5.649-5.158-5.835-5.278c-0.361-0.231-0.841-0.128-1.074,0.232  c-0.232,0.359-0.128,0.839,0.233,1.07c0.912,0.585,3.061,2.106,4.395,3.521c-2.135,0.27-4.472,0.259-7.147-0.058  C5.647,4.453,0.911,4.844,0.711,4.861C0.284,4.897-0.033,5.272,0.002,5.698c0.037,0.426,0.406,0.741,0.84,0.707  c0.048-0.003,4.78-0.396,8.302,0.022c1.504,0.179,2.914,0.268,4.247,0.268c1.344,0,2.611-0.091,3.819-0.273  c0.085-0.012,0.16-0.047,0.232-0.084c0.002,0.064-0.01,0.13-0.039,0.207c-0.378,1.013-2.829,2.34-4.447,2.958  c-0.401,0.153-0.602,0.601-0.448,1C12.628,10.811,12.923,11,13.235,11c0.092,0,0.186-0.017,0.277-0.051  c0.466-0.178,4.575-1.796,5.348-3.863C19.076,6.51,19.041,5.928,18.758,5.401z\"><\/path><\/svg>\t\t\t\t\t<\/span>\n\t<\/span>\n<\/a>\n\t\t\t\t<\/div>\n\t\t\t\t<\/div>\n\t\t\t\t\t<\/div>\n\t\t<\/div>\n\t\t\t\t<div class=\"elementor-column elementor-col-50 elementor-top-column elementor-element elementor-element-77743c4c\" data-id=\"77743c4c\" data-element_type=\"column\">\n\t\t\t<div class=\"elementor-widget-wrap elementor-element-populated\">\n\t\t\t\t\t\t<div class=\"elementor-element elementor-element-12a1b0e elementor-widget elementor-widget-heading\" data-id=\"12a1b0e\" data-element_type=\"widget\" data-widget_type=\"heading.default\">\n\t\t\t\t<div class=\"elementor-widget-container\">\n\t\t\t\t\t<h5 class=\"elementor-heading-title elementor-size-default\">Ce que disent les participants pr\u00e9c\u00e9dents<\/h5>\t\t\t\t<\/div>\n\t\t\t\t<\/div>\n\t\t\t\t<div class=\"elementor-element elementor-element-ef865d8 elementor-widget elementor-widget-text-editor\" data-id=\"ef865d8\" data-element_type=\"widget\" data-widget_type=\"text-editor.default\">\n\t\t\t\t<div class=\"elementor-widget-container\">\n\t\t\t\t\t\t\t\t\t<p><em>\u00ab\u00a0Le cours \u00e9tait super et le professeur \u00e9tait tr\u00e8s gentil et savait tr\u00e8s bien tricoter. Le kit qu&rsquo;ils nous ont envoy\u00e9 \u00e9tait tr\u00e8s complet et m&rsquo;a fait sentir que je pouvais cr\u00e9er avec mes mains quelque chose dont je peux \u00eatre fier. Je j&rsquo;ai vraiment appr\u00e9ci\u00e9 ce cours\u00a0\u00bb. -Elena<\/em><\/p><p>\u00a0<\/p><p><em>\u00ab\u00a0Merci, c&rsquo;\u00e9tait tr\u00e8s amusant et je veux apprendre \u00e0 mieux tricoter\u00a0\u00bb &#8211; Lola<\/em><\/p><p>\u00a0<\/p><p><em>\u00ab\u00a0Le cours \u00e9tait facile et amusant\u00a0!<\/em><em> J&rsquo;avais d\u00e9j\u00e0 essay\u00e9 d&rsquo;apprendre le crochet par moi-m\u00eame et je n&rsquo;arrivais pas \u00e0 le comprendre. Ils m&rsquo;ont appris \u00e0 compter mes mailles et nous avons corrig\u00e9 mes erreurs, et maintenant j&rsquo;ai tricot\u00e9 un amigurumi super mignon \u00a0\u00bb &#8211; Luciana<\/em><\/p><p>\u00a0<\/p><p><em>\u00ab\u00a0Le cours de crochet Snuglies \u00e9tait fantastique\u00a0! J&rsquo;ai essay\u00e9 d&rsquo;apprendre le crochet en regardant des vid\u00e9os YouTube mais je n&rsquo;arrivais pas \u00e0 comprendre. Ils ont rendu les choses faciles et amusantes en cours\u00a0! J&rsquo;ai pu comprendre exactement comment le crochet ouvrages et les diff\u00e9rents points que nous avons crochet\u00e9s \u00ab\u00a0La prof a \u00e9t\u00e9 extr\u00eamement patiente et a pris le temps de r\u00e9pondre \u00e0 toutes mes questions. Ses connaissances ont rendu l&rsquo;apprentissage du tricot beaucoup plus facile\u00a0\u00bb &#8211; Sara<\/em><\/p>\t\t\t\t\t\t\t\t<\/div>\n\t\t\t\t<\/div>\n\t\t\t\t<div class=\"elementor-element elementor-element-29b6b97 ts-reservar-workshop elementor-hidden-desktop elementor-hidden-tablet elementor-widget elementor-widget-qi_addons_for_elementor_button\" data-id=\"29b6b97\" data-element_type=\"widget\" data-widget_type=\"qi_addons_for_elementor_button.default\">\n\t\t\t\t<div class=\"elementor-widget-container\">\n\t\t\t\t\t<a class=\"qodef-shortcode qodef-m qodef-qi-button qodef-html--link qodef-layout--filled qodef-type--standard qodef-icon--right qodef-hover--icon-move-horizontal-short\" href=\"mailto:workshop@www.thesnuglies.com\" target=\"_self\">\n\t<span class=\"qodef-m-text\">r\u00e9server un atelier<\/span>\n\t\t<span class=\"qodef-m-icon\">\n\t\t<span class=\"qodef-m-icon-inner\">\n\t\t\t<svg xmlns=\"http:\/\/www.w3.org\/2000\/svg\" xmlns:xlink=\"http:\/\/www.w3.org\/1999\/xlink\" x=\"0px\" y=\"0px\" width=\"19px\" height=\"11px\" viewBox=\"0 0 19 11\" xml:space=\"preserve\" style=\"stroke: transparent;\"><path d=\"M18.758,5.401c-1.247-2.319-5.649-5.158-5.835-5.278c-0.361-0.231-0.841-0.128-1.074,0.232  c-0.232,0.359-0.128,0.839,0.233,1.07c0.912,0.585,3.061,2.106,4.395,3.521c-2.135,0.27-4.472,0.259-7.147-0.058  C5.647,4.453,0.911,4.844,0.711,4.861C0.284,4.897-0.033,5.272,0.002,5.698c0.037,0.426,0.406,0.741,0.84,0.707  c0.048-0.003,4.78-0.396,8.302,0.022c1.504,0.179,2.914,0.268,4.247,0.268c1.344,0,2.611-0.091,3.819-0.273  c0.085-0.012,0.16-0.047,0.232-0.084c0.002,0.064-0.01,0.13-0.039,0.207c-0.378,1.013-2.829,2.34-4.447,2.958  c-0.401,0.153-0.602,0.601-0.448,1C12.628,10.811,12.923,11,13.235,11c0.092,0,0.186-0.017,0.277-0.051  c0.466-0.178,4.575-1.796,5.348-3.863C19.076,6.51,19.041,5.928,18.758,5.401z\"><\/path><\/svg>\t\t\t\t\t<\/span>\n\t<\/span>\n<\/a>\n\t\t\t\t<\/div>\n\t\t\t\t<\/div>\n\t\t\t\t\t<\/div>\n\t\t<\/div>\n\t\t\t\t\t<\/div>\n\t\t<\/section>\n\t\t\t\t<\/div>\n\t\t","protected":false},"excerpt":{"rendered":"<p>Ateliers en personne et en ligne Les ateliers Apprenez \u00e0 tricoter avec votre \u00e9quipe, vos amis ou votre famille ! Vous n&rsquo;\u00eates pas oblig\u00e9 de quitter le confort de votre maison : tous les ateliers Snuglies se d\u00e9roulent via Zoom ou votre logiciel de visioconf\u00e9rence pr\u00e9f\u00e9r\u00e9. R\u00e9unissez des tricoteuses en herbe pour apprendre le crochet [&hellip;]<\/p>\n","protected":false},"author":1,"featured_media":0,"parent":0,"menu_order":0,"comment_status":"closed","ping_status":"closed","template":"page-full-width.php","meta":{"footnotes":""},"class_list":["post-33487","page","type-page","status-publish","hentry"],"aioseo_notices":[],"_links":{"self":[{"href":"https:\/\/www.thesnuglies.com\/fr\/wp-json\/wp\/v2\/pages\/33487","targetHints":{"allow":["GET"]}}],"collection":[{"href":"https:\/\/www.thesnuglies.com\/fr\/wp-json\/wp\/v2\/pages"}],"about":[{"href":"https:\/\/www.thesnuglies.com\/fr\/wp-json\/wp\/v2\/types\/page"}],"author":[{"embeddable":true,"href":"https:\/\/www.thesnuglies.com\/fr\/wp-json\/wp\/v2\/users\/1"}],"replies":[{"embeddable":true,"href":"https:\/\/www.thesnuglies.com\/fr\/wp-json\/wp\/v2\/comments?post=33487"}],"version-history":[{"count":13,"href":"https:\/\/www.thesnuglies.com\/fr\/wp-json\/wp\/v2\/pages\/33487\/revisions"}],"predecessor-version":[{"id":33773,"href":"https:\/\/www.thesnuglies.com\/fr\/wp-json\/wp\/v2\/pages\/33487\/revisions\/33773"}],"wp:attachment":[{"href":"https:\/\/www.thesnuglies.com\/fr\/wp-json\/wp\/v2\/media?parent=33487"}],"curies":[{"name":"wp","href":"https:\/\/api.w.org\/{rel}","templated":true}]}}