{"id":32560,"date":"2023-02-26T15:27:12","date_gmt":"2023-02-26T14:27:12","guid":{"rendered":"https:\/\/www.thesnuglies.com\/wholesale\/"},"modified":"2024-08-04T18:54:44","modified_gmt":"2024-08-04T16:54:44","slug":"vente-en-gros","status":"publish","type":"page","link":"https:\/\/www.thesnuglies.com\/fr\/vente-en-gros\/","title":{"rendered":"Vente en gros"},"content":{"rendered":"\t\t<div data-elementor-type=\"wp-page\" data-elementor-id=\"32560\" class=\"elementor elementor-32560 elementor-21889\" data-elementor-post-type=\"page\">\n\t\t\t\t<div class=\"elementor-element elementor-element-6db9106 e-con-full e-flex e-con e-parent\" data-id=\"6db9106\" data-element_type=\"container\" data-settings=\"{&quot;background_background&quot;:&quot;classic&quot;}\">\n\t\t\t\t<div class=\"elementor-element elementor-element-bb52d17 elementor-widget-mobile__width-inherit elementor-widget elementor-widget-lynna_core_section_title\" data-id=\"bb52d17\" data-element_type=\"widget\" data-widget_type=\"lynna_core_section_title.default\">\n\t\t\t\t<div class=\"elementor-widget-container\">\n\t\t\t\t\t<div class=\"qodef-shortcode qodef-m  qodef-section-title qodef-alignment--center \" >\n\t\t\t\t<h1 class=\"qodef-m-title\">\n\t\t\t\t\tVente en gros\t\t\t<\/h1>\n\t\t\t<\/div>\n\t\t\t\t<\/div>\n\t\t\t\t<\/div>\n\t\t\t\t<\/div>\n\t\t<div class=\"elementor-element elementor-element-2448bf6 e-con-full qodef-elementor-content-grid e-flex e-con e-parent\" data-id=\"2448bf6\" data-element_type=\"container\">\n\t\t<div class=\"elementor-element elementor-element-c06c945 e-con-full e-flex e-con e-child\" data-id=\"c06c945\" data-element_type=\"container\">\n\t\t\t\t<div class=\"elementor-element elementor-element-57e4dd8 elementor-widget elementor-widget-image\" data-id=\"57e4dd8\" data-element_type=\"widget\" data-widget_type=\"image.default\">\n\t\t\t\t<div class=\"elementor-widget-container\">\n\t\t\t\t\t\t\t\t\t\t\t\t\t\t\t<img fetchpriority=\"high\" decoding=\"async\" width=\"2048\" height=\"2048\" src=\"https:\/\/www.thesnuglies.com\/wp-content\/uploads\/2024\/07\/WhatsApp-Image-2024-06-16-at-14.46.38.jpeg\" class=\"attachment-full size-full wp-image-30357\" alt=\"\" srcset=\"https:\/\/www.thesnuglies.com\/wp-content\/uploads\/2024\/07\/WhatsApp-Image-2024-06-16-at-14.46.38.jpeg 2048w, https:\/\/www.thesnuglies.com\/wp-content\/uploads\/2024\/07\/WhatsApp-Image-2024-06-16-at-14.46.38-300x300.jpeg 300w, https:\/\/www.thesnuglies.com\/wp-content\/uploads\/2024\/07\/WhatsApp-Image-2024-06-16-at-14.46.38-1024x1024.jpeg 1024w, https:\/\/www.thesnuglies.com\/wp-content\/uploads\/2024\/07\/WhatsApp-Image-2024-06-16-at-14.46.38-150x150.jpeg 150w, https:\/\/www.thesnuglies.com\/wp-content\/uploads\/2024\/07\/WhatsApp-Image-2024-06-16-at-14.46.38-768x768.jpeg 768w, https:\/\/www.thesnuglies.com\/wp-content\/uploads\/2024\/07\/WhatsApp-Image-2024-06-16-at-14.46.38-1536x1536.jpeg 1536w, https:\/\/www.thesnuglies.com\/wp-content\/uploads\/2024\/07\/WhatsApp-Image-2024-06-16-at-14.46.38-700x700.jpeg 700w, https:\/\/www.thesnuglies.com\/wp-content\/uploads\/2024\/07\/WhatsApp-Image-2024-06-16-at-14.46.38-650x650.jpeg 650w, https:\/\/www.thesnuglies.com\/wp-content\/uploads\/2024\/07\/WhatsApp-Image-2024-06-16-at-14.46.38-1300x1300.jpeg 1300w, https:\/\/www.thesnuglies.com\/wp-content\/uploads\/2024\/07\/WhatsApp-Image-2024-06-16-at-14.46.38-600x600.jpeg 600w, https:\/\/www.thesnuglies.com\/wp-content\/uploads\/2024\/07\/WhatsApp-Image-2024-06-16-at-14.46.38-100x100.jpeg 100w\" sizes=\"(max-width: 2048px) 100vw, 2048px\" \/>\t\t\t\t\t\t\t\t\t\t\t\t\t\t\t<\/div>\n\t\t\t\t<\/div>\n\t\t\t\t<\/div>\n\t\t<div class=\"elementor-element elementor-element-cb104f1 e-con-full e-flex e-con e-child\" data-id=\"cb104f1\" data-element_type=\"container\">\n\t\t\t\t<div class=\"elementor-element elementor-element-fc4961b elementor-widget elementor-widget-heading\" data-id=\"fc4961b\" data-element_type=\"widget\" data-widget_type=\"heading.default\">\n\t\t\t\t<div class=\"elementor-widget-container\">\n\t\t\t\t\t<h5 class=\"elementor-heading-title elementor-size-default\">\u00cates-vous heureux d'\u00eatre distributeur de nos produits\u00a0?<\/h5>\t\t\t\t<\/div>\n\t\t\t\t<\/div>\n\t\t\t\t<div class=\"elementor-element elementor-element-b25a2f0 elementor-widget elementor-widget-text-editor\" data-id=\"b25a2f0\" data-element_type=\"widget\" data-widget_type=\"text-editor.default\">\n\t\t\t\t<div class=\"elementor-widget-container\">\n\t\t\t\t\t\t\t\t\tLes kits pour les directeurs de The Snuglies seront l&rsquo;une des choses les plus int\u00e9ressantes dans vos installations\u00a0! Avec un fil sp\u00e9cial pour tejer a ganchillo, des tutoriels en vid\u00e9o paso a paso et un envoltorio divertido et colorido, ses excellents cadeaux pour les tejedores.\n\nIci, vous avez les raisons de choisir\u00a0: <ul> <li>Prix r\u00e9duits (promotion de 30\u00a0% \u00e0 40\u00a0% du prix conseill\u00e9 sur le prix conseill\u00e9).<\/li> <li>Processus de paiement et de fabrication simplifi\u00e9s.<\/li > <li>Acc\u00e8s \u00e0 des produits exclusifs et \u00e0 des \u00e9ditions limit\u00e9es.<\/li> <li>Env\u00edo r\u00e1pido.<\/li> <li>Toutes les informations sur nos produits sur notre site Web.<\/li> <li>Un \u00e9quipement d\u00e9di\u00e9 \u00e0 Aidez-vous \u00e0 compl\u00e9ter votre activit\u00e9.<\/li> <\/ul> Si vous avez une activit\u00e9 physique en ligne et que vous souhaitez distribuer nos produits, nous souhaitons en \u00eatre inform\u00e9s. \u00c9crivez un <span style=\"text-decoration: underline;\"><a href=\"mailto:wholesale@www.thesnuglies.com\">wholesale@www.thesnuglies.com<\/a><\/span> et nous y r\u00e9fl\u00e9chirons contacto contigo.\t\t\t\t\t\t\t\t<\/div>\n\t\t\t\t<\/div>\n\t\t\t\t<\/div>\n\t\t\t\t<\/div>\n\t\t<div class=\"elementor-element elementor-element-8621ae7 e-con-full qodef-elementor-content-grid e-flex e-con e-parent\" data-id=\"8621ae7\" data-element_type=\"container\">\n\t\t<div class=\"elementor-element elementor-element-a9b1af1 e-con-full e-flex e-con e-child\" data-id=\"a9b1af1\" data-element_type=\"container\">\n\t\t\t\t<div class=\"elementor-element elementor-element-b6530f7 elementor-widget elementor-widget-text-editor\" data-id=\"b6530f7\" data-element_type=\"widget\" data-widget_type=\"text-editor.default\">\n\t\t\t\t<div class=\"elementor-widget-container\">\n\t\t\t\t\t\t\t\t\tNe vous inqui\u00e9tez pas, nous avons un peu plus sur votre boutique, quel type de produits vendus ?, o\u00f9 se trouve-t-il ?. Proporci\u00f3nanos los siguientes datos\u00a0: <ul> <li>Nombre completo<\/li> <li>Correo electr\u00f3nico<\/li> <li>N\u00famero de tel\u00e9fono<\/li> <li>NIF<\/li> <li>Nombre de la entreprise<\/li> <li>Sitio web<\/li> <li>Direcci\u00f3n de facturaci\u00f3n<\/li> <li>Direcci\u00f3n de env\u00edo<\/li> <\/ul> Nous pouvons l&rsquo;enlacer sur votre web, facebook ou instagram. Incluso peut ajouter une photo suppl\u00e9mentaire pour que vous connaissiez mieux.\t\t\t\t\t\t\t\t<\/div>\n\t\t\t\t<\/div>\n\t\t\t\t<div class=\"elementor-element elementor-element-bbfe1e3 ts-reservar-workshop elementor-widget elementor-widget-qi_addons_for_elementor_button\" data-id=\"bbfe1e3\" data-element_type=\"widget\" data-widget_type=\"qi_addons_for_elementor_button.default\">\n\t\t\t\t<div class=\"elementor-widget-container\">\n\t\t\t\t\t<a class=\"qodef-shortcode qodef-m qodef-qi-button qodef-html--link qodef-layout--filled qodef-type--standard qodef-icon--right qodef-hover--icon-move-horizontal-short\" href=\"mailto:wholesale@www.thesnuglies.com\" target=\"_self\">\n\t<span class=\"qodef-m-text\">contactar con the snuglies<\/span>\n\t\t<span class=\"qodef-m-icon\">\n\t\t<span class=\"qodef-m-icon-inner\">\n\t\t\t<svg xmlns=\"http:\/\/www.w3.org\/2000\/svg\" xmlns:xlink=\"http:\/\/www.w3.org\/1999\/xlink\" x=\"0px\" y=\"0px\" width=\"19px\" height=\"11px\" viewBox=\"0 0 19 11\" xml:space=\"preserve\" style=\"stroke: transparent;\"><path d=\"M18.758,5.401c-1.247-2.319-5.649-5.158-5.835-5.278c-0.361-0.231-0.841-0.128-1.074,0.232  c-0.232,0.359-0.128,0.839,0.233,1.07c0.912,0.585,3.061,2.106,4.395,3.521c-2.135,0.27-4.472,0.259-7.147-0.058  C5.647,4.453,0.911,4.844,0.711,4.861C0.284,4.897-0.033,5.272,0.002,5.698c0.037,0.426,0.406,0.741,0.84,0.707  c0.048-0.003,4.78-0.396,8.302,0.022c1.504,0.179,2.914,0.268,4.247,0.268c1.344,0,2.611-0.091,3.819-0.273  c0.085-0.012,0.16-0.047,0.232-0.084c0.002,0.064-0.01,0.13-0.039,0.207c-0.378,1.013-2.829,2.34-4.447,2.958  c-0.401,0.153-0.602,0.601-0.448,1C12.628,10.811,12.923,11,13.235,11c0.092,0,0.186-0.017,0.277-0.051  c0.466-0.178,4.575-1.796,5.348-3.863C19.076,6.51,19.041,5.928,18.758,5.401z\"><\/path><\/svg>\t\t\t\t\t<\/span>\n\t<\/span>\n<\/a>\n\t\t\t\t<\/div>\n\t\t\t\t<\/div>\n\t\t\t\t<\/div>\n\t\t\t\t<\/div>\n\t\t\t\t<\/div>\n\t\t","protected":false},"excerpt":{"rendered":"<p>Vente en gros \u00cates-vous heureux d&rsquo;\u00eatre distributeur de nos produits\u00a0? Les kits pour les directeurs de The Snuglies seront l&rsquo;une des choses les plus int\u00e9ressantes dans vos installations\u00a0! Avec un fil sp\u00e9cial pour tejer a ganchillo, des tutoriels en vid\u00e9o paso a paso et un envoltorio divertido et colorido, ses excellents cadeaux pour les tejedores. [&hellip;]<\/p>\n","protected":false},"author":1,"featured_media":0,"parent":0,"menu_order":0,"comment_status":"closed","ping_status":"closed","template":"page-full-width.php","meta":{"footnotes":""},"class_list":["post-32560","page","type-page","status-publish","hentry"],"aioseo_notices":[],"_links":{"self":[{"href":"https:\/\/www.thesnuglies.com\/fr\/wp-json\/wp\/v2\/pages\/32560","targetHints":{"allow":["GET"]}}],"collection":[{"href":"https:\/\/www.thesnuglies.com\/fr\/wp-json\/wp\/v2\/pages"}],"about":[{"href":"https:\/\/www.thesnuglies.com\/fr\/wp-json\/wp\/v2\/types\/page"}],"author":[{"embeddable":true,"href":"https:\/\/www.thesnuglies.com\/fr\/wp-json\/wp\/v2\/users\/1"}],"replies":[{"embeddable":true,"href":"https:\/\/www.thesnuglies.com\/fr\/wp-json\/wp\/v2\/comments?post=32560"}],"version-history":[{"count":4,"href":"https:\/\/www.thesnuglies.com\/fr\/wp-json\/wp\/v2\/pages\/32560\/revisions"}],"predecessor-version":[{"id":32690,"href":"https:\/\/www.thesnuglies.com\/fr\/wp-json\/wp\/v2\/pages\/32560\/revisions\/32690"}],"wp:attachment":[{"href":"https:\/\/www.thesnuglies.com\/fr\/wp-json\/wp\/v2\/media?parent=32560"}],"curies":[{"name":"wp","href":"https:\/\/api.w.org\/{rel}","templated":true}]}}