{"id":32531,"date":"2024-07-28T14:24:25","date_gmt":"2024-07-28T12:24:25","guid":{"rendered":"https:\/\/www.thesnuglies.com\/envios-devoluciones\/"},"modified":"2024-08-04T18:17:28","modified_gmt":"2024-08-04T16:17:28","slug":"expedition-retours","status":"publish","type":"page","link":"https:\/\/www.thesnuglies.com\/fr\/expedition-retours\/","title":{"rendered":"Exp\u00e9dition &amp; retours"},"content":{"rendered":"\t\t<div data-elementor-type=\"wp-page\" data-elementor-id=\"32531\" class=\"elementor elementor-32531 elementor-32188\" data-elementor-post-type=\"page\">\n\t\t\t\t<div class=\"elementor-element elementor-element-c26d8af e-con-full e-flex e-con e-parent\" data-id=\"c26d8af\" data-element_type=\"container\" data-settings=\"{&quot;background_background&quot;:&quot;classic&quot;}\">\n\t\t\t\t<div class=\"elementor-element elementor-element-19114a9 elementor-widget-mobile__width-inherit elementor-widget elementor-widget-lynna_core_section_title\" data-id=\"19114a9\" data-element_type=\"widget\" data-widget_type=\"lynna_core_section_title.default\">\n\t\t\t\t<div class=\"elementor-widget-container\">\n\t\t\t\t\t<div class=\"qodef-shortcode qodef-m  qodef-section-title qodef-alignment--left \" >\n\t\t\t\t<h2 class=\"qodef-m-title\">\n\t\t\t\t\tExp\u00e9dition &amp; retours\t\t\t<\/h2>\n\t\t\t<\/div>\n\t\t\t\t<\/div>\n\t\t\t\t<\/div>\n\t\t\t\t<\/div>\n\t\t<div class=\"elementor-element elementor-element-dc7295d e-flex e-con-boxed e-con e-parent\" data-id=\"dc7295d\" data-element_type=\"container\">\n\t\t\t\t\t<div class=\"e-con-inner\">\n\t\t\t\t<div class=\"elementor-element elementor-element-8692d64 elementor-widget elementor-widget-text-editor\" data-id=\"8692d64\" data-element_type=\"widget\" data-widget_type=\"text-editor.default\">\n\t\t\t\t<div class=\"elementor-widget-container\">\n\t\t\t\t\t\t\t\t\t<h4>Quels sont les frais de port?<\/h4><p>En plus des prix indiqu\u00e9s sur les produits, des frais de port sont factur\u00e9s pour toute commande pass\u00e9e.Les frais de port sont d\u00e9taill\u00e9s dans le panier et sur la page de commande selon les classes d&rsquo;exp\u00e9dition suivantes :<\/p><p><strong>Pays et co\u00fbts (1)<\/strong><br \/>Espagne &#8211; P\u00e9ninsulaire : 5,50 \u20ac<br \/>Espagne &#8211; \u00celes Bal\u00e9ares : 7,50 \u20ac<br \/>Espagne &#8211; \u00celes Canaries, Ceuta et Melilla : 9 \u20ac<br \/>Islande : 15 \u20ac<br \/>Europe (UE + Norv\u00e8ge, Suisse) : 15,50 \u20ac<br \/>Ukraine : 30 \u20ac<br \/>USA, Russie, Turquie, Isra\u00ebl : 45 \u20ac<br \/>Canada, Philippines, Tha\u00eflande, Malaisie : 65 \u20ac<br \/>Australie, Nouvelle-Z\u00e9lande : 75 \u20ac<br \/>Reste du monde : 95 \u20ac<\/p><p><strong>Livraison gratuite<\/strong><br \/>Espagne : toutes les commandes sup\u00e9rieures \u00e0 50 \u20ac<br \/>Europe : toutes commandes sup\u00e9rieures \u00e0 150\u20ac<br \/>Dans le monde entier : toutes commandes sup\u00e9rieures \u00e0 250 \u20ac.<\/p><p><i>(1) The Snuglies n&rsquo;est pas responsable des taxes suppl\u00e9mentaires ou des frais de douane.<\/i><\/p><p>Si votre commande est exp\u00e9di\u00e9e vers un pays hors de l\u2019Union europ\u00e9enne, des frais suppl\u00e9mentaires, des droits d\u2019importation, des taxes ou des frais de douane peuvent s\u2019appliquer en raison des lois locales et\/ou douani\u00e8res. Nous exp\u00e9dions le colis via DAP Incoterm (\u00ab livr\u00e9 sur place \u00bb), c&rsquo;est-\u00e0-dire que nous envoyons votre colis au lieu de livraison, mais nous ne prenons en charge aucun frais suppl\u00e9mentaire d\u00e9crit ci-dessus.<\/p><p>La personne qui recevra le colis assumera tous les droits et taxes applicables et sera responsable de leur paiement (m\u00eame si le colis est rejet\u00e9). Si vous souhaitez envoyer un colis \u00e0 une personne r\u00e9sidant en dehors de l&rsquo;Union europ\u00e9enne, assurez-vous qu&rsquo;elle soit consciente qu&rsquo;il peut y avoir des frais suppl\u00e9mentaires dont elle sera responsable.<\/p><p>De plus, la livraison peut \u00eatre retard\u00e9e en raison de probl\u00e8mes douaniers.<\/p><h4>D&rsquo;o\u00f9 les commandes sont-elles exp\u00e9di\u00e9es\u00a0?<\/h4><p>Chez The Snuglies, nous pr\u00e9parons et emballons soigneusement chaque commande dans notre studio \u00e0 Madrid (Espagne). Les e-mails du service client re\u00e7oivent une r\u00e9ponse du lundi au vendredi entre 10h et 17h.<\/p><p>Pour des raisons de s\u00e9curit\u00e9, The Snuglies n&rsquo;enverra aucune commande vers des cases postales ou des bases militaires, et n&rsquo;acceptera aucune commande lorsqu&rsquo;il n&rsquo;est pas possible d&rsquo;identifier le destinataire et son adresse.<\/p><p><strong>Si vous avez besoin que nous envoyions la commande \u00e0 l&rsquo;une des adresses ci-dessus ou similaires, veuillez nous contacter \u00e0 l&rsquo;adresse commandes@www.thesnuglies.com.<\/strong><\/p><h4>Combien de temps faut-il pour traiter\/exp\u00e9dier une commande\u00a0?<\/h4><p style=\"background-color: #ffffff;\">Toutes les commandes sont pr\u00e9par\u00e9es et emball\u00e9es sous 1 \u00e0 3 jours ouvr\u00e9s (selon le volume de commandes \u00e0 ce moment-l\u00e0). Lors d&rsquo;occasions telles que les jours f\u00e9ri\u00e9s, les vacances ou No\u00ebl, le d\u00e9lai peut augmenter jusqu&rsquo;\u00e0 3 \u00e0 5 jours ouvrables.<\/p><h4>Proposez-vous un retrait ou une livraison locale\u00a0?<\/h4><p>Pour le moment, nous ne proposons pas de ramassage ou de livraison locale.<\/p><h4>Mon adresse de livraison est incorrecte, que puis-je faire\u00a0?<\/h4><p>Cela nous arrive \u00e0 tous. Contactez-nous imm\u00e9diatement \u00e0 commandes@www.thesnuglies.com et nous l&rsquo;\u00e9changerons.<span id=\"result_box\" class=\"\" lang=\"es\" tabindex=\"-1\"><span class=\"\">Si la commande a d\u00e9j\u00e0 \u00e9t\u00e9 envoy\u00e9e, elle sera renvoy\u00e9e \u00e0 l&rsquo;exp\u00e9diteur.<\/span> <span class=\"\">Nous ne sommes pas responsables des frais d&rsquo;exp\u00e9dition suppl\u00e9mentaires.<\/span><\/span><\/p><h4>Puis-je \u00e9changer ou retourner ma commande ou certains produits ?<\/h4><p>Nous sommes d\u00e9sol\u00e9s que vous ne soyez pas satisfait de votre commande. Dans ce cas, The Snuglies offre la possibilit\u00e9 de retourner les produits dans un d\u00e9lai de quatorze (14) jours calendaires suivant le jour o\u00f9 vous ou un tiers d\u00e9sign\u00e9 par vous, autre que le transporteur, avez acquis la possession mat\u00e9rielle des marchandises ou, dans le cas o\u00f9 les marchandises composant votre commande sont livr\u00e9es s\u00e9par\u00e9ment, 14 jours calendaires suivant le jour o\u00f9 vous ou un tiers d\u00e9sign\u00e9 par vous, autre que le transporteur, avez pris possession mat\u00e9rielle de la derni\u00e8re de ces marchandises.<\/p><p><strong>REMARQUE\u00a0:<\/strong> Nous n&rsquo;acceptons pas les retours de produits personnalis\u00e9s <strong>(en couleur, mod\u00e8le, taille ou exigences\/caract\u00e9ristiques particuli\u00e8res).<\/strong><\/p><p>Si vous retournez votre commande, The Snuglies vous remboursera le montant de la commande moins les frais de port. De m\u00eame, les frais de renvoi des produits seront \u00e0 la charge du client, et ne seront pas \u00e0 la charge de The Snuglies.<\/p><p>Si le destinataire des produits The Snuglies est diff\u00e9rent de la personne ayant effectu\u00e9 le paiement, le remboursement sera effectu\u00e9 \u00e0 la personne ayant effectu\u00e9 le paiement.<\/p><p>Dans le cas o\u00f9 vous avez pass\u00e9 une commande compos\u00e9e de plusieurs articles et que vous ne souhaitez pas retourner tous les articles de la commande, nous vous rembourserons uniquement le montant des articles que vous souhaitez retourner, sans remboursement total ou partiel du prix. frais de livraison relatifs sur commande. En effet, les frais de livraison \u00e0 votre domicile sont fixes et sont pay\u00e9s par commande pass\u00e9e, \u00e9tant invariables en fonction du nombre de v\u00eatements ou d&rsquo;articles qui composent la commande.<\/p><p>Le droit de r\u00e9tractation sera applicable \u00e0 condition que les produits The Snuglies soient retourn\u00e9s dans les m\u00eames conditions dans lesquelles vous les avez re\u00e7us, accompagn\u00e9s de leur emballage d&rsquo;origine complet, de leurs \u00e9tiquettes et accompagn\u00e9s de tous les accessoires qui s&rsquo;y rapportent, \u00e9tant essentiel que le produit soit conserv\u00e9. intact. Si votre retour n&rsquo;est pas conforme aux conditions stipul\u00e9es, vous n&rsquo;aurez droit \u00e0 aucun remboursement et nous vous enverrons les produits The Snuglies en port d\u00fb.<\/p><p>Nous d\u00e9terminerons si les produits The Snuglies sont dans le m\u00eame \u00e9tat dans lequel ils vous ont \u00e9t\u00e9 exp\u00e9di\u00e9s. Vous serez responsable de toute diminution de la valeur des produits r\u00e9sultant de manipulations autres que celles n\u00e9cessaires pour \u00e9tablir leur nature, leurs caract\u00e9ristiques ou leur fonctionnement. Les produits retourn\u00e9s endommag\u00e9s, incomplets, d\u00e9t\u00e9rior\u00e9s, utilis\u00e9s ou salis du fait du client ne seront pas rembours\u00e9s et seront mis \u00e0 disposition de l&rsquo;exp\u00e9diteur et renvoy\u00e9s en port d\u00fb.<\/p><p>Quel que soit le syst\u00e8me de paiement utilis\u00e9 par le client, le remboursement du montant sera effectu\u00e9 dans les plus brefs d\u00e9lais. The Snuglies conservera le remboursement jusqu&rsquo;\u00e0 r\u00e9ception des produits et examen de leur \u00e9tat.<\/p><p><strong>Si vous souhaitez retourner une commande\/un produit, veuillez contacter notre service client \u00e0 commandes@www.thesnuglies.com<\/strong><\/p><h4>J&rsquo;ai re\u00e7u un de vos produits en cadeau et je souhaite l&rsquo;\u00e9changer\/le retourner.<\/h4><p>Si vous avez re\u00e7u un produit en cadeau, vous devrez suivre la proc\u00e9dure habituelle d&rsquo;exp\u00e9dition et de retour pour effectuer un \u00e9change ou un retour. Le montant du remboursement sera rembours\u00e9 \u00e0 la personne qui a effectu\u00e9 l&rsquo;achat et selon le m\u00eame mode de paiement utilis\u00e9.<\/p><h4>Jours f\u00e9ri\u00e9s<\/h4><p>Des jours o\u00f9 nous ne travaillons pas, ni au bureau ni dans notre entrep\u00f4t. Ces jours-l\u00e0, les commandes ne seront pas pr\u00e9par\u00e9es, il y aura donc un retard d&rsquo;un jour. Nous nous excusons pour tout inconv\u00e9nient.<\/p><p><strong>ANN\u00c9E 2024<\/strong><\/p><ul style=\"font-weight: 400;\"><li style=\"font-style: herit; font-weight: herit;\">1er janvier (lundi), nouvel an<\/li><li style=\"font-style: herit; font-weight: herit;\">6 janvier (samedi), Epiphanie du Seigneur.<\/li><li style=\"font-style: herit; font-weight: herit;\">28\u00a0mars, Jeudi Saint<\/li><li style=\"font-style: herit; font-weight: herit;\">29\u00a0mars, Vendredi saint.<\/li><li style=\"font-style: herit; font-weight: herit;\">1er\u00a0mai (mercredi), f\u00eate du Travail<\/li><li style=\"font-style: herit; font-weight: herit;\">2 mai (jeudi), F\u00eate de la Communaut\u00e9 de Madrid<\/li><li style=\"font-style: herit; font-weight: herit;\">15\u00a0mai (mercredi), San Isidro Labrador<\/li><li style=\"font-style: herit; font-weight: herit;\">25\u00a0juillet (jeudi), Santiago Ap\u00f3stol<\/li><li style=\"font-style: herit; font-weight: herit;\">15 ao\u00fbt (jeudi), Assomption de la Vierge.<\/li><li style=\"font-style: herit; font-weight: herit;\">12\u00a0octobre (samedi), f\u00eate nationale espagnole.<\/li><li style=\"font-style: herit; font-weight: herit;\">31\u00a0octobre (jeudi).<\/li><li style=\"font-style: herit; font-weight: herit;\">1er\u00a0novembre (vendredi), Toussaint.<\/li><li style=\"font-style: herit; font-weight: herit;\">9 novembre (samedi), Notre-Dame de l&rsquo;Almudena.<\/li><li style=\"font-style: herit; font-weight: herit;\">6\u00a0d\u00e9cembre (vendredi), Jour de la Constitution espagnole.<\/li><li style=\"font-style: herit; font-weight: herit;\">25 d\u00e9cembre (mercredi), Nativit\u00e9 du Seigneur.<\/li><li style=\"font-style: herit; font-weight: herit;\">26\u00a0d\u00e9cembre (jeudi).<\/li><\/ul><p style=\"font-weight: 400;\">\u00a0<\/p>\t\t\t\t\t\t\t\t<\/div>\n\t\t\t\t<\/div>\n\t\t\t\t\t<\/div>\n\t\t\t\t<\/div>\n\t\t\t\t<\/div>\n\t\t","protected":false},"excerpt":{"rendered":"<p>Exp\u00e9dition &amp; retours Quels sont les frais de port? En plus des prix indiqu\u00e9s sur les produits, des frais de port sont factur\u00e9s pour toute commande pass\u00e9e.Les frais de port sont d\u00e9taill\u00e9s dans le panier et sur la page de commande selon les classes d&rsquo;exp\u00e9dition suivantes : Pays et co\u00fbts (1)Espagne &#8211; P\u00e9ninsulaire : 5,50 [&hellip;]<\/p>\n","protected":false},"author":1,"featured_media":0,"parent":0,"menu_order":0,"comment_status":"closed","ping_status":"closed","template":"page-full-width.php","meta":{"footnotes":""},"class_list":["post-32531","page","type-page","status-publish","hentry"],"aioseo_notices":[],"_links":{"self":[{"href":"https:\/\/www.thesnuglies.com\/fr\/wp-json\/wp\/v2\/pages\/32531","targetHints":{"allow":["GET"]}}],"collection":[{"href":"https:\/\/www.thesnuglies.com\/fr\/wp-json\/wp\/v2\/pages"}],"about":[{"href":"https:\/\/www.thesnuglies.com\/fr\/wp-json\/wp\/v2\/types\/page"}],"author":[{"embeddable":true,"href":"https:\/\/www.thesnuglies.com\/fr\/wp-json\/wp\/v2\/users\/1"}],"replies":[{"embeddable":true,"href":"https:\/\/www.thesnuglies.com\/fr\/wp-json\/wp\/v2\/comments?post=32531"}],"version-history":[{"count":4,"href":"https:\/\/www.thesnuglies.com\/fr\/wp-json\/wp\/v2\/pages\/32531\/revisions"}],"predecessor-version":[{"id":32654,"href":"https:\/\/www.thesnuglies.com\/fr\/wp-json\/wp\/v2\/pages\/32531\/revisions\/32654"}],"wp:attachment":[{"href":"https:\/\/www.thesnuglies.com\/fr\/wp-json\/wp\/v2\/media?parent=32531"}],"curies":[{"name":"wp","href":"https:\/\/api.w.org\/{rel}","templated":true}]}}