{"id":32517,"date":"2023-02-09T16:00:10","date_gmt":"2023-02-09T15:00:10","guid":{"rendered":"https:\/\/www.thesnuglies.com\/acerca-de\/"},"modified":"2024-08-04T17:45:44","modified_gmt":"2024-08-04T15:45:44","slug":"a-propos-de-nous","status":"publish","type":"page","link":"https:\/\/www.thesnuglies.com\/fr\/a-propos-de-nous\/","title":{"rendered":"\u00c0 propos de nous"},"content":{"rendered":"\t\t<div data-elementor-type=\"wp-page\" data-elementor-id=\"32517\" class=\"elementor elementor-32517 elementor-21071\" data-elementor-post-type=\"page\">\n\t\t\t\t<div class=\"elementor-element elementor-element-ac82bc3 e-con-full e-flex e-con e-parent\" data-id=\"ac82bc3\" data-element_type=\"container\" data-settings=\"{&quot;background_background&quot;:&quot;classic&quot;}\">\n\t\t\t\t<div class=\"elementor-element elementor-element-219b5f8 elementor-widget-mobile__width-inherit elementor-widget elementor-widget-lynna_core_section_title\" data-id=\"219b5f8\" data-element_type=\"widget\" data-widget_type=\"lynna_core_section_title.default\">\n\t\t\t\t<div class=\"elementor-widget-container\">\n\t\t\t\t\t<div class=\"qodef-shortcode qodef-m  qodef-section-title qodef-alignment--center \" >\n\t\t\t\t<h1 class=\"qodef-m-title\">\n\t\t\t\t\t\u00c0 propos de nous\t\t\t<\/h1>\n\t\t\t<\/div>\n\t\t\t\t<\/div>\n\t\t\t\t<\/div>\n\t\t\t\t<\/div>\n\t\t<div class=\"elementor-element elementor-element-e4ea9b8 e-flex e-con-boxed e-con e-parent\" data-id=\"e4ea9b8\" data-element_type=\"container\">\n\t\t\t\t\t<div class=\"e-con-inner\">\n\t\t<div class=\"elementor-element elementor-element-ccc4531 e-con-full qodef-elementor-content-grid e-flex e-con e-child\" data-id=\"ccc4531\" data-element_type=\"container\">\n\t\t<div class=\"elementor-element elementor-element-506791e e-con-full e-flex e-con e-child\" data-id=\"506791e\" data-element_type=\"container\">\n\t\t\t\t<div class=\"elementor-element elementor-element-76d349d elementor-widget elementor-widget-image\" data-id=\"76d349d\" data-element_type=\"widget\" data-widget_type=\"image.default\">\n\t\t\t\t<div class=\"elementor-widget-container\">\n\t\t\t\t\t\t\t\t\t\t\t\t\t\t\t<img fetchpriority=\"high\" decoding=\"async\" width=\"2048\" height=\"2048\" src=\"https:\/\/www.thesnuglies.com\/wp-content\/uploads\/2024\/07\/WhatsApp-Image-2024-06-16-at-14.46.38.jpeg\" class=\"attachment-full size-full wp-image-33068\" alt=\"\" srcset=\"https:\/\/www.thesnuglies.com\/wp-content\/uploads\/2024\/07\/WhatsApp-Image-2024-06-16-at-14.46.38.jpeg 2048w, https:\/\/www.thesnuglies.com\/wp-content\/uploads\/2024\/07\/WhatsApp-Image-2024-06-16-at-14.46.38-300x300.jpeg 300w, https:\/\/www.thesnuglies.com\/wp-content\/uploads\/2024\/07\/WhatsApp-Image-2024-06-16-at-14.46.38-1024x1024.jpeg 1024w, https:\/\/www.thesnuglies.com\/wp-content\/uploads\/2024\/07\/WhatsApp-Image-2024-06-16-at-14.46.38-150x150.jpeg 150w, https:\/\/www.thesnuglies.com\/wp-content\/uploads\/2024\/07\/WhatsApp-Image-2024-06-16-at-14.46.38-768x768.jpeg 768w, https:\/\/www.thesnuglies.com\/wp-content\/uploads\/2024\/07\/WhatsApp-Image-2024-06-16-at-14.46.38-1536x1536.jpeg 1536w, https:\/\/www.thesnuglies.com\/wp-content\/uploads\/2024\/07\/WhatsApp-Image-2024-06-16-at-14.46.38-700x700.jpeg 700w, https:\/\/www.thesnuglies.com\/wp-content\/uploads\/2024\/07\/WhatsApp-Image-2024-06-16-at-14.46.38-650x650.jpeg 650w, https:\/\/www.thesnuglies.com\/wp-content\/uploads\/2024\/07\/WhatsApp-Image-2024-06-16-at-14.46.38-1300x1300.jpeg 1300w, https:\/\/www.thesnuglies.com\/wp-content\/uploads\/2024\/07\/WhatsApp-Image-2024-06-16-at-14.46.38-600x600.jpeg 600w, https:\/\/www.thesnuglies.com\/wp-content\/uploads\/2024\/07\/WhatsApp-Image-2024-06-16-at-14.46.38-100x100.jpeg 100w\" sizes=\"(max-width: 2048px) 100vw, 2048px\" \/>\t\t\t\t\t\t\t\t\t\t\t\t\t\t\t<\/div>\n\t\t\t\t<\/div>\n\t\t\t\t<\/div>\n\t\t<div class=\"elementor-element elementor-element-3609102 e-con-full e-flex e-con e-child\" data-id=\"3609102\" data-element_type=\"container\">\n\t\t\t\t<div class=\"elementor-element elementor-element-358ba0e elementor-widget elementor-widget-heading\" data-id=\"358ba0e\" data-element_type=\"widget\" data-widget_type=\"heading.default\">\n\t\t\t\t<div class=\"elementor-widget-container\">\n\t\t\t\t\t<h5 class=\"elementor-heading-title elementor-size-default\">Notre histoire<\/h5>\t\t\t\t<\/div>\n\t\t\t\t<\/div>\n\t\t\t\t<div class=\"elementor-element elementor-element-61dc46c elementor-widget elementor-widget-text-editor\" data-id=\"61dc46c\" data-element_type=\"widget\" data-widget_type=\"text-editor.default\">\n\t\t\t\t<div class=\"elementor-widget-container\">\n\t\t\t\t\t\t\t\t\t<p>Combien d\u2019entre vous souffrent de stress ou d\u2019anxi\u00e9t\u00e9 dans leur vie quotidienne ?<\/p><p>Je comprends, j&rsquo;ai v\u00e9cu des p\u00e9riodes de grand stress au travail pendant des ann\u00e9es jusqu&rsquo;\u00e0 ce qu&rsquo;un ami m\u00e9decin me recommande d&rsquo;apprendre le crochet pour g\u00e9rer ce stress.<\/p><p>Apprendre seul \u00e9tait assez frustrant. Je n&rsquo;avais jamais tricot\u00e9 auparavant et je ne savais pas comment tenir un crochet ou un fil, mais dans ma t\u00eate, je pensais que cela ne pouvait pas \u00eatre si difficile, n&rsquo;est-ce pas ?<\/p><p>Bien s\u00fbr, je ne savais pas par o\u00f9 commencer. Je ne savais pas comment lire un motif ni ce que signifiaient les diff\u00e9rents points.Les informations \u00e9taient dispers\u00e9es et j&rsquo;ai d\u00e9pens\u00e9 beaucoup d&rsquo;argent, de temps et d&rsquo;efforts sans aucun r\u00e9sultat. Le fil ne correspondait pas \u00e0 la taille du crochet, je me suis tromp\u00e9e en comptant les mailles car je n&rsquo;avais pas de marqueur. Comment sont ferm\u00e9s les virages ? Comment fermer un amigurumi ? Comment obtenez-vous vos yeux? Comment tout coudre ensemble ?&#8230; Ce n&rsquo;\u00e9taient que des questions. Tout ce \u00e0 quoi je pensais, c&rsquo;\u00e9tait : \u00ab\u00a0Je n&rsquo;arrive pas \u00e0 croire qu&rsquo;il n&rsquo;existe pas un seul endroit qui ait tout.\u00a0\u00bb<\/p>\t\t\t\t\t\t\t\t<\/div>\n\t\t\t\t<\/div>\n\t\t\t\t<\/div>\n\t\t\t\t<\/div>\n\t\t\t\t\t<\/div>\n\t\t\t\t<\/div>\n\t\t<div class=\"elementor-element elementor-element-e80440f e-flex e-con-boxed e-con e-parent\" data-id=\"e80440f\" data-element_type=\"container\">\n\t\t\t\t\t<div class=\"e-con-inner\">\n\t\t<div class=\"elementor-element elementor-element-982bf40 e-con-full qodef-elementor-content-grid e-flex e-con e-child\" data-id=\"982bf40\" data-element_type=\"container\">\n\t\t<div class=\"elementor-element elementor-element-9f0ae3f e-con-full e-flex e-con e-child\" data-id=\"9f0ae3f\" data-element_type=\"container\">\n\t\t\t\t<div class=\"elementor-element elementor-element-533d30e elementor-widget elementor-widget-heading\" data-id=\"533d30e\" data-element_type=\"widget\" data-widget_type=\"heading.default\">\n\t\t\t\t<div class=\"elementor-widget-container\">\n\t\t\t\t\t<h5 class=\"elementor-heading-title elementor-size-default\">J'ai r\u00e9ussi \u00e0 apprendre et je suis devenu accro<\/h5>\t\t\t\t<\/div>\n\t\t\t\t<\/div>\n\t\t\t\t<div class=\"elementor-element elementor-element-c095800 elementor-widget elementor-widget-text-editor\" data-id=\"c095800\" data-element_type=\"widget\" data-widget_type=\"text-editor.default\">\n\t\t\t\t<div class=\"elementor-widget-container\">\n\t\t\t\t\t\t\t\t\t<p>Depuis, le crochet m&rsquo;a beaucoup aid\u00e9 avec mon stress et c&rsquo;est pourquoi j&rsquo;ai d\u00e9cid\u00e9 de cr\u00e9er The Snuglies, pour offrir aux d\u00e9butants comme vous le moyen le plus simple d&rsquo;apprendre le crochet, soit parce que vous souhaitez apprendre une activit\u00e9 manuelle de bricolage. &lsquo;, ou parce que vous recherchez une activit\u00e9 cr\u00e9ative et th\u00e9rapeutique pour g\u00e9rer des probl\u00e8mes tels que l&rsquo;anxi\u00e9t\u00e9, le stress, l&rsquo;hyperactivit\u00e9&#8230;<\/p><p>Nos kits comprennent tout le mat\u00e9riel dont vous avez besoin pour apprendre \u00e0 tricoter votre amigurumi. Nous combinons ces kits physiques avec une plateforme \u00e9ducative en ligne, cr\u00e9\u00e9e par des experts en convivialit\u00e9 et en apprentissage en ligne, o\u00f9 vous trouverez des didacticiels vid\u00e9o \u00e9tape par \u00e9tape pour chaque kit, ainsi que des vid\u00e9os qui expliqueront les points et techniques de base. De plus, nous organisons des ateliers dans les \u00e9coles, instituts et entreprises, pour promouvoir la cr\u00e9ativit\u00e9 et le travail d&rsquo;\u00e9quipe.<\/p><p>Et si vous \u00eates au m\u00eame point que moi, avec un niveau de stress qui ne vous permet pas de dormir la nuit ou de mener une vie normale&#8230; c&rsquo;est chez vous !<\/p>\t\t\t\t\t\t\t\t<\/div>\n\t\t\t\t<\/div>\n\t\t\t\t<\/div>\n\t\t<div class=\"elementor-element elementor-element-dd6a855 e-con-full e-flex e-con e-child\" data-id=\"dd6a855\" data-element_type=\"container\">\n\t\t\t\t<div class=\"elementor-element elementor-element-bfcfc9f elementor-widget elementor-widget-image\" data-id=\"bfcfc9f\" data-element_type=\"widget\" data-widget_type=\"image.default\">\n\t\t\t\t<div class=\"elementor-widget-container\">\n\t\t\t\t\t\t\t\t\t\t\t\t\t\t\t<img decoding=\"async\" width=\"1440\" height=\"1440\" src=\"https:\/\/www.thesnuglies.com\/wp-content\/uploads\/2024\/07\/446114658_998561424966441_7440864482648731362_n.jpeg\" class=\"attachment-full size-full wp-image-30369\" alt=\"\" srcset=\"https:\/\/www.thesnuglies.com\/wp-content\/uploads\/2024\/07\/446114658_998561424966441_7440864482648731362_n.jpeg 1440w, https:\/\/www.thesnuglies.com\/wp-content\/uploads\/2024\/07\/446114658_998561424966441_7440864482648731362_n-300x300.jpeg 300w, https:\/\/www.thesnuglies.com\/wp-content\/uploads\/2024\/07\/446114658_998561424966441_7440864482648731362_n-1024x1024.jpeg 1024w, https:\/\/www.thesnuglies.com\/wp-content\/uploads\/2024\/07\/446114658_998561424966441_7440864482648731362_n-150x150.jpeg 150w, https:\/\/www.thesnuglies.com\/wp-content\/uploads\/2024\/07\/446114658_998561424966441_7440864482648731362_n-768x768.jpeg 768w, https:\/\/www.thesnuglies.com\/wp-content\/uploads\/2024\/07\/446114658_998561424966441_7440864482648731362_n-700x700.jpeg 700w, https:\/\/www.thesnuglies.com\/wp-content\/uploads\/2024\/07\/446114658_998561424966441_7440864482648731362_n-650x650.jpeg 650w, https:\/\/www.thesnuglies.com\/wp-content\/uploads\/2024\/07\/446114658_998561424966441_7440864482648731362_n-1300x1300.jpeg 1300w, https:\/\/www.thesnuglies.com\/wp-content\/uploads\/2024\/07\/446114658_998561424966441_7440864482648731362_n-600x600.jpeg 600w, https:\/\/www.thesnuglies.com\/wp-content\/uploads\/2024\/07\/446114658_998561424966441_7440864482648731362_n-100x100.jpeg 100w\" sizes=\"(max-width: 1440px) 100vw, 1440px\" \/>\t\t\t\t\t\t\t\t\t\t\t\t\t\t\t<\/div>\n\t\t\t\t<\/div>\n\t\t\t\t<\/div>\n\t\t\t\t<\/div>\n\t\t\t\t\t<\/div>\n\t\t\t\t<\/div>\n\t\t<div class=\"elementor-element elementor-element-d0765df e-flex e-con-boxed e-con e-parent\" data-id=\"d0765df\" data-element_type=\"container\">\n\t\t\t\t\t<div class=\"e-con-inner\">\n\t\t\t\t<div class=\"elementor-element elementor-element-9637133 elementor-widget elementor-widget-heading\" data-id=\"9637133\" data-element_type=\"widget\" data-widget_type=\"heading.default\">\n\t\t\t\t<div class=\"elementor-widget-container\">\n\t\t\t\t\t<h5 class=\"elementor-heading-title elementor-size-default\">Venez Snugliear avec nous<\/h5>\t\t\t\t<\/div>\n\t\t\t\t<\/div>\n\t\t\t\t<div class=\"elementor-element elementor-element-eebfdde elementor-widget elementor-widget-text-editor\" data-id=\"eebfdde\" data-element_type=\"widget\" data-widget_type=\"text-editor.default\">\n\t\t\t\t<div class=\"elementor-widget-container\">\n\t\t\t\t\t\t\t\t\t<p>Nous savons qu&rsquo;apprendre de nouvelles choses \u00e0 tout \u00e2ge est non seulement un excellent alli\u00e9 pour lutter contre la solitude, mais apporte \u00e9galement de multiples bienfaits pour le cerveau et la sant\u00e9 mentale.<\/p><p>Des \u00e9tudes le confirment : le crochet aide \u00e0 r\u00e9duire les niveaux de cortisol, l\u2019hormone du stress, et augmente les hormones du bonheur, la dopamine et la s\u00e9rotonine. En r\u00e9duisant le stress, votre corps se d\u00e9tend, votre rythme cardiaque ralentit et vous vous sentez mieux. Les avantages comprennent la r\u00e9duction de la d\u00e9pression et de l\u2019anxi\u00e9t\u00e9, l\u2019am\u00e9lioration de l\u2019humeur et de l\u2019insomnie, l\u2019augmentation de l\u2019estime de soi et de la cr\u00e9ativit\u00e9, la promotion des relations sociales et l\u2019enseignement de la pers\u00e9v\u00e9rance pour atteindre les objectifs.<\/p><p>Venez vous blottir avec nous et d\u00e9couvrez les merveilleux bienfaits du crochet ! On est entrain de t&rsquo;attendre. \ud83d\ude42<\/p>\t\t\t\t\t\t\t\t<\/div>\n\t\t\t\t<\/div>\n\t\t\t\t\t<\/div>\n\t\t\t\t<\/div>\n\t\t\t\t<\/div>\n\t\t","protected":false},"excerpt":{"rendered":"<p>\u00c0 propos de nous Notre histoire Combien d\u2019entre vous souffrent de stress ou d\u2019anxi\u00e9t\u00e9 dans leur vie quotidienne ? Je comprends, j&rsquo;ai v\u00e9cu des p\u00e9riodes de grand stress au travail pendant des ann\u00e9es jusqu&rsquo;\u00e0 ce qu&rsquo;un ami m\u00e9decin me recommande d&rsquo;apprendre le crochet pour g\u00e9rer ce stress. Apprendre seul \u00e9tait assez frustrant. Je n&rsquo;avais jamais [&hellip;]<\/p>\n","protected":false},"author":1,"featured_media":0,"parent":0,"menu_order":0,"comment_status":"closed","ping_status":"closed","template":"page-full-width.php","meta":{"footnotes":""},"class_list":["post-32517","page","type-page","status-publish","hentry"],"aioseo_notices":[],"_links":{"self":[{"href":"https:\/\/www.thesnuglies.com\/fr\/wp-json\/wp\/v2\/pages\/32517","targetHints":{"allow":["GET"]}}],"collection":[{"href":"https:\/\/www.thesnuglies.com\/fr\/wp-json\/wp\/v2\/pages"}],"about":[{"href":"https:\/\/www.thesnuglies.com\/fr\/wp-json\/wp\/v2\/types\/page"}],"author":[{"embeddable":true,"href":"https:\/\/www.thesnuglies.com\/fr\/wp-json\/wp\/v2\/users\/1"}],"replies":[{"embeddable":true,"href":"https:\/\/www.thesnuglies.com\/fr\/wp-json\/wp\/v2\/comments?post=32517"}],"version-history":[{"count":7,"href":"https:\/\/www.thesnuglies.com\/fr\/wp-json\/wp\/v2\/pages\/32517\/revisions"}],"predecessor-version":[{"id":32636,"href":"https:\/\/www.thesnuglies.com\/fr\/wp-json\/wp\/v2\/pages\/32517\/revisions\/32636"}],"wp:attachment":[{"href":"https:\/\/www.thesnuglies.com\/fr\/wp-json\/wp\/v2\/media?parent=32517"}],"curies":[{"name":"wp","href":"https:\/\/api.w.org\/{rel}","templated":true}]}}