{"id":33111,"date":"2025-03-03T19:13:42","date_gmt":"2025-03-03T18:13:42","guid":{"rendered":"https:\/\/www.thesnuglies.com\/?post_type=product&#038;p=33111"},"modified":"2025-03-03T19:23:31","modified_gmt":"2025-03-03T18:23:31","slug":"kit-ganchillo-gato-milo","status":"publish","type":"product","link":"https:\/\/www.thesnuglies.com\/en\/tienda\/kits-en\/beginner\/kit-ganchillo-gato-milo\/","title":{"rendered":"Kit ganchillo Gato Milo"},"content":{"rendered":"<p data-start=\"27\" data-end=\"434\"><strong>Conoce al gato Milo<\/strong><\/p>\n<p data-start=\"27\" data-end=\"434\">Milo es el gato m\u00e1s travieso y encantador que jam\u00e1s hayas tejido. Con sus grandes ojos curiosos y su suave pelaje, este peque\u00f1o felino te robar\u00e1 el coraz\u00f3n desde el primer momento. Si eres un principiante en el mundo del crochet, no te preocupes: nuestro Kit de Crochet Gato Milo incluye todo lo necesario para crear a este adorable amigurumi, desde las lanas hasta las instrucciones en v\u00eddeo paso a paso.<\/p>\n<p data-start=\"436\" data-end=\"699\">Con Milo, aprender\u00e1s t\u00e9cnicas como los puntos de aumento, los puntos de disminuci\u00f3n y c\u00f3mo darle vida a tu amigurumi con detalles \u00fanicos. Adem\u00e1s, podr\u00e1s disfrutar del proceso creativo y relajante del crochet, sabiendo que al final tendr\u00e1s un amigo peludo hecho por ti.<\/p>\n<p data-start=\"701\" data-end=\"813\" data-is-last-node=\"\" data-is-only-node=\"\">\u00a1No dejes pasar la oportunidad de tejer a Milo y llevar a casa un compa\u00f1ero felino lleno de ternura y diversi\u00f3n!<\/p>\n<p><strong>\u00bfPuedo de verdad aprender a tejer con estos kits?<\/strong><br \/>\n\u00a1Por supuesto! Sigue las gu\u00edas paso a paso en v\u00eddeo que vienen con cada kit para aprender a tejer. Los puntos que aprender\u00e1n son los b\u00e1sicos que se usan al tejer cualquier labor de ganchillo.<\/p>\n<p><strong>Qu\u00e9 incluye este kit<\/strong><\/p>\n<ul>\n<li>Videotutoriales paso a paso.<\/li>\n<li>La lana de los colores correspondientes a tu Snuglie, perfecto para principiantes.<\/li>\n<li>Ayuda ilimitada por correo electr\u00f3nico, adem\u00e1s de videollamadas en horario de oficina con nuestros expertos si te atascas.<\/li>\n<li>Ojos de pl\u00e1stico.<\/li>\n<li>Relleno.<\/li>\n<li>Aguja lanera.<\/li>\n<li>Marcadores de puntos.<\/li>\n<li>Patr\u00f3n de ganchillo descargable en PDF.<\/li>\n<li>Aguja de ganchillo ergon\u00f3mico de 3 mm (con coste adicional).<\/li>\n<\/ul>\n<p><strong>Nivel de habilidad<\/strong><br \/>\nPrincipiante+, recomendado para mayores de 12 a\u00f1os.<\/p>\n<p><strong>\u00bfEres diestro o zurdo?<\/strong><br \/>\nTe tenemos cubierto. Nuestros kits de ganchillo para principiantes funcionan tanto para diestros como para zurdos, y todos los tutoriales de ganchillo de nuestros Snuglies tienen versiones para diestros y zurdos.<\/p>\n<p><strong>Tama\u00f1o<\/strong><br \/>\nAproximadamente 10cm de altura. Como es un art\u00edculo hecho a mano, el tama\u00f1o exacto depender\u00e1 de tu forma de tejer y de la tensi\u00f3n que apliques a los puntos.<\/p>\n","protected":false},"excerpt":{"rendered":"<p data-start=\"27\" data-end=\"434\"><strong>Conoce al gato Milo<\/strong><\/p>\n<p data-start=\"27\" data-end=\"434\">Milo es el gato m\u00e1s travieso y encantador que jam\u00e1s hayas tejido. Con sus grandes ojos curiosos y su suave pelaje, este peque\u00f1o felino te robar\u00e1 el coraz\u00f3n desde el primer momento. Si eres un principiante en el mundo del crochet, no te preocupes: nuestro Kit de Crochet Gato Milo incluye todo lo necesario para crear a este adorable amigurumi, desde las lanas hasta las instrucciones en v\u00eddeo paso a paso.<\/p>\n<p data-start=\"436\" data-end=\"699\">Con Milo, aprender\u00e1s t\u00e9cnicas como los puntos de aumento, los puntos de disminuci\u00f3n y c\u00f3mo darle vida a tu amigurumi con detalles \u00fanicos. Adem\u00e1s, podr\u00e1s disfrutar del proceso creativo y relajante del crochet, sabiendo que al final tendr\u00e1s un amigo peludo hecho por ti.<\/p>\n<p data-start=\"701\" data-end=\"813\" data-is-last-node=\"\" data-is-only-node=\"\">\u00a1No dejes pasar la oportunidad de tejer a Milo y llevar a casa un compa\u00f1ero felino lleno de ternura y diversi\u00f3n!<\/p>\n<p><strong>\u00bfPuedo de verdad aprender a tejer con estos kits?<\/strong><br \/>\n\u00a1Por supuesto! Sigue las gu\u00edas paso a paso en v\u00eddeo que vienen con cada kit para aprender a tejer. Los puntos que aprender\u00e1n son los b\u00e1sicos que se usan al tejer cualquier labor de ganchillo.<\/p>\n<p><strong>Qu\u00e9 incluye este kit<\/strong><\/p>\n<ul>\n<li>Videotutoriales paso a paso.<\/li>\n<li>La lana de los colores correspondientes a tu Snuglie, perfecto para principiantes.<\/li>\n<li>Ayuda ilimitada por correo electr\u00f3nico, adem\u00e1s de videollamadas en horario de oficina con nuestros expertos si te atascas.<\/li>\n<li>Ojos de pl\u00e1stico.<\/li>\n<li>Relleno.<\/li>\n<li>Aguja lanera.<\/li>\n<li>Marcadores de puntos.<\/li>\n<li>Patr\u00f3n de ganchillo descargable en PDF.<\/li>\n<li>Aguja de ganchillo ergon\u00f3mico de 3 mm (con coste adicional).<\/li>\n<\/ul>\n<p><strong>Nivel de habilidad<\/strong><br \/>\nPrincipiante+, recomendado para mayores de 12 a\u00f1os.<\/p>\n<p><strong>\u00bfEres diestro o zurdo?<\/strong><br \/>\nTe tenemos cubierto. Nuestros kits de ganchillo para principiantes funcionan tanto para diestros como para zurdos, y todos los tutoriales de ganchillo de nuestros Snuglies tienen versiones para diestros y zurdos.<\/p>\n<p><strong>Tama\u00f1o<\/strong><br \/>\nAproximadamente 10cm de altura. Como es un art\u00edculo hecho a mano, el tama\u00f1o exacto depender\u00e1 de tu forma de tejer y de la tensi\u00f3n que apliques a los puntos.<\/p>\n","protected":false},"featured_media":34525,"comment_status":"open","ping_status":"closed","template":"","meta":[],"product_brand":[285],"product_cat":[583,589],"product_tag":[],"giftcard-category":[],"class_list":{"0":"post-33111","1":"product","2":"type-product","3":"status-publish","4":"has-post-thumbnail","6":"product_brand-the-snuglies","7":"product_gender-unisex","8":"product_cat-kits-en","9":"product_cat-beginner","11":"first","12":"instock","13":"taxable","14":"shipping-taxable","15":"purchasable","16":"product-type-variable","17":"has-default-attributes"},"aioseo_notices":[],"_links":{"self":[{"href":"https:\/\/www.thesnuglies.com\/en\/wp-json\/wp\/v2\/product\/33111","targetHints":{"allow":["GET"]}}],"collection":[{"href":"https:\/\/www.thesnuglies.com\/en\/wp-json\/wp\/v2\/product"}],"about":[{"href":"https:\/\/www.thesnuglies.com\/en\/wp-json\/wp\/v2\/types\/product"}],"replies":[{"embeddable":true,"href":"https:\/\/www.thesnuglies.com\/en\/wp-json\/wp\/v2\/comments?post=33111"}],"version-history":[{"count":2,"href":"https:\/\/www.thesnuglies.com\/en\/wp-json\/wp\/v2\/product\/33111\/revisions"}],"predecessor-version":[{"id":34528,"href":"https:\/\/www.thesnuglies.com\/en\/wp-json\/wp\/v2\/product\/33111\/revisions\/34528"}],"wp:featuredmedia":[{"embeddable":true,"href":"https:\/\/www.thesnuglies.com\/en\/wp-json\/wp\/v2\/media\/34525"}],"wp:attachment":[{"href":"https:\/\/www.thesnuglies.com\/en\/wp-json\/wp\/v2\/media?parent=33111"}],"wp:term":[{"taxonomy":"product_brand","embeddable":true,"href":"https:\/\/www.thesnuglies.com\/en\/wp-json\/wp\/v2\/product_brand?post=33111"},{"taxonomy":"product_cat","embeddable":true,"href":"https:\/\/www.thesnuglies.com\/en\/wp-json\/wp\/v2\/product_cat?post=33111"},{"taxonomy":"product_tag","embeddable":true,"href":"https:\/\/www.thesnuglies.com\/en\/wp-json\/wp\/v2\/product_tag?post=33111"},{"taxonomy":"giftcard-category","embeddable":true,"href":"https:\/\/www.thesnuglies.com\/en\/wp-json\/wp\/v2\/giftcard-category?post=33111"}],"curies":[{"name":"wp","href":"https:\/\/api.w.org\/{rel}","templated":true}]}}