{"id":34275,"date":"2024-09-10T15:57:54","date_gmt":"2024-09-10T13:57:54","guid":{"rendered":"https:\/\/www.thesnuglies.com\/?post_type=product&#038;p=34275"},"modified":"2024-09-11T17:32:22","modified_gmt":"2024-09-11T15:32:22","slug":"haekelset-elefant-bongo","status":"publish","type":"product","link":"https:\/\/www.thesnuglies.com\/de\/tienda\/kits-de\/mittelstufe\/haekelset-elefant-bongo\/","title":{"rendered":"H\u00e4kelset Elefant Bongo"},"content":{"rendered":"<p>Machen Sie sich bereit, den lustigsten Elefanten auf Safari zu treffen! Mit unserem <strong>Bongo-Elefant-H\u00e4kelpaket<\/strong> k\u00f6nnen Sie Ihr eigenes Amigurumi f\u00fcr Fortgeschrittene erstellen. Dieser freundliche Elefant ist f\u00fcr alle gedacht, die eine neue Herausforderung in der Welt des H\u00e4kelns suchen.<\/p>\n<p>Mit seinen gro\u00dfen Ohren und dem verspielten R\u00fcssel ist Bongo der perfekte Begleiter f\u00fcr die Dekoration Ihres Zuhauses oder als Geschenk f\u00fcr einen besonderen Menschen. Detaillierte Anleitungen f\u00fchren Sie Schritt f\u00fcr Schritt, sodass Sie Spa\u00df am Bongo-Stricken haben und gleichzeitig Ihre F\u00e4higkeiten verbessern k\u00f6nnen.<\/p>\n<p>Verpassen Sie nicht die Gelegenheit, Bongo zu stricken und ihn mit nach Hause zu nehmen, um seinen Charme zu genie\u00dfen!<\/p>\n<p><strong>Kann ich meine F\u00e4higkeiten mit diesen Kits wirklich verbessern?<\/strong><br \/>\nNat\u00fcrlich! Jedes Kit enth\u00e4lt Schritt-f\u00fcr-Schritt-Videoanleitungen, die Ihnen helfen, fortgeschrittenere H\u00e4keltechniken zu erlernen. Die Punkte, die Sie lernen, erm\u00f6glichen es Ihnen, Ihre F\u00e4higkeiten zu verbessern und komplexere und detailliertere St\u00fccke zu erstellen.<\/p>\n<p><strong>Was beinhaltet dieses Kit?<\/strong><\/p>\n<ul>\n<li>Schritt-f\u00fcr-Schritt-Video-Tutorials.<\/li>\n<li>Das Garn in den Farben passend zu Ihrem Kuscheltier, perfekt f\u00fcr die Mittelstufe.<\/li>\n<li>Unbegrenzte E-Mail-Hilfe, mit der Option auf Videoanrufe w\u00e4hrend der B\u00fcrozeiten, wenn Sie zus\u00e4tzliche Unterst\u00fctzung ben\u00f6tigen.<\/li>\n<li>Kunststoffaugen.<\/li>\n<li>F\u00fcllung.<\/li>\n<li>Wollnadel.<\/li>\n<li>Punktmarkierungen.<\/li>\n<li>Kuschelh\u00e4kelanleitung, herunterladbar als PDF.<\/li>\n<li>H\u00e4kelnadel (wenn Sie die Option \u201emit H\u00e4kelnadel\u201c ausw\u00e4hlen).<\/li>\n<\/ul>\n<p>&nbsp;<\/p>\n<p><strong>F\u00e4higkeitsniveau<\/strong><br \/>\nMittelstufe, empfohlen f\u00fcr Kinder ab 12 Jahren, die bereits Grundkenntnisse im H\u00e4keln haben.<\/p>\n<p><strong>Sind Sie Rechts- oder Linksh\u00e4nder?<\/strong><br \/>\nKeine Sorge, alle unsere Snuglies-H\u00e4kelsets enthalten Anleitungen f\u00fcr Rechts- und Linksh\u00e4nder.<\/p>\n<p><strong>Gr\u00f6\u00dfe<\/strong><br \/>\nUngef\u00e4hr 18 cm gro\u00df. Da es sich um einen Artikel handelt, den Sie von Hand stricken m\u00fcssen, kann die endg\u00fcltige Gr\u00f6\u00dfe abh\u00e4ngig von Ihrer Strickweise und der Spannung, die Sie auf die Maschen anwenden, variieren.<\/p>\n","protected":false},"excerpt":{"rendered":"<p>Machen Sie sich bereit, den lustigsten Elefanten auf Safari zu treffen! Mit unserem <strong>Bongo-Elefant-H\u00e4kelpaket<\/strong> k\u00f6nnen Sie Ihr eigenes Amigurumi f\u00fcr Fortgeschrittene erstellen. Dieser freundliche Elefant ist f\u00fcr alle gedacht, die eine neue Herausforderung in der Welt des H\u00e4kelns suchen.<\/p>\n<p>Mit seinen gro\u00dfen Ohren und dem verspielten R\u00fcssel ist Bongo der perfekte Begleiter f\u00fcr die Dekoration Ihres Zuhauses oder als Geschenk f\u00fcr einen besonderen Menschen. Detaillierte Anleitungen f\u00fchren Sie Schritt f\u00fcr Schritt, sodass Sie Spa\u00df am Bongo-Stricken haben und gleichzeitig Ihre F\u00e4higkeiten verbessern k\u00f6nnen.<\/p>\n<p>Verpassen Sie nicht die Gelegenheit, Bongo zu stricken und ihn mit nach Hause zu nehmen, um seinen Charme zu genie\u00dfen!<\/p>\n<p><strong>Kann ich meine F\u00e4higkeiten mit diesen Kits wirklich verbessern?<\/strong><br \/>\nNat\u00fcrlich! Jedes Kit enth\u00e4lt Schritt-f\u00fcr-Schritt-Videoanleitungen, die Ihnen helfen, fortgeschrittenere H\u00e4keltechniken zu erlernen. Die Punkte, die Sie lernen, erm\u00f6glichen es Ihnen, Ihre F\u00e4higkeiten zu verbessern und komplexere und detailliertere St\u00fccke zu erstellen.<\/p>\n<p><strong>Was beinhaltet dieses Kit?<\/strong><\/p>\n<ul>\n<li>Schritt-f\u00fcr-Schritt-Video-Tutorials.<\/li>\n<li>Das Garn in den Farben passend zu Ihrem Kuscheltier, perfekt f\u00fcr die Mittelstufe.<\/li>\n<li>Unbegrenzte E-Mail-Hilfe, mit der Option auf Videoanrufe w\u00e4hrend der B\u00fcrozeiten, wenn Sie zus\u00e4tzliche Unterst\u00fctzung ben\u00f6tigen.<\/li>\n<li>Kunststoffaugen.<\/li>\n<li>F\u00fcllung.<\/li>\n<li>Wollnadel.<\/li>\n<li>Punktmarkierungen.<\/li>\n<li>Kuschelh\u00e4kelanleitung, herunterladbar als PDF.<\/li>\n<li>H\u00e4kelnadel (wenn Sie die Option \u201emit H\u00e4kelnadel\u201c ausw\u00e4hlen).<\/li>\n<\/ul>\n<p>&nbsp;<\/p>\n<p><strong>F\u00e4higkeitsniveau<\/strong><br \/>\nMittelstufe, empfohlen f\u00fcr Kinder ab 12 Jahren, die bereits Grundkenntnisse im H\u00e4keln haben.<\/p>\n<p><strong>Sind Sie Rechts- oder Linksh\u00e4nder?<\/strong><br \/>\nKeine Sorge, alle unsere Snuglies-H\u00e4kelsets enthalten Anleitungen f\u00fcr Rechts- und Linksh\u00e4nder.<\/p>\n<p><strong>Gr\u00f6\u00dfe<\/strong><br \/>\nUngef\u00e4hr 18 cm gro\u00df. Da es sich um einen Artikel handelt, den Sie von Hand stricken m\u00fcssen, kann die endg\u00fcltige Gr\u00f6\u00dfe abh\u00e4ngig von Ihrer Strickweise und der Spannung, die Sie auf die Maschen anwenden, variieren.<\/p>\n","protected":false},"featured_media":34289,"comment_status":"open","ping_status":"closed","template":"","meta":[],"product_brand":[285],"product_cat":[605,607],"product_tag":[],"giftcard-category":[],"class_list":{"0":"post-34275","1":"product","2":"type-product","3":"status-publish","4":"has-post-thumbnail","6":"product_brand-the-snuglies","7":"product_cat-kits-de","8":"product_cat-mittelstufe","10":"first","11":"instock","12":"taxable","13":"shipping-taxable","14":"purchasable","15":"product-type-variable","16":"has-default-attributes"},"aioseo_notices":[],"_links":{"self":[{"href":"https:\/\/www.thesnuglies.com\/de\/wp-json\/wp\/v2\/product\/34275","targetHints":{"allow":["GET"]}}],"collection":[{"href":"https:\/\/www.thesnuglies.com\/de\/wp-json\/wp\/v2\/product"}],"about":[{"href":"https:\/\/www.thesnuglies.com\/de\/wp-json\/wp\/v2\/types\/product"}],"replies":[{"embeddable":true,"href":"https:\/\/www.thesnuglies.com\/de\/wp-json\/wp\/v2\/comments?post=34275"}],"version-history":[{"count":1,"href":"https:\/\/www.thesnuglies.com\/de\/wp-json\/wp\/v2\/product\/34275\/revisions"}],"predecessor-version":[{"id":34319,"href":"https:\/\/www.thesnuglies.com\/de\/wp-json\/wp\/v2\/product\/34275\/revisions\/34319"}],"wp:featuredmedia":[{"embeddable":true,"href":"https:\/\/www.thesnuglies.com\/de\/wp-json\/wp\/v2\/media\/34289"}],"wp:attachment":[{"href":"https:\/\/www.thesnuglies.com\/de\/wp-json\/wp\/v2\/media?parent=34275"}],"wp:term":[{"taxonomy":"product_brand","embeddable":true,"href":"https:\/\/www.thesnuglies.com\/de\/wp-json\/wp\/v2\/product_brand?post=34275"},{"taxonomy":"product_cat","embeddable":true,"href":"https:\/\/www.thesnuglies.com\/de\/wp-json\/wp\/v2\/product_cat?post=34275"},{"taxonomy":"product_tag","embeddable":true,"href":"https:\/\/www.thesnuglies.com\/de\/wp-json\/wp\/v2\/product_tag?post=34275"},{"taxonomy":"giftcard-category","embeddable":true,"href":"https:\/\/www.thesnuglies.com\/de\/wp-json\/wp\/v2\/giftcard-category?post=34275"}],"curies":[{"name":"wp","href":"https:\/\/api.w.org\/{rel}","templated":true}]}}