{"id":33104,"date":"2024-03-12T18:49:07","date_gmt":"2024-03-12T17:49:07","guid":{"rendered":"https:\/\/www.thesnuglies.com\/tienda\/uncategorized\/kit-ganchillo-duende-seamus-ofinnegan\/"},"modified":"2024-08-05T14:37:46","modified_gmt":"2024-08-05T12:37:46","slug":"haekelset-kobold-seamus-ofinnegan","status":"publish","type":"product","link":"https:\/\/www.thesnuglies.com\/de\/tienda\/kits-de\/anfaenger-plus\/haekelset-kobold-seamus-ofinnegan\/","title":{"rendered":"H\u00e4kelset Kobold Seamus O&#8217;Finnegan"},"content":{"rendered":"<p>Stellen Sie sich vor, Sie begeben sich auf eine aufregende Suche, die Sie zum Ende des Regenbogens f\u00fchrt, um den Goldtopf zu finden, mit Seamus O&#8217;Finnegan, dem frechsten und charmantesten Kobold in ganz Irland, als Ihrem F\u00fchrer! Seamus ist der perfekte Begleiter f\u00fcr fortgeschrittene Anf\u00e4nger, und unsere detaillierten Anleitungen f\u00fchren Sie Schritt f\u00fcr Schritt durch gr\u00fcne Wiesen und verzauberte W\u00e4lder auf der Suche nach dem wertvollen Goldtopf. Mit jedem Stich kommen Sie dem aufregenden Ende des Regenbogens n\u00e4her, wo Sie ein Schatz voller Freude und Kreativit\u00e4t erwartet.<\/p>\n<p>Schlie\u00dfen Sie sich dem Spa\u00df an, Ihren eigenen Seamus zu h\u00e4keln, und machen Sie sich bereit, die Magie zu entdecken, die am Ende der H\u00e4kelreise auf Sie wartet. Ihr geh\u00e4kelter Goldtopf erwartet Sie am Ende des Regenbogens!<\/p>\n<p><strong>Kann ich wirklich mit diesen Kits h\u00e4keln lernen?<\/strong> Absolut! Folgen Sie den Schritt-f\u00fcr-Schritt-Videoleitf\u00e4den, die in jedem Kit enthalten sind, um das H\u00e4keln zu erlernen. Die Stiche, die Sie lernen werden, sind die grundlegenden, die in jedem H\u00e4kelprojekt verwendet werden.<\/p>\n<p><strong>Was dieses Kit beinhaltet:<\/strong><\/p>\n<ul>\n<li>Schritt-f\u00fcr-Schritt-Videotutorials.<\/li>\n<li>Garn in den entsprechenden Farben f\u00fcr Ihren Snuglie, perfekt f\u00fcr Anf\u00e4nger.<\/li>\n<li>Unbegrenzte E-Mail-Unterst\u00fctzung sowie Videoanrufe w\u00e4hrend der B\u00fcrozeiten mit unseren Experten, wenn Sie stecken bleiben.<\/li>\n<li>Plastikaugen.<\/li>\n<li>F\u00fcllmaterial.<\/li>\n<li>Wollnadel.<\/li>\n<li>Maschenmarkierer.<\/li>\n<li>Herunterladbares PDF-H\u00e4kelmuster.<\/li>\n<li>Ergonomische 3 mm H\u00e4kelnadel (zus\u00e4tzliche Kosten).<\/li>\n<\/ul>\n<p><strong>F\u00e4higkeitsstufe<\/strong> Anf\u00e4nger+, empfohlen f\u00fcr Personen ab 12 Jahren.<\/p>\n<p><strong>Sind Sie rechts- oder linksh\u00e4ndig?<\/strong> Wir haben Sie abgedeckt. Unsere Anf\u00e4nger-H\u00e4kelsets funktionieren sowohl f\u00fcr Rechts- als auch f\u00fcr Linksh\u00e4nder, und alle H\u00e4kel-Tutorials unserer Snuglies haben Versionen f\u00fcr Rechts- und Linksh\u00e4nder.<\/p>\n<p><strong>Gr\u00f6\u00dfe<\/strong> Ungef\u00e4hr 10 cm hoch. Da es sich um einen handgefertigten Artikel handelt, h\u00e4ngt die genaue Gr\u00f6\u00dfe von Ihrem H\u00e4kelstil und der angewandten Spannung ab.<\/p>\n","protected":false},"excerpt":{"rendered":"<p>Stellen Sie sich vor, Sie begeben sich auf eine aufregende Suche, die Sie zum Ende des Regenbogens f\u00fchrt, um den Goldtopf zu finden, mit Seamus O&#8217;Finnegan, dem frechsten und charmantesten Kobold in ganz Irland, als Ihrem F\u00fchrer! Seamus ist der perfekte Begleiter f\u00fcr fortgeschrittene Anf\u00e4nger, und unsere detaillierten Anleitungen f\u00fchren Sie Schritt f\u00fcr Schritt durch gr\u00fcne Wiesen und verzauberte W\u00e4lder auf der Suche nach dem wertvollen Goldtopf. Mit jedem Stich kommen Sie dem aufregenden Ende des Regenbogens n\u00e4her, wo Sie ein Schatz voller Freude und Kreativit\u00e4t erwartet.<\/p>\n<p>Schlie\u00dfen Sie sich dem Spa\u00df an, Ihren eigenen Seamus zu h\u00e4keln, und machen Sie sich bereit, die Magie zu entdecken, die am Ende der H\u00e4kelreise auf Sie wartet. Ihr geh\u00e4kelter Goldtopf erwartet Sie am Ende des Regenbogens!<\/p>\n<p><strong>Kann ich wirklich mit diesen Kits h\u00e4keln lernen?<\/strong> Absolut! Folgen Sie den Schritt-f\u00fcr-Schritt-Videoleitf\u00e4den, die in jedem Kit enthalten sind, um das H\u00e4keln zu erlernen. Die Stiche, die Sie lernen werden, sind die grundlegenden, die in jedem H\u00e4kelprojekt verwendet werden.<\/p>\n<p><strong>Was dieses Kit beinhaltet:<\/strong><\/p>\n<ul>\n<li>Schritt-f\u00fcr-Schritt-Videotutorials.<\/li>\n<li>Garn in den entsprechenden Farben f\u00fcr Ihren Snuglie, perfekt f\u00fcr Anf\u00e4nger.<\/li>\n<li>Unbegrenzte E-Mail-Unterst\u00fctzung sowie Videoanrufe w\u00e4hrend der B\u00fcrozeiten mit unseren Experten, wenn Sie stecken bleiben.<\/li>\n<li>Plastikaugen.<\/li>\n<li>F\u00fcllmaterial.<\/li>\n<li>Wollnadel.<\/li>\n<li>Maschenmarkierer.<\/li>\n<li>Herunterladbares PDF-H\u00e4kelmuster.<\/li>\n<li>Ergonomische 3 mm H\u00e4kelnadel (zus\u00e4tzliche Kosten).<\/li>\n<\/ul>\n<p><strong>F\u00e4higkeitsstufe<\/strong> Anf\u00e4nger+, empfohlen f\u00fcr Personen ab 12 Jahren.<\/p>\n<p><strong>Sind Sie rechts- oder linksh\u00e4ndig?<\/strong> Wir haben Sie abgedeckt. Unsere Anf\u00e4nger-H\u00e4kelsets funktionieren sowohl f\u00fcr Rechts- als auch f\u00fcr Linksh\u00e4nder, und alle H\u00e4kel-Tutorials unserer Snuglies haben Versionen f\u00fcr Rechts- und Linksh\u00e4nder.<\/p>\n<p><strong>Gr\u00f6\u00dfe<\/strong> Ungef\u00e4hr 10 cm hoch. Da es sich um einen handgefertigten Artikel handelt, h\u00e4ngt die genaue Gr\u00f6\u00dfe von Ihrem H\u00e4kelstil und der angewandten Spannung ab.<\/p>\n","protected":false},"featured_media":33105,"comment_status":"open","ping_status":"closed","template":"","meta":[],"product_brand":[285],"product_cat":[605,608],"product_tag":[],"giftcard-category":[],"class_list":{"0":"post-33104","1":"product","2":"type-product","3":"status-publish","4":"has-post-thumbnail","6":"product_brand-the-snuglies","7":"product_gender-unisex","8":"product_cat-kits-de","9":"product_cat-anfaenger-plus","11":"first","12":"instock","13":"taxable","14":"shipping-taxable","15":"purchasable","16":"product-type-variable","17":"has-default-attributes"},"aioseo_notices":[],"_links":{"self":[{"href":"https:\/\/www.thesnuglies.com\/de\/wp-json\/wp\/v2\/product\/33104","targetHints":{"allow":["GET"]}}],"collection":[{"href":"https:\/\/www.thesnuglies.com\/de\/wp-json\/wp\/v2\/product"}],"about":[{"href":"https:\/\/www.thesnuglies.com\/de\/wp-json\/wp\/v2\/types\/product"}],"replies":[{"embeddable":true,"href":"https:\/\/www.thesnuglies.com\/de\/wp-json\/wp\/v2\/comments?post=33104"}],"version-history":[{"count":2,"href":"https:\/\/www.thesnuglies.com\/de\/wp-json\/wp\/v2\/product\/33104\/revisions"}],"predecessor-version":[{"id":33183,"href":"https:\/\/www.thesnuglies.com\/de\/wp-json\/wp\/v2\/product\/33104\/revisions\/33183"}],"wp:featuredmedia":[{"embeddable":true,"href":"https:\/\/www.thesnuglies.com\/de\/wp-json\/wp\/v2\/media\/33105"}],"wp:attachment":[{"href":"https:\/\/www.thesnuglies.com\/de\/wp-json\/wp\/v2\/media?parent=33104"}],"wp:term":[{"taxonomy":"product_brand","embeddable":true,"href":"https:\/\/www.thesnuglies.com\/de\/wp-json\/wp\/v2\/product_brand?post=33104"},{"taxonomy":"product_cat","embeddable":true,"href":"https:\/\/www.thesnuglies.com\/de\/wp-json\/wp\/v2\/product_cat?post=33104"},{"taxonomy":"product_tag","embeddable":true,"href":"https:\/\/www.thesnuglies.com\/de\/wp-json\/wp\/v2\/product_tag?post=33104"},{"taxonomy":"giftcard-category","embeddable":true,"href":"https:\/\/www.thesnuglies.com\/de\/wp-json\/wp\/v2\/giftcard-category?post=33104"}],"curies":[{"name":"wp","href":"https:\/\/api.w.org\/{rel}","templated":true}]}}