{"id":33077,"date":"2023-05-10T17:02:30","date_gmt":"2023-05-10T15:02:30","guid":{"rendered":"https:\/\/www.thesnuglies.com\/tienda\/uncategorized\/pack-las-cluecas\/"},"modified":"2024-08-05T15:27:37","modified_gmt":"2024-08-05T13:27:37","slug":"das-cluecas-pack","status":"publish","type":"product","link":"https:\/\/www.thesnuglies.com\/de\/tienda\/bundel\/lots-anfaenger\/das-cluecas-pack\/","title":{"rendered":"Das Cluecas Pack"},"content":{"rendered":"<p>Lola das Huhn und Chip das K\u00fcken sind auf dem Bauernhof als &#8222;Die Glucken&#8220; bekannt. Lola ist eine stolze und besch\u00fctzende Henne, die Chip immer in ihrer N\u00e4he h\u00e4lt. Gemeinsam erkunden sie den Hof und verbringen den Tag damit, nach Insekten und Samen zu suchen.<\/p>\n<p>Obwohl sie unzertrennlich sind, haben &#8222;Die Glucken&#8220; viele Freunde auf dem Bauernhof. Dolly das Schaf leiht ihnen ihre Wolle f\u00fcr ihre Nester, w\u00e4hrend Rocky der Hahn ihnen beibringt, wie man im Morgengrauen singt. Selbst die Kuh Margarita genie\u00dft ihre Gesellschaft.<\/p>\n<p>In ihrer Freizeit nehmen &#8222;Die Glucken&#8220; gerne Staubb\u00e4der und entspannen sich in der Nachmittagssonne. Wenn es Zeit ist, ins Bett zu gehen, kuschelt Lola Chip unter ihren Fl\u00fcgeln, um ihn die ganze Nacht warm zu halten.<\/p>\n<p>Trotz der Herausforderungen, denen sie auf dem Bauernhof begegnen, haben &#8222;Die Glucken&#8220; immer Spa\u00df und genie\u00dfen das Leben in der Gemeinschaft. Und solange sie zusammen sind, kann sie nichts aufhalten.<\/p>\n<p><strong>Was dieses Kit beinhaltet:<\/strong><\/p>\n<ul>\n<li><a href=\"https:\/\/www.thesnuglies.com\/de\/tienda\/kits-de\/anfanger\/haekelset-henne-lola\/\"><u>1 H\u00e4kelset Huhn Lola mit H\u00e4kelnadel.<\/u><\/a><\/li>\n<li><a href=\"https:\/\/www.thesnuglies.com\/de\/tienda\/kits-de\/anfanger\/haekelset-kueken-chip\/\"><u>1 H\u00e4kelset K\u00fcken Chip mit H\u00e4kelnadel.<\/u><\/a><\/li>\n<\/ul>\n<p><strong>F\u00e4higkeitsstufe:<\/strong> Anf\u00e4nger, empfohlen f\u00fcr Personen ab 12 Jahren.<\/p>\n<p><strong>Sind Sie rechts- oder linksh\u00e4ndig?<\/strong> Wir haben Sie abgedeckt. Unsere Anf\u00e4nger-H\u00e4kelsets funktionieren sowohl f\u00fcr Rechts- als auch f\u00fcr Linksh\u00e4nder, und alle H\u00e4kel-Tutorials unserer Snuglies haben Versionen f\u00fcr Rechts- und Linksh\u00e4nder.<\/p>\n<p><strong>Gr\u00f6\u00dfe:<\/strong> Ungef\u00e4hr 10 cm hoch. Da es sich um einen handgefertigten Artikel handelt, h\u00e4ngt die genaue Gr\u00f6\u00dfe von Ihrem H\u00e4kelstil und der angewandten Spannung ab.<\/p>\n","protected":false},"excerpt":{"rendered":"<p>Lola das Huhn und Chip das K\u00fcken sind auf dem Bauernhof als &#8222;Die Glucken&#8220; bekannt. Lola ist eine stolze und besch\u00fctzende Henne, die Chip immer in ihrer N\u00e4he h\u00e4lt. Gemeinsam erkunden sie den Hof und verbringen den Tag damit, nach Insekten und Samen zu suchen.<\/p>\n<p>Obwohl sie unzertrennlich sind, haben &#8222;Die Glucken&#8220; viele Freunde auf dem Bauernhof. Dolly das Schaf leiht ihnen ihre Wolle f\u00fcr ihre Nester, w\u00e4hrend Rocky der Hahn ihnen beibringt, wie man im Morgengrauen singt. Selbst die Kuh Margarita genie\u00dft ihre Gesellschaft.<\/p>\n<p>In ihrer Freizeit nehmen &#8222;Die Glucken&#8220; gerne Staubb\u00e4der und entspannen sich in der Nachmittagssonne. Wenn es Zeit ist, ins Bett zu gehen, kuschelt Lola Chip unter ihren Fl\u00fcgeln, um ihn die ganze Nacht warm zu halten.<\/p>\n<p>Trotz der Herausforderungen, denen sie auf dem Bauernhof begegnen, haben &#8222;Die Glucken&#8220; immer Spa\u00df und genie\u00dfen das Leben in der Gemeinschaft. Und solange sie zusammen sind, kann sie nichts aufhalten.<\/p>\n<p><strong>Was dieses Kit beinhaltet:<\/strong><\/p>\n<ul>\n<li><a href=\"https:\/\/www.thesnuglies.com\/de\/tienda\/kits-de\/anfanger\/haekelset-henne-lola\/\"><u>1 H\u00e4kelset Huhn Lola mit H\u00e4kelnadel.<\/u><\/a><\/li>\n<li><a href=\"https:\/\/www.thesnuglies.com\/de\/tienda\/kits-de\/anfanger\/haekelset-kueken-chip\/\"><u>1 H\u00e4kelset K\u00fcken Chip mit H\u00e4kelnadel.<\/u><\/a><\/li>\n<\/ul>\n<p><strong>F\u00e4higkeitsstufe:<\/strong> Anf\u00e4nger, empfohlen f\u00fcr Personen ab 12 Jahren.<\/p>\n<p><strong>Sind Sie rechts- oder linksh\u00e4ndig?<\/strong> Wir haben Sie abgedeckt. Unsere Anf\u00e4nger-H\u00e4kelsets funktionieren sowohl f\u00fcr Rechts- als auch f\u00fcr Linksh\u00e4nder, und alle H\u00e4kel-Tutorials unserer Snuglies haben Versionen f\u00fcr Rechts- und Linksh\u00e4nder.<\/p>\n<p><strong>Gr\u00f6\u00dfe:<\/strong> Ungef\u00e4hr 10 cm hoch. Da es sich um einen handgefertigten Artikel handelt, h\u00e4ngt die genaue Gr\u00f6\u00dfe von Ihrem H\u00e4kelstil und der angewandten Spannung ab.<\/p>\n","protected":false},"featured_media":33078,"comment_status":"open","ping_status":"closed","template":"","meta":[],"product_brand":[285],"product_cat":[611,612],"product_tag":[],"giftcard-category":[],"class_list":{"0":"post-33077","1":"product","2":"type-product","3":"status-publish","4":"has-post-thumbnail","6":"product_brand-the-snuglies","7":"product_gender-unisex","8":"product_cat-bundel","9":"product_cat-lots-anfaenger","11":"first","12":"instock","13":"taxable","14":"shipping-taxable","15":"purchasable","16":"product-type-simple"},"aioseo_notices":[],"_links":{"self":[{"href":"https:\/\/www.thesnuglies.com\/de\/wp-json\/wp\/v2\/product\/33077","targetHints":{"allow":["GET"]}}],"collection":[{"href":"https:\/\/www.thesnuglies.com\/de\/wp-json\/wp\/v2\/product"}],"about":[{"href":"https:\/\/www.thesnuglies.com\/de\/wp-json\/wp\/v2\/types\/product"}],"replies":[{"embeddable":true,"href":"https:\/\/www.thesnuglies.com\/de\/wp-json\/wp\/v2\/comments?post=33077"}],"version-history":[{"count":4,"href":"https:\/\/www.thesnuglies.com\/de\/wp-json\/wp\/v2\/product\/33077\/revisions"}],"predecessor-version":[{"id":33204,"href":"https:\/\/www.thesnuglies.com\/de\/wp-json\/wp\/v2\/product\/33077\/revisions\/33204"}],"wp:featuredmedia":[{"embeddable":true,"href":"https:\/\/www.thesnuglies.com\/de\/wp-json\/wp\/v2\/media\/33078"}],"wp:attachment":[{"href":"https:\/\/www.thesnuglies.com\/de\/wp-json\/wp\/v2\/media?parent=33077"}],"wp:term":[{"taxonomy":"product_brand","embeddable":true,"href":"https:\/\/www.thesnuglies.com\/de\/wp-json\/wp\/v2\/product_brand?post=33077"},{"taxonomy":"product_cat","embeddable":true,"href":"https:\/\/www.thesnuglies.com\/de\/wp-json\/wp\/v2\/product_cat?post=33077"},{"taxonomy":"product_tag","embeddable":true,"href":"https:\/\/www.thesnuglies.com\/de\/wp-json\/wp\/v2\/product_tag?post=33077"},{"taxonomy":"giftcard-category","embeddable":true,"href":"https:\/\/www.thesnuglies.com\/de\/wp-json\/wp\/v2\/giftcard-category?post=33077"}],"curies":[{"name":"wp","href":"https:\/\/api.w.org\/{rel}","templated":true}]}}