{"id":33073,"date":"2023-05-10T16:22:44","date_gmt":"2023-05-10T14:22:44","guid":{"rendered":"https:\/\/www.thesnuglies.com\/tienda\/uncategorized\/pack-animales-de-granja\/"},"modified":"2024-08-05T15:41:21","modified_gmt":"2024-08-05T13:41:21","slug":"bauernhoftiere-pack","status":"publish","type":"product","link":"https:\/\/www.thesnuglies.com\/de\/tienda\/bundel\/lots-anfaenger\/bauernhoftiere-pack\/","title":{"rendered":"Bauernhoftiere Pack"},"content":{"rendered":"<p>Coco und Pepe sind die besten Freunde auf dem Bauernhof. Coco ist ein frecher und verspielter Hase, der immer herumh\u00fcpft und Luftakrobatik macht. Pepe hingegen ist ein gutm\u00fctiges und gefr\u00e4\u00dfiges Schwein, das immer auf der Suche nach etwas zu essen ist und sich gerne im Schlamm w\u00e4lzt.<\/p>\n<p>Trotz ihrer gegens\u00e4tzlichen Pers\u00f6nlichkeiten verstehen sich Coco und Pepe sehr gut und verbringen gerne Zeit zusammen auf dem Bauernhof. Man sieht sie oft durch die gr\u00fcnen Felder rennen, die St\u00e4lle erkunden und leckere Snacks teilen.<\/p>\n<p>Neben ihrer Freundschaft haben Coco und Pepe auch andere Freunde auf dem Bauernhof, wie das Huhn Lola, das K\u00fcken Chip und den Hund Rufus. Gemeinsam bilden sie eine gro\u00dfe Tierfamilie, die harmonisch auf dem Bauernhof lebt. Das Leben auf dem Bauernhof ist immer aufregend und voller Abenteuer f\u00fcr Coco, Pepe und ihre Freunde. Ob sie auf der Wiese spielen oder bei den t\u00e4glichen Aufgaben helfen, es gibt immer etwas Lustiges auf dem Bauernhof zu tun.<\/p>\n<p><strong>Was dieses Kit beinhaltet:<\/strong><\/p>\n<ul>\n<li><a href=\"https:\/\/www.thesnuglies.com\/de\/tienda\/kits-de\/anfanger\/haekelset-hase-coco\/\"><u>1 H\u00e4kelset Hase Coco mit H\u00e4kelnadel.<\/u><\/a><\/li>\n<li><a href=\"https:\/\/www.thesnuglies.com\/de\/tienda\/kits-de\/anfanger\/haekelset-pepe-das-schwein\/\"><u>1 H\u00e4kelset Schwein Pepe mit H\u00e4kelnadel.<\/u><\/a><\/li>\n<\/ul>\n<p><strong>F\u00e4higkeitsstufe:<\/strong> Anf\u00e4nger, empfohlen f\u00fcr Personen ab 12 Jahren.<\/p>\n<p><strong>Sind Sie rechts- oder linksh\u00e4ndig?<\/strong> Wir haben Sie abgedeckt. Unsere Anf\u00e4nger-H\u00e4kelsets funktionieren sowohl f\u00fcr Rechts- als auch f\u00fcr Linksh\u00e4nder, und alle H\u00e4kel-Tutorials unserer Snuglies haben Versionen f\u00fcr Rechts- und Linksh\u00e4nder.<\/p>\n<p><strong>Gr\u00f6\u00dfe:<\/strong> Ungef\u00e4hr 10 cm hoch. Da es sich um einen handgefertigten Artikel handelt, h\u00e4ngt die genaue Gr\u00f6\u00dfe von Ihrem H\u00e4kelstil und der angewandten Spannung ab.<\/p>\n","protected":false},"excerpt":{"rendered":"<p>Coco und Pepe sind die besten Freunde auf dem Bauernhof. Coco ist ein frecher und verspielter Hase, der immer herumh\u00fcpft und Luftakrobatik macht. Pepe hingegen ist ein gutm\u00fctiges und gefr\u00e4\u00dfiges Schwein, das immer auf der Suche nach etwas zu essen ist und sich gerne im Schlamm w\u00e4lzt.<\/p>\n<p>Trotz ihrer gegens\u00e4tzlichen Pers\u00f6nlichkeiten verstehen sich Coco und Pepe sehr gut und verbringen gerne Zeit zusammen auf dem Bauernhof. Man sieht sie oft durch die gr\u00fcnen Felder rennen, die St\u00e4lle erkunden und leckere Snacks teilen.<\/p>\n<p>Neben ihrer Freundschaft haben Coco und Pepe auch andere Freunde auf dem Bauernhof, wie das Huhn Lola, das K\u00fcken Chip und den Hund Rufus. Gemeinsam bilden sie eine gro\u00dfe Tierfamilie, die harmonisch auf dem Bauernhof lebt. Das Leben auf dem Bauernhof ist immer aufregend und voller Abenteuer f\u00fcr Coco, Pepe und ihre Freunde. Ob sie auf der Wiese spielen oder bei den t\u00e4glichen Aufgaben helfen, es gibt immer etwas Lustiges auf dem Bauernhof zu tun.<\/p>\n<p><strong>Was dieses Kit beinhaltet:<\/strong><\/p>\n<ul>\n<li><a href=\"https:\/\/www.thesnuglies.com\/de\/tienda\/kits-de\/anfanger\/haekelset-hase-coco\/\"><u>1 H\u00e4kelset Hase Coco mit H\u00e4kelnadel.<\/u><\/a><\/li>\n<li><a href=\"https:\/\/www.thesnuglies.com\/de\/tienda\/kits-de\/anfanger\/haekelset-pepe-das-schwein\/\"><u>1 H\u00e4kelset Schwein Pepe mit H\u00e4kelnadel.<\/u><\/a><\/li>\n<\/ul>\n<p><strong>F\u00e4higkeitsstufe:<\/strong> Anf\u00e4nger, empfohlen f\u00fcr Personen ab 12 Jahren.<\/p>\n<p><strong>Sind Sie rechts- oder linksh\u00e4ndig?<\/strong> Wir haben Sie abgedeckt. Unsere Anf\u00e4nger-H\u00e4kelsets funktionieren sowohl f\u00fcr Rechts- als auch f\u00fcr Linksh\u00e4nder, und alle H\u00e4kel-Tutorials unserer Snuglies haben Versionen f\u00fcr Rechts- und Linksh\u00e4nder.<\/p>\n<p><strong>Gr\u00f6\u00dfe:<\/strong> Ungef\u00e4hr 10 cm hoch. Da es sich um einen handgefertigten Artikel handelt, h\u00e4ngt die genaue Gr\u00f6\u00dfe von Ihrem H\u00e4kelstil und der angewandten Spannung ab.<\/p>\n","protected":false},"featured_media":33074,"comment_status":"open","ping_status":"closed","template":"","meta":[],"product_brand":[285],"product_cat":[611,612],"product_tag":[],"giftcard-category":[],"class_list":{"0":"post-33073","1":"product","2":"type-product","3":"status-publish","4":"has-post-thumbnail","6":"product_brand-the-snuglies","7":"product_gender-unisex","8":"product_cat-bundel","9":"product_cat-lots-anfaenger","11":"first","12":"instock","13":"taxable","14":"shipping-taxable","15":"purchasable","16":"product-type-simple"},"aioseo_notices":[],"_links":{"self":[{"href":"https:\/\/www.thesnuglies.com\/de\/wp-json\/wp\/v2\/product\/33073","targetHints":{"allow":["GET"]}}],"collection":[{"href":"https:\/\/www.thesnuglies.com\/de\/wp-json\/wp\/v2\/product"}],"about":[{"href":"https:\/\/www.thesnuglies.com\/de\/wp-json\/wp\/v2\/types\/product"}],"replies":[{"embeddable":true,"href":"https:\/\/www.thesnuglies.com\/de\/wp-json\/wp\/v2\/comments?post=33073"}],"version-history":[{"count":4,"href":"https:\/\/www.thesnuglies.com\/de\/wp-json\/wp\/v2\/product\/33073\/revisions"}],"predecessor-version":[{"id":33214,"href":"https:\/\/www.thesnuglies.com\/de\/wp-json\/wp\/v2\/product\/33073\/revisions\/33214"}],"wp:featuredmedia":[{"embeddable":true,"href":"https:\/\/www.thesnuglies.com\/de\/wp-json\/wp\/v2\/media\/33074"}],"wp:attachment":[{"href":"https:\/\/www.thesnuglies.com\/de\/wp-json\/wp\/v2\/media?parent=33073"}],"wp:term":[{"taxonomy":"product_brand","embeddable":true,"href":"https:\/\/www.thesnuglies.com\/de\/wp-json\/wp\/v2\/product_brand?post=33073"},{"taxonomy":"product_cat","embeddable":true,"href":"https:\/\/www.thesnuglies.com\/de\/wp-json\/wp\/v2\/product_cat?post=33073"},{"taxonomy":"product_tag","embeddable":true,"href":"https:\/\/www.thesnuglies.com\/de\/wp-json\/wp\/v2\/product_tag?post=33073"},{"taxonomy":"giftcard-category","embeddable":true,"href":"https:\/\/www.thesnuglies.com\/de\/wp-json\/wp\/v2\/giftcard-category?post=33073"}],"curies":[{"name":"wp","href":"https:\/\/api.w.org\/{rel}","templated":true}]}}