{"id":33069,"date":"2023-05-10T14:54:21","date_gmt":"2023-05-10T12:54:21","guid":{"rendered":"https:\/\/www.thesnuglies.com\/tienda\/uncategorized\/crea-tu-propio-bundle\/"},"modified":"2024-08-05T16:03:24","modified_gmt":"2024-08-05T14:03:24","slug":"erstellen-sie-ihr-eigenes-paket","status":"publish","type":"product","link":"https:\/\/www.thesnuglies.com\/de\/tienda\/bundel\/lots-anfaenger\/erstellen-sie-ihr-eigenes-paket\/","title":{"rendered":"Erstellen Sie Ihr eigenes Paket"},"content":{"rendered":"<h2>85,00\u20ac<\/h2>\n<p>&nbsp;<\/p>\n<p>W\u00e4hlen Sie 4 Kits, um bei Ihrem Kauf zu sparen und erhalten Sie kostenlosen Versand f\u00fcr Ihre Bestellung! Alle Kits beinhalten eine H\u00e4kelnadel.<\/p>\n","protected":false},"excerpt":{"rendered":"<h2>85,00\u20ac<\/h2>\n<p>&nbsp;<\/p>\n<p>W\u00e4hlen Sie 4 Kits, um bei Ihrem Kauf zu sparen und erhalten Sie kostenlosen Versand f\u00fcr Ihre Bestellung! Alle Kits beinhalten eine H\u00e4kelnadel.<\/p>\n","protected":false},"featured_media":33070,"comment_status":"open","ping_status":"closed","template":"","meta":[],"product_brand":[285],"product_cat":[611,612],"product_tag":[],"giftcard-category":[],"class_list":{"0":"post-33069","1":"product","2":"type-product","3":"status-publish","4":"has-post-thumbnail","6":"product_brand-the-snuglies","7":"product_gender-unisex","8":"product_cat-bundel","9":"product_cat-lots-anfaenger","11":"first","12":"instock","13":"taxable","14":"shipping-taxable","15":"purchasable","16":"product-type-box_product"},"aioseo_notices":[],"_links":{"self":[{"href":"https:\/\/www.thesnuglies.com\/de\/wp-json\/wp\/v2\/product\/33069","targetHints":{"allow":["GET"]}}],"collection":[{"href":"https:\/\/www.thesnuglies.com\/de\/wp-json\/wp\/v2\/product"}],"about":[{"href":"https:\/\/www.thesnuglies.com\/de\/wp-json\/wp\/v2\/types\/product"}],"replies":[{"embeddable":true,"href":"https:\/\/www.thesnuglies.com\/de\/wp-json\/wp\/v2\/comments?post=33069"}],"version-history":[{"count":2,"href":"https:\/\/www.thesnuglies.com\/de\/wp-json\/wp\/v2\/product\/33069\/revisions"}],"predecessor-version":[{"id":33219,"href":"https:\/\/www.thesnuglies.com\/de\/wp-json\/wp\/v2\/product\/33069\/revisions\/33219"}],"wp:featuredmedia":[{"embeddable":true,"href":"https:\/\/www.thesnuglies.com\/de\/wp-json\/wp\/v2\/media\/33070"}],"wp:attachment":[{"href":"https:\/\/www.thesnuglies.com\/de\/wp-json\/wp\/v2\/media?parent=33069"}],"wp:term":[{"taxonomy":"product_brand","embeddable":true,"href":"https:\/\/www.thesnuglies.com\/de\/wp-json\/wp\/v2\/product_brand?post=33069"},{"taxonomy":"product_cat","embeddable":true,"href":"https:\/\/www.thesnuglies.com\/de\/wp-json\/wp\/v2\/product_cat?post=33069"},{"taxonomy":"product_tag","embeddable":true,"href":"https:\/\/www.thesnuglies.com\/de\/wp-json\/wp\/v2\/product_tag?post=33069"},{"taxonomy":"giftcard-category","embeddable":true,"href":"https:\/\/www.thesnuglies.com\/de\/wp-json\/wp\/v2\/giftcard-category?post=33069"}],"curies":[{"name":"wp","href":"https:\/\/api.w.org\/{rel}","templated":true}]}}