{"id":33023,"date":"2023-04-05T10:57:31","date_gmt":"2023-04-05T08:57:31","guid":{"rendered":"https:\/\/www.thesnuglies.com\/tienda\/uncategorized\/kit-ganchillo-rana-mia\/"},"modified":"2024-08-05T13:37:15","modified_gmt":"2024-08-05T11:37:15","slug":"haekelset-frosch-mia","status":"publish","type":"product","link":"https:\/\/www.thesnuglies.com\/de\/tienda\/kits-de\/anfanger\/haekelset-frosch-mia\/","title":{"rendered":"H\u00e4kelset Frosch Mia"},"content":{"rendered":"<p><strong>Lerne Mia den Frosch kennen<\/strong><\/p>\n<p>Wenn du ein H\u00e4kel-Fan bist und Amigurumi liebst, ist dieses Kit perfekt f\u00fcr dich. Mit unseren detaillierten und leicht verst\u00e4ndlichen Anleitungen kannst du deinen eigenen Amigurumi-Frosch im Handumdrehen erstellen.<\/p>\n<p>Mia ist ein bezaubernder Charakter voller Pers\u00f6nlichkeit, der zum besten Freund deiner Kinder, einem originellen Geschenk f\u00fcr deine Freunde oder einer s\u00fc\u00dfen Dekoration f\u00fcr dein Zuhause wird. Verpasse nicht die Gelegenheit, deinen eigenen Frosch Mia zu h\u00e4keln und tauche ein in die lustige Welt des Amigurumi-H\u00e4kelns!<\/p>\n<p><strong>Kann ich wirklich mit diesen Kits h\u00e4keln lernen?<\/strong> Absolut! Folge den Schritt-f\u00fcr-Schritt-Videoleitf\u00e4den, die in jedem Kit enthalten sind, um das H\u00e4keln zu erlernen. Die Stiche, die du lernen wirst, sind die grundlegenden, die in jedem H\u00e4kelprojekt verwendet werden.<\/p>\n<p><strong>Was dieses Kit beinhaltet:<\/strong><\/p>\n<ul>\n<li>Schritt-f\u00fcr-Schritt-Videotutorials.<\/li>\n<li>Garn in den entsprechenden Farben f\u00fcr deinen Snuglie, perfekt f\u00fcr Anf\u00e4nger.<\/li>\n<li>Unbegrenzte E-Mail-Unterst\u00fctzung sowie Videoanrufe w\u00e4hrend der B\u00fcrozeiten mit unseren Experten, wenn du stecken bleibst.<\/li>\n<li>Plastikaugen.<\/li>\n<li>F\u00fcllmaterial.<\/li>\n<li>Wollnadel.<\/li>\n<li>Maschenmarkierer.<\/li>\n<li>Herunterladbares PDF-H\u00e4kelmuster.<\/li>\n<li>Ergonomische 3 mm H\u00e4kelnadel (zus\u00e4tzliche Kosten).<\/li>\n<\/ul>\n<p><strong>F\u00e4higkeitsstufe<\/strong> Anf\u00e4nger, empfohlen f\u00fcr Personen ab 12 Jahren.<\/p>\n<p><strong>Bist du rechts- oder linksh\u00e4ndig?<\/strong> Wir haben dich abgedeckt. Unsere Anf\u00e4nger-H\u00e4kelsets funktionieren sowohl f\u00fcr Rechts- als auch f\u00fcr Linksh\u00e4nder, und alle H\u00e4kel-Tutorials unserer Snuglies haben Versionen f\u00fcr Rechts- und Linksh\u00e4nder.<\/p>\n<p><strong>Gr\u00f6\u00dfe<\/strong> Ungef\u00e4hr 10 cm hoch. Da es sich um einen handgefertigten Artikel handelt, h\u00e4ngt die genaue Gr\u00f6\u00dfe von deinem H\u00e4kelstil und der angewandten Spannung ab.<\/p>\n","protected":false},"excerpt":{"rendered":"<p><strong>Lerne Mia den Frosch kennen<\/strong><\/p>\n<p>Wenn du ein H\u00e4kel-Fan bist und Amigurumi liebst, ist dieses Kit perfekt f\u00fcr dich. Mit unseren detaillierten und leicht verst\u00e4ndlichen Anleitungen kannst du deinen eigenen Amigurumi-Frosch im Handumdrehen erstellen.<\/p>\n<p>Mia ist ein bezaubernder Charakter voller Pers\u00f6nlichkeit, der zum besten Freund deiner Kinder, einem originellen Geschenk f\u00fcr deine Freunde oder einer s\u00fc\u00dfen Dekoration f\u00fcr dein Zuhause wird. Verpasse nicht die Gelegenheit, deinen eigenen Frosch Mia zu h\u00e4keln und tauche ein in die lustige Welt des Amigurumi-H\u00e4kelns!<\/p>\n<p><strong>Kann ich wirklich mit diesen Kits h\u00e4keln lernen?<\/strong> Absolut! Folge den Schritt-f\u00fcr-Schritt-Videoleitf\u00e4den, die in jedem Kit enthalten sind, um das H\u00e4keln zu erlernen. Die Stiche, die du lernen wirst, sind die grundlegenden, die in jedem H\u00e4kelprojekt verwendet werden.<\/p>\n<p><strong>Was dieses Kit beinhaltet:<\/strong><\/p>\n<ul>\n<li>Schritt-f\u00fcr-Schritt-Videotutorials.<\/li>\n<li>Garn in den entsprechenden Farben f\u00fcr deinen Snuglie, perfekt f\u00fcr Anf\u00e4nger.<\/li>\n<li>Unbegrenzte E-Mail-Unterst\u00fctzung sowie Videoanrufe w\u00e4hrend der B\u00fcrozeiten mit unseren Experten, wenn du stecken bleibst.<\/li>\n<li>Plastikaugen.<\/li>\n<li>F\u00fcllmaterial.<\/li>\n<li>Wollnadel.<\/li>\n<li>Maschenmarkierer.<\/li>\n<li>Herunterladbares PDF-H\u00e4kelmuster.<\/li>\n<li>Ergonomische 3 mm H\u00e4kelnadel (zus\u00e4tzliche Kosten).<\/li>\n<\/ul>\n<p><strong>F\u00e4higkeitsstufe<\/strong> Anf\u00e4nger, empfohlen f\u00fcr Personen ab 12 Jahren.<\/p>\n<p><strong>Bist du rechts- oder linksh\u00e4ndig?<\/strong> Wir haben dich abgedeckt. Unsere Anf\u00e4nger-H\u00e4kelsets funktionieren sowohl f\u00fcr Rechts- als auch f\u00fcr Linksh\u00e4nder, und alle H\u00e4kel-Tutorials unserer Snuglies haben Versionen f\u00fcr Rechts- und Linksh\u00e4nder.<\/p>\n<p><strong>Gr\u00f6\u00dfe<\/strong> Ungef\u00e4hr 10 cm hoch. Da es sich um einen handgefertigten Artikel handelt, h\u00e4ngt die genaue Gr\u00f6\u00dfe von deinem H\u00e4kelstil und der angewandten Spannung ab.<\/p>\n","protected":false},"featured_media":33025,"comment_status":"open","ping_status":"closed","template":"","meta":[],"product_brand":[285],"product_cat":[605,609],"product_tag":[],"giftcard-category":[],"class_list":{"0":"post-33023","1":"product","2":"type-product","3":"status-publish","4":"has-post-thumbnail","6":"product_brand-the-snuglies","7":"product_gender-unisex","8":"product_cat-kits-de","9":"product_cat-anfanger","11":"first","12":"instock","13":"taxable","14":"shipping-taxable","15":"purchasable","16":"product-type-variable","17":"has-default-attributes"},"aioseo_notices":[],"_links":{"self":[{"href":"https:\/\/www.thesnuglies.com\/de\/wp-json\/wp\/v2\/product\/33023","targetHints":{"allow":["GET"]}}],"collection":[{"href":"https:\/\/www.thesnuglies.com\/de\/wp-json\/wp\/v2\/product"}],"about":[{"href":"https:\/\/www.thesnuglies.com\/de\/wp-json\/wp\/v2\/types\/product"}],"replies":[{"embeddable":true,"href":"https:\/\/www.thesnuglies.com\/de\/wp-json\/wp\/v2\/comments?post=33023"}],"version-history":[{"count":1,"href":"https:\/\/www.thesnuglies.com\/de\/wp-json\/wp\/v2\/product\/33023\/revisions"}],"predecessor-version":[{"id":33153,"href":"https:\/\/www.thesnuglies.com\/de\/wp-json\/wp\/v2\/product\/33023\/revisions\/33153"}],"wp:featuredmedia":[{"embeddable":true,"href":"https:\/\/www.thesnuglies.com\/de\/wp-json\/wp\/v2\/media\/33025"}],"wp:attachment":[{"href":"https:\/\/www.thesnuglies.com\/de\/wp-json\/wp\/v2\/media?parent=33023"}],"wp:term":[{"taxonomy":"product_brand","embeddable":true,"href":"https:\/\/www.thesnuglies.com\/de\/wp-json\/wp\/v2\/product_brand?post=33023"},{"taxonomy":"product_cat","embeddable":true,"href":"https:\/\/www.thesnuglies.com\/de\/wp-json\/wp\/v2\/product_cat?post=33023"},{"taxonomy":"product_tag","embeddable":true,"href":"https:\/\/www.thesnuglies.com\/de\/wp-json\/wp\/v2\/product_tag?post=33023"},{"taxonomy":"giftcard-category","embeddable":true,"href":"https:\/\/www.thesnuglies.com\/de\/wp-json\/wp\/v2\/giftcard-category?post=33023"}],"curies":[{"name":"wp","href":"https:\/\/api.w.org\/{rel}","templated":true}]}}