{"id":32997,"date":"2023-04-05T10:57:16","date_gmt":"2023-04-05T08:57:16","guid":{"rendered":"https:\/\/www.thesnuglies.com\/tienda\/uncategorized\/kit-ganchillo-pollito-chip\/"},"modified":"2024-08-05T13:21:11","modified_gmt":"2024-08-05T11:21:11","slug":"haekelset-kueken-chip","status":"publish","type":"product","link":"https:\/\/www.thesnuglies.com\/de\/tienda\/kits-de\/anfanger\/haekelset-kueken-chip\/","title":{"rendered":"H\u00e4kelset K\u00fcken Chip"},"content":{"rendered":"<p><strong>Lerne Chip das K\u00fcken kennen<\/strong><\/p>\n<p>Chip ist das s\u00fc\u00dfeste Amigurumi-K\u00fcken im Stall! Dieses H\u00e4kelset f\u00fcr Anf\u00e4nger enth\u00e4lt alles, was du brauchst, um Chip zu erstellen und ein Experte im Amigurumi zu werden. Mit unseren detaillierten Anleitungen und leicht verst\u00e4ndlichen Mustern kannst du dein eigenes K\u00fcken im Handumdrehen h\u00e4keln.<\/p>\n<p>Mit seinem zarten Schnabel und flauschigen Federn wird Chip der perfekte Begleiter f\u00fcr deine H\u00e4kelabenteuer sein. Hol dir dein K\u00fcken Chip Set und beginne damit, deine eigenen H\u00e4kelmeisterwerke zu Hause zu schaffen!<\/p>\n<p><strong>Kann ich wirklich mit diesen Kits h\u00e4keln lernen?<\/strong> Absolut! Folge den Schritt-f\u00fcr-Schritt-Videoleitf\u00e4den, die in jedem Kit enthalten sind, um das H\u00e4keln zu erlernen. Die Stiche, die du lernen wirst, sind die grundlegenden, die in jedem H\u00e4kelprojekt verwendet werden.<\/p>\n<p><strong>Was dieses Kit beinhaltet:<\/strong><\/p>\n<ul>\n<li>Schritt-f\u00fcr-Schritt-Videotutorials.<\/li>\n<li>Garn in den entsprechenden Farben f\u00fcr deinen Snuglie, perfekt f\u00fcr Anf\u00e4nger.<\/li>\n<li>Unbegrenzte E-Mail-Unterst\u00fctzung sowie Videoanrufe w\u00e4hrend der B\u00fcrozeiten mit unseren Experten, wenn du stecken bleibst.<\/li>\n<li>Plastikaugen.<\/li>\n<li>F\u00fcllmaterial.<\/li>\n<li>Wollnadel.<\/li>\n<li>Maschenmarkierer.<\/li>\n<li>Herunterladbares PDF-H\u00e4kelmuster.<\/li>\n<li>Ergonomische 3 mm H\u00e4kelnadel (zus\u00e4tzliche Kosten).<\/li>\n<\/ul>\n<p><strong>F\u00e4higkeitsstufe<\/strong> Anf\u00e4nger, empfohlen f\u00fcr Personen ab 12 Jahren.<\/p>\n<p><strong>Bist du rechts- oder linksh\u00e4ndig?<\/strong> Wir haben dich abgedeckt. Unsere Anf\u00e4nger-H\u00e4kelsets funktionieren sowohl f\u00fcr Rechts- als auch f\u00fcr Linksh\u00e4nder, und alle H\u00e4kel-Tutorials unserer Snuglies haben Versionen f\u00fcr Rechts- und Linksh\u00e4nder.<\/p>\n<p><strong>Gr\u00f6\u00dfe<\/strong> Ungef\u00e4hr 10 cm hoch. Da es sich um einen handgefertigten Artikel handelt, h\u00e4ngt die genaue Gr\u00f6\u00dfe von deinem H\u00e4kelstil und der angewandten Spannung ab.<\/p>\n","protected":false},"excerpt":{"rendered":"<p><strong>Lerne Chip das K\u00fcken kennen<\/strong><\/p>\n<p>Chip ist das s\u00fc\u00dfeste Amigurumi-K\u00fcken im Stall! Dieses H\u00e4kelset f\u00fcr Anf\u00e4nger enth\u00e4lt alles, was du brauchst, um Chip zu erstellen und ein Experte im Amigurumi zu werden. Mit unseren detaillierten Anleitungen und leicht verst\u00e4ndlichen Mustern kannst du dein eigenes K\u00fcken im Handumdrehen h\u00e4keln.<\/p>\n<p>Mit seinem zarten Schnabel und flauschigen Federn wird Chip der perfekte Begleiter f\u00fcr deine H\u00e4kelabenteuer sein. Hol dir dein K\u00fcken Chip Set und beginne damit, deine eigenen H\u00e4kelmeisterwerke zu Hause zu schaffen!<\/p>\n<p><strong>Kann ich wirklich mit diesen Kits h\u00e4keln lernen?<\/strong> Absolut! Folge den Schritt-f\u00fcr-Schritt-Videoleitf\u00e4den, die in jedem Kit enthalten sind, um das H\u00e4keln zu erlernen. Die Stiche, die du lernen wirst, sind die grundlegenden, die in jedem H\u00e4kelprojekt verwendet werden.<\/p>\n<p><strong>Was dieses Kit beinhaltet:<\/strong><\/p>\n<ul>\n<li>Schritt-f\u00fcr-Schritt-Videotutorials.<\/li>\n<li>Garn in den entsprechenden Farben f\u00fcr deinen Snuglie, perfekt f\u00fcr Anf\u00e4nger.<\/li>\n<li>Unbegrenzte E-Mail-Unterst\u00fctzung sowie Videoanrufe w\u00e4hrend der B\u00fcrozeiten mit unseren Experten, wenn du stecken bleibst.<\/li>\n<li>Plastikaugen.<\/li>\n<li>F\u00fcllmaterial.<\/li>\n<li>Wollnadel.<\/li>\n<li>Maschenmarkierer.<\/li>\n<li>Herunterladbares PDF-H\u00e4kelmuster.<\/li>\n<li>Ergonomische 3 mm H\u00e4kelnadel (zus\u00e4tzliche Kosten).<\/li>\n<\/ul>\n<p><strong>F\u00e4higkeitsstufe<\/strong> Anf\u00e4nger, empfohlen f\u00fcr Personen ab 12 Jahren.<\/p>\n<p><strong>Bist du rechts- oder linksh\u00e4ndig?<\/strong> Wir haben dich abgedeckt. Unsere Anf\u00e4nger-H\u00e4kelsets funktionieren sowohl f\u00fcr Rechts- als auch f\u00fcr Linksh\u00e4nder, und alle H\u00e4kel-Tutorials unserer Snuglies haben Versionen f\u00fcr Rechts- und Linksh\u00e4nder.<\/p>\n<p><strong>Gr\u00f6\u00dfe<\/strong> Ungef\u00e4hr 10 cm hoch. Da es sich um einen handgefertigten Artikel handelt, h\u00e4ngt die genaue Gr\u00f6\u00dfe von deinem H\u00e4kelstil und der angewandten Spannung ab.<\/p>\n","protected":false},"featured_media":33000,"comment_status":"open","ping_status":"closed","template":"","meta":[],"product_brand":[285],"product_cat":[605,609],"product_tag":[],"giftcard-category":[],"class_list":{"0":"post-32997","1":"product","2":"type-product","3":"status-publish","4":"has-post-thumbnail","6":"product_brand-the-snuglies","7":"product_gender-unisex","8":"product_cat-kits-de","9":"product_cat-anfanger","11":"first","12":"instock","13":"taxable","14":"shipping-taxable","15":"purchasable","16":"product-type-variable","17":"has-default-attributes"},"aioseo_notices":[],"_links":{"self":[{"href":"https:\/\/www.thesnuglies.com\/de\/wp-json\/wp\/v2\/product\/32997","targetHints":{"allow":["GET"]}}],"collection":[{"href":"https:\/\/www.thesnuglies.com\/de\/wp-json\/wp\/v2\/product"}],"about":[{"href":"https:\/\/www.thesnuglies.com\/de\/wp-json\/wp\/v2\/types\/product"}],"replies":[{"embeddable":true,"href":"https:\/\/www.thesnuglies.com\/de\/wp-json\/wp\/v2\/comments?post=32997"}],"version-history":[{"count":1,"href":"https:\/\/www.thesnuglies.com\/de\/wp-json\/wp\/v2\/product\/32997\/revisions"}],"predecessor-version":[{"id":33147,"href":"https:\/\/www.thesnuglies.com\/de\/wp-json\/wp\/v2\/product\/32997\/revisions\/33147"}],"wp:featuredmedia":[{"embeddable":true,"href":"https:\/\/www.thesnuglies.com\/de\/wp-json\/wp\/v2\/media\/33000"}],"wp:attachment":[{"href":"https:\/\/www.thesnuglies.com\/de\/wp-json\/wp\/v2\/media?parent=32997"}],"wp:term":[{"taxonomy":"product_brand","embeddable":true,"href":"https:\/\/www.thesnuglies.com\/de\/wp-json\/wp\/v2\/product_brand?post=32997"},{"taxonomy":"product_cat","embeddable":true,"href":"https:\/\/www.thesnuglies.com\/de\/wp-json\/wp\/v2\/product_cat?post=32997"},{"taxonomy":"product_tag","embeddable":true,"href":"https:\/\/www.thesnuglies.com\/de\/wp-json\/wp\/v2\/product_tag?post=32997"},{"taxonomy":"giftcard-category","embeddable":true,"href":"https:\/\/www.thesnuglies.com\/de\/wp-json\/wp\/v2\/giftcard-category?post=32997"}],"curies":[{"name":"wp","href":"https:\/\/api.w.org\/{rel}","templated":true}]}}