{"id":32965,"date":"2023-02-21T19:29:51","date_gmt":"2023-02-21T18:29:51","guid":{"rendered":"https:\/\/www.thesnuglies.com\/tienda\/uncategorized\/tarjeta-regalo\/"},"modified":"2024-08-11T18:55:56","modified_gmt":"2024-08-11T16:55:56","slug":"geschenkkarte","status":"publish","type":"product","link":"https:\/\/www.thesnuglies.com\/de\/tienda\/bundel\/lots-anfaenger\/geschenkkarte\/","title":{"rendered":"Geschenkkarte"},"content":{"rendered":"<p>M\u00f6chtest du einen Snuglie verschenken, wei\u00dft aber nicht welchen? Musst du ein Last-Minute-Geschenk machen und wei\u00dft nicht, was? Unsere Geschenkkarten werden ihnen gefallen!<\/p>\n<p>W\u00e4hle den Betrag der Karte, f\u00fclle deine Daten und die des Empf\u00e4ngers aus und setze den Bestellprozess wie gewohnt fort. Sobald die Bestellung abgeschlossen ist, erh\u00e4lt der Empf\u00e4nger eine E-Mail mit einem einzigartigen Code. Die Person, der du das Geschenk machst, muss diesen Code w\u00e4hrend des Bezahlvorgangs eingeben, und der Betrag der Geschenkkarte wird vom Preis abgezogen. Kommt und snugliet mit uns!<\/p>\n","protected":false},"excerpt":{"rendered":"<p>M\u00f6chtest du einen Snuglie verschenken, wei\u00dft aber nicht welchen? Musst du ein Last-Minute-Geschenk machen und wei\u00dft nicht, was? Unsere Geschenkkarten werden ihnen gefallen!<\/p>\n<p>W\u00e4hle den Betrag der Karte, f\u00fclle deine Daten und die des Empf\u00e4ngers aus und setze den Bestellprozess wie gewohnt fort. Sobald die Bestellung abgeschlossen ist, erh\u00e4lt der Empf\u00e4nger eine E-Mail mit einem einzigartigen Code. Die Person, der du das Geschenk machst, muss diesen Code w\u00e4hrend des Bezahlvorgangs eingeben, und der Betrag der Geschenkkarte wird vom Preis abgezogen. Kommt und snugliet mit uns!<\/p>\n","protected":false},"featured_media":32966,"comment_status":"open","ping_status":"closed","template":"","meta":[],"product_brand":[285],"product_cat":[603,611,612,605,609,608,607,606],"product_tag":[],"giftcard-category":[],"class_list":{"0":"post-32965","1":"product","2":"type-product","3":"status-publish","4":"has-post-thumbnail","6":"product_brand-the-snuglies","7":"product_gender-unisex","8":"product_cat-zubehor","9":"product_cat-bundel","10":"product_cat-lots-anfaenger","11":"product_cat-kits-de","12":"product_cat-anfanger","13":"product_cat-anfaenger-plus","14":"product_cat-mittelstufe","15":"product_cat-fortgeschritten","17":"first","18":"instock","19":"virtual","20":"taxable","21":"product-type-gift-card"},"aioseo_notices":[],"_links":{"self":[{"href":"https:\/\/www.thesnuglies.com\/de\/wp-json\/wp\/v2\/product\/32965","targetHints":{"allow":["GET"]}}],"collection":[{"href":"https:\/\/www.thesnuglies.com\/de\/wp-json\/wp\/v2\/product"}],"about":[{"href":"https:\/\/www.thesnuglies.com\/de\/wp-json\/wp\/v2\/types\/product"}],"replies":[{"embeddable":true,"href":"https:\/\/www.thesnuglies.com\/de\/wp-json\/wp\/v2\/comments?post=32965"}],"version-history":[{"count":2,"href":"https:\/\/www.thesnuglies.com\/de\/wp-json\/wp\/v2\/product\/32965\/revisions"}],"predecessor-version":[{"id":33797,"href":"https:\/\/www.thesnuglies.com\/de\/wp-json\/wp\/v2\/product\/32965\/revisions\/33797"}],"wp:featuredmedia":[{"embeddable":true,"href":"https:\/\/www.thesnuglies.com\/de\/wp-json\/wp\/v2\/media\/32966"}],"wp:attachment":[{"href":"https:\/\/www.thesnuglies.com\/de\/wp-json\/wp\/v2\/media?parent=32965"}],"wp:term":[{"taxonomy":"product_brand","embeddable":true,"href":"https:\/\/www.thesnuglies.com\/de\/wp-json\/wp\/v2\/product_brand?post=32965"},{"taxonomy":"product_cat","embeddable":true,"href":"https:\/\/www.thesnuglies.com\/de\/wp-json\/wp\/v2\/product_cat?post=32965"},{"taxonomy":"product_tag","embeddable":true,"href":"https:\/\/www.thesnuglies.com\/de\/wp-json\/wp\/v2\/product_tag?post=32965"},{"taxonomy":"giftcard-category","embeddable":true,"href":"https:\/\/www.thesnuglies.com\/de\/wp-json\/wp\/v2\/giftcard-category?post=32965"}],"curies":[{"name":"wp","href":"https:\/\/api.w.org\/{rel}","templated":true}]}}