{"id":32547,"date":"2024-03-05T14:44:25","date_gmt":"2024-03-05T13:44:25","guid":{"rendered":"https:\/\/www.thesnuglies.com\/faq\/"},"modified":"2024-08-05T18:11:04","modified_gmt":"2024-08-05T16:11:04","slug":"faq","status":"publish","type":"page","link":"https:\/\/www.thesnuglies.com\/de\/faq\/","title":{"rendered":"H\u00e4ufig gestellte Fragen"},"content":{"rendered":"\t\t<div data-elementor-type=\"wp-page\" data-elementor-id=\"32547\" class=\"elementor elementor-32547 elementor-622\" data-elementor-post-type=\"page\">\n\t\t\t\t<div class=\"elementor-element elementor-element-2e55255 e-con-full e-flex e-con e-parent\" data-id=\"2e55255\" data-element_type=\"container\" data-settings=\"{&quot;background_background&quot;:&quot;classic&quot;}\">\n\t\t\t\t<div class=\"elementor-element elementor-element-d6fa543 elementor-widget-mobile__width-inherit elementor-widget elementor-widget-lynna_core_section_title\" data-id=\"d6fa543\" data-element_type=\"widget\" data-widget_type=\"lynna_core_section_title.default\">\n\t\t\t\t<div class=\"elementor-widget-container\">\n\t\t\t\t\t<div class=\"qodef-shortcode qodef-m  qodef-section-title qodef-alignment--left \" >\n\t\t\t\t<h1 class=\"qodef-m-title\">\n\t\t\t\t\tH\u00e4ufig gestellte Fragen (FAQ)\t\t\t<\/h1>\n\t\t\t<\/div>\n\t\t\t\t<\/div>\n\t\t\t\t<\/div>\n\t\t\t\t<\/div>\n\t\t<div class=\"elementor-element elementor-element-2c8fdbe e-con-full qodef-elementor-content-grid e-flex e-con e-parent\" data-id=\"2c8fdbe\" data-element_type=\"container\">\n\t\t<div class=\"elementor-element elementor-element-0ce0696 e-con-full e-flex e-con e-child\" data-id=\"0ce0696\" data-element_type=\"container\" data-settings=\"{&quot;sticky&quot;:&quot;top&quot;,&quot;sticky_offset&quot;:100,&quot;sticky_on&quot;:[&quot;desktop&quot;,&quot;tablet&quot;,&quot;mobile&quot;],&quot;sticky_effects_offset&quot;:0,&quot;sticky_anchor_link_offset&quot;:0}\">\n\t\t<div class=\"elementor-element elementor-element-64a7c28 e-con-full e-flex e-con e-child\" data-id=\"64a7c28\" data-element_type=\"container\" data-settings=\"{&quot;background_background&quot;:&quot;classic&quot;}\">\n\t\t\t\t<div class=\"elementor-element elementor-element-941211f elementor-widget elementor-widget-lynna_core_section_title\" data-id=\"941211f\" data-element_type=\"widget\" data-widget_type=\"lynna_core_section_title.default\">\n\t\t\t\t<div class=\"elementor-widget-container\">\n\t\t\t\t\t<div class=\"qodef-shortcode qodef-m  qodef-section-title qodef-alignment--left \" >\n\t\t\t\t<h5 class=\"qodef-m-title\">\n\t\t\t\t\tFAQ\t\t\t<\/h5>\n\t\t\t<\/div>\n\t\t\t\t<\/div>\n\t\t\t\t<\/div>\n\t\t\t\t<div class=\"elementor-element elementor-element-ba9cc49 qodef-has-custom-underline elementor-widget elementor-widget-text-editor\" data-id=\"ba9cc49\" data-element_type=\"widget\" data-widget_type=\"text-editor.default\">\n\t\t\t\t<div class=\"elementor-widget-container\">\n\t\t\t\t\t\t\t\t\t<p><a href=\"#kits\">Kits<\/a><\/p><p><a href=\"#pedidos\">Compra y pedidos<\/a><\/p><p><a href=\"#pago\">Pago<\/a><\/p><p><a href=\"#cuenta\">Cuenta de usuario<\/a><\/p>\t\t\t\t\t\t\t\t<\/div>\n\t\t\t\t<\/div>\n\t\t\t\t<\/div>\n\t\t<div class=\"elementor-element elementor-element-9e792e9 e-con-full e-flex e-con e-child\" data-id=\"9e792e9\" data-element_type=\"container\">\n\t\t\t\t<div class=\"elementor-element elementor-element-c98c6c6 elementor-widget elementor-widget-lynna_core_single_image\" data-id=\"c98c6c6\" data-element_type=\"widget\" data-widget_type=\"lynna_core_single_image.default\">\n\t\t\t\t<div class=\"elementor-widget-container\">\n\t\t\t\t\t<div class=\"qodef-shortcode qodef-m  qodef-single-image qodef-layout--default  qodef--retina \" >\n\t\t\t<div class=\"qodef-m-image\">\n\t\t\t\t\t\t\t\t<div class=\"qodef-m-image-inner-holder\">\n\t\t\t\t\t\t<div class=\"qodef-m-image-inner\">\n\t\t\t\t\t\t\t\t\t\t\t\t\t\t\t<img fetchpriority=\"high\" decoding=\"async\" itemprop=\"image\" src=\"https:\/\/www.thesnuglies.com\/wp-content\/uploads\/2024\/08\/451807782_469652685814238_6848484873312223661_n.jpg\" width=\"540\" height=\"540\" alt=\"\" \/>\n\t\t\t\t\t\t\t\t\t\t\t\t\t\t<\/div>\n\t\t\t\t\t<\/div>\n\t\t\t\t\t\t\t<\/div>\n\t<\/div>\n\t\t\t\t<\/div>\n\t\t\t\t<\/div>\n\t\t\t\t<\/div>\n\t\t\t\t<\/div>\n\t\t<div class=\"elementor-element elementor-element-82d7c26 e-con-full e-flex e-con e-child\" data-id=\"82d7c26\" data-element_type=\"container\">\n\t\t\t\t<div class=\"elementor-element elementor-element-01ebef6 elementor-widget-mobile__width-inherit elementor-widget elementor-widget-lynna_core_section_title\" data-id=\"01ebef6\" data-element_type=\"widget\" id=\"kits\" data-widget_type=\"lynna_core_section_title.default\">\n\t\t\t\t<div class=\"elementor-widget-container\">\n\t\t\t\t\t<div class=\"qodef-shortcode qodef-m  qodef-section-title qodef-alignment--left \" >\n\t\t\t\t<h2 class=\"qodef-m-title\">\n\t\t\t\t\tKits\t\t\t<\/h2>\n\t\t\t<\/div>\n\t\t\t\t<\/div>\n\t\t\t\t<\/div>\n\t\t\t\t<div class=\"elementor-element elementor-element-01b4554 elementor-widget elementor-widget-text-editor\" data-id=\"01b4554\" data-element_type=\"widget\" data-widget_type=\"text-editor.default\">\n\t\t\t\t<div class=\"elementor-widget-container\">\n\t\t\t\t\t\t\t\t\t<h4>Was ist ein Amigurumi?<\/h4>\nDer Begriff <em>Amigurumi<\/em> (geh\u00e4kelte Puppe) ist eine Kombination aus zwei japanischen W\u00f6rtern, <em>ami<\/em> (geh\u00e4kelt) und <em>nuigurumi<\/em> (Pl\u00fcschtier). Es ist die Kunst, kleine Puppen durch H\u00e4keln herzustellen.\nDie Vorfahren der modernen Japaner glauben, dass diese Puppen Menschen helfen, ihre H\u00e4user zu sch\u00fctzen, und sie auch als Amulette verwenden. Sie sind Teil der kawaii-Kultur, die Begriffe wie sch\u00f6n, niedlich und liebenswert umfasst und in Mode, Aussehen und Verhalten Anwendung findet. Amigurumis sollen den kindlichen Geist n\u00e4hren, haben angeblich eine &#8222;Seele&#8220; und bieten Schutz und Trost in stressigen Zeiten.\n\nDiese Figuren sind mit Konzepten wie Freundschaft, Kameradschaft und Begleitung verbunden. Sie bieten Schutz und Sicherheit und werden manchmal als pers\u00f6nliche Amulette verwendet. In Japan sieht man sie oft in B\u00fcros neben Computern als pers\u00f6nliche Dekoration, die daran erinnert, zu atmen, zu l\u00e4cheln und eine Pause zu machen.\n\n<h4>Ich habe noch nie geh\u00e4kelt, k\u00f6nnen Anf\u00e4nger eure Kits h\u00e4keln?<\/h4>\nJa, unsere Anf\u00e4nger-Kits sind f\u00fcr Personen gedacht, die noch nie geh\u00e4kelt haben und es lernen m\u00f6chten. \nDiese Dinge sind in jedem Kit f\u00fcr Anf\u00e4nger enthalten:\n\n<ul>\n \t<li>Eine Schritt-f\u00fcr-Schritt-Anleitung mit Videotutorials, die den gesamten Prozess erkl\u00e4ren, vom Halten der H\u00e4kelnadel und des Garns bis zum H\u00e4keln der ersten Maschen.<\/li>\n \t<li>Alle Materialien, die du ben\u00f6tigst, um ein Amigurumi zu fertigen.<\/li>\n \t<li>Weitere Video- und Foto-Tutorials auf <a href=\"\/tutoriales\">www.thesnuglies.com\/tutoriales<\/a><\/li>\n \t<li>Pers\u00f6nliche Unterst\u00fctzung. Wenn du irgendwo nicht weiterkommst, mach ein Foto und sende es an <span style=\"text-decoration: underline;\">help@thesnuglies.com<\/span><\/li>\n<\/ul>\n<h4>K\u00f6nnen Kinder mit euren Kits lernen?<\/h4>\nJa, unsere Kits sind f\u00fcr Kinder ab 12 Jahren geeignet, aber auch j\u00fcngere Kinder k\u00f6nnen lernen. Es h\u00e4ngt von ihrer Lernf\u00e4higkeit und ihrer Hand-Auge-Koordination ab. Sie m\u00fcssen auch in der Lage sein, Videos\/Fotos und schriftliche Anleitungen zu folgen.\n<h4>K\u00f6nnen Linksh\u00e4nder eure Kits h\u00e4keln?<\/h4>\nJa, alle unsere Anf\u00e4nger-Kits enthalten Schritt-f\u00fcr-Schritt-Anleitungen f\u00fcr Rechts- und Linksh\u00e4nder. Auch unsere Videotutorials sind sowohl f\u00fcr Rechts- als auch f\u00fcr Linksh\u00e4nder verf\u00fcgbar.\n<h4>Was ist in jedem Kit enthalten?<\/h4>\nJedes Kit enth\u00e4lt gen\u00fcgend Materialien, um ein Amigurumi herzustellen:\n<ul>\n \t<li>Schritt-f\u00fcr-Schritt-Anleitung mit Videotutorials, die dir zeigen, wie du dein Amigurumi h\u00e4kelst.<\/li>\n \t<li>Garn in den entsprechenden Farben.<\/li>\n \t<li>F\u00fcllmaterial.<\/li>\n \t<li>Wollnadel zum N\u00e4hen.<\/li>\n \t<li>Maschenmarkierer.<\/li>\n \t<li>Sicherheitsaugen (10 mm).<\/li>\n \t<li>H\u00e4kelnadel (optional und gegen Aufpreis).<\/li>\n \t<li>Digitales Download-Muster (PDF).<\/li>\n<\/ul>\nAu\u00dferdem erh\u00e4ltst du unbegrenzten E-Mail-Support unter help@thesnuglies.com.\n<h4>Ich habe noch nie eine H\u00e4kelnadel in der Hand gehabt. Welches Kit ist am besten f\u00fcr den Anfang geeignet?<\/h4>\nUnsere beliebtesten Snuglies sind alle Anf\u00e4nger-Kits und super einfach f\u00fcr jemanden, der noch nie geh\u00e4kelt hat! Unsere Snugliers empfehlen, mit dem Kaninchen Coco, dem Hund Rufus, dem Schweinchen Pepe oder dem B\u00e4ren Pedro zu beginnen.\n<h4>Brauche ich eine H\u00e4kelnadel?<\/h4>\nJa, du brauchst eine H\u00e4kelnadel, um dein Amigurumi zu h\u00e4keln. Wenn du keine hast (oder keine in der richtigen Gr\u00f6\u00dfe), w\u00e4hle beim Kauf deines Kits die Option &#8222;H\u00e4kelnadel hinzuf\u00fcgen&#8220;.\nBitte beachte, dass Anf\u00e4nger-Kits eine andere H\u00e4kelnadelgr\u00f6\u00dfe verwenden als Kits f\u00fcr Fortgeschrittene.\n\n<h4>Aus welchem Material besteht das Garn, das mit den Kits geliefert wird?<\/h4>\nUnser Garn besteht zu 75% aus Baumwolle und zu 25% aus Nylon. Dieses Garn ist so gesponnen, dass es das Lernen des H\u00e4kelns erleichtert.\n<h4>Wie lange dauert es, ein Anf\u00e4nger-Kit zu h\u00e4keln?<\/h4>\nJeder h\u00e4kelt mit einer anderen Geschwindigkeit. Unsere Anf\u00e4nger berichten, dass sie zwischen 3 und 8 Stunden brauchen, um ihr Amigurumi zu beenden.\n<h4>Ich habe ein Kit gekauft. Wo fange ich an?<\/h4>\nGl\u00fcckwunsch! Du hast den ersten Schritt gemacht, um eine neue F\u00e4higkeit f\u00fcrs Leben zu erlernen. So startest du dein Kit:\n<ul>\n \t<li>Gehe zu <a href=\"https:\/\/www.thesnuglies.com\/tutoriales-para-tu-kit\/\">www.thesnuglies.com\/tutoriales-para-tu-kit\/<\/a><\/li>\n \t<li>W\u00e4hle deinen Snuglie aus.<\/li>\n \t<li>Gib das Passwort ein. Du findest es auf der R\u00fcckseite der Karte, die mit deinem Kit geliefert wurde.<\/li>\n<\/ul>\nNerv\u00f6s? Keine Sorge! Es ist v\u00f6llig normal, Fehler zu machen, wenn du etwas Neues lernst. Du kannst es immer wieder aufribbeln und von vorne anfangen. Wenn du Hilfe brauchst, schreibe uns an help@thesnuglies.com.\n<h4>Ich habe ein Kit gekauft. Wo finde ich das Muster und die Tutorials?<\/h4>\nGl\u00fcckwunsch! Du hast den ersten Schritt gemacht, um eine neue F\u00e4higkeit f\u00fcrs Leben zu erlernen. So startest du dein Kit:\n<ul>\n \t<li>Gehe zu learn.thesnuglies.com<\/li>\n \t<li>W\u00e4hle deinen Snuglie aus.<\/li>\n \t<li>Gib das Passwort ein. Du findest es auf der R\u00fcckseite der Karte, die mit deinem Kit geliefert wurde.<\/li>\n<\/ul>\nNerv\u00f6s? Keine Sorge! Es ist v\u00f6llig normal, Fehler zu machen, wenn du etwas Neues lernst. Du kannst es immer wieder aufribbeln und von vorne anfangen. Wenn du Hilfe brauchst, schreibe uns an help@thesnuglies.com.\n<h4>Ich m\u00f6chte ein Kit verschenken. Wird der Beschenkte Zugang zum Muster und zu den Tutorials haben?<\/h4>\nJa! Die Anweisungen zum Zugang zum Muster und zu den Tutorials befinden sich auf der Karte, die mit dem Kit geliefert wird. Es ist nicht erforderlich, eine E-Mail weiterzuleiten \ud83d\ude0a\n<h4>Warum enthalten die Kits kein gedrucktes Muster?<\/h4>\nDie meisten unserer Kits sind f\u00fcr Anf\u00e4nger, und andere Anf\u00e4nger haben uns mitgeteilt, dass das Folgen der Online-Videotutorials der einfachste Weg ist, das H\u00e4keln zu lernen.\nWir versuchen auch, unsere Kits so nachhaltig wie m\u00f6glich zu gestalten, und der Verzicht auf gedruckte Muster hilft uns, mehr B\u00e4ume zu sch\u00fctzen.\n\nWenn du das Muster dennoch in gedruckter Form ben\u00f6tigst, kannst du es von learn.thesnuglies.com herunterladen und bequem zu Hause ausdrucken.\n\n<h4>Darf ich fertige Artikel, die mit euren Mustern gemacht wurden, verkaufen?<\/h4>\nJa, aber nur in kleinen Mengen und du musst The Snuglies als Sch\u00f6pfer des Musters mit einer Erw\u00e4hnung und einem Link zu dieser Website nennen. Du musst auch deine eigenen Fotos verwenden, um deine Arbeit zu verkaufen.\t\t\t\t\t\t\t\t<\/div>\n\t\t\t\t<\/div>\n\t\t\t\t<div class=\"elementor-element elementor-element-0dee4db elementor-widget-mobile__width-inherit elementor-widget elementor-widget-lynna_core_section_title\" data-id=\"0dee4db\" data-element_type=\"widget\" id=\"pedidos\" data-widget_type=\"lynna_core_section_title.default\">\n\t\t\t\t<div class=\"elementor-widget-container\">\n\t\t\t\t\t<div class=\"qodef-shortcode qodef-m  qodef-section-title qodef-alignment--left \" >\n\t\t\t\t<h2 class=\"qodef-m-title\">\n\t\t\t\t\tKauf und Bestellungen\t\t\t<\/h2>\n\t\t\t<\/div>\n\t\t\t\t<\/div>\n\t\t\t\t<\/div>\n\t\t\t\t<div class=\"elementor-element elementor-element-97d6d62 elementor-widget elementor-widget-text-editor\" data-id=\"97d6d62\" data-element_type=\"widget\" data-widget_type=\"text-editor.default\">\n\t\t\t\t<div class=\"elementor-widget-container\">\n\t\t\t\t\t\t\t\t\t<h4>Ich brauche Hilfe bei meiner Bestellung. Kann ich euch kontaktieren?<\/h4>\nWenn du Fragen zu unseren Produkten, dem Versand oder der Bezahlung deiner Bestellung hast, kontaktiere unseren Kundenservice unter pedidos@thesnuglies.com. Falls du bereits eine Bestellung aufgegeben hast, gib bitte deinen Namen und die Bestellnummer in der E-Mail an.\n<h4>Erhalte ich eine Bestellbest\u00e4tigung?<\/h4>\nSobald der Bestellvorgang erfolgreich abgeschlossen ist, erh\u00e4ltst du eine Bestellbest\u00e4tigung per E-Mail an die von dir angegebene Adresse. \u00dcberpr\u00fcfe auch den Spam-Ordner, falls du diese E-Mail nicht erh\u00e4ltst.\nFalls du nach einem Tag keine E-Mail erhalten hast, kontaktiere uns unter pedidos@thesnuglies.com.\n\n<h4>Kann ich meine Bestellung stornieren oder \u00e4ndern?<\/h4>\nWir k\u00f6nnen keine Bestellungen stornieren oder \u00e4ndern, die bereits in Bearbeitung sind. Kontaktiere uns umgehend mit deiner Bestellnummer unter pedidos@thesnuglies.com.\n<strong>HINWEIS:<\/strong> Wir akzeptieren keine R\u00fccksendungen von personalisierten Produkten <strong>(Farbe, Modell, Gr\u00f6\u00dfe oder spezielle Anforderungen).<\/strong>\n\n<h4>Ich habe eine Bestellung aufgegeben, aber meine Meinung ge\u00e4ndert. Kann ich sie \u00e4ndern\/zur\u00fcckgeben\/stornieren?<\/h4>\nEs tut uns leid, dass du mit deiner Bestellung nicht zufrieden bist. The Snuglies bietet die M\u00f6glichkeit, Produkte innerhalb von vierzehn (14) Kalendertagen nach Erhalt zur\u00fcckzugeben.\n<strong>HINWEIS:<\/strong> Wir akzeptieren keine R\u00fccksendungen von personalisierten Produkten <strong>(Farbe, Modell, Gr\u00f6\u00dfe oder spezielle Anforderungen).<\/strong>\n\n<h4>Ich habe meine Bestellung erhalten, aber sie hat M\u00e4ngel. Kann ich den Artikel umtauschen oder zur\u00fcckgeben?<\/h4>\nFalls dein Produkt M\u00e4ngel aufweist, kontaktiere bitte den Kundenservice unter pedidos@thesnuglies.com mit deinem Namen, der Bestellnummer und einem Foto des Mangels. Wir werden das Produkt entweder ersetzen oder, falls nicht verf\u00fcgbar, durch ein gleichwertiges oder g\u00fcnstigeres Produkt ersetzen.\n<h4>Ich habe einen falschen Artikel erhalten! Was soll ich tun?<\/h4>\nSende uns umgehend eine E-Mail an pedidos@thesnuglies.com und wir werden den Fehler kostenlos beheben. Gib bitte deine Bestellnummer und deinen Namen an.\n<h4>Ich habe vor mehr als 4 Tagen bestellt und keine Zahlungsbest\u00e4tigung erhalten<\/h4>\nFalls du mit Kreditkarte oder PayPal bezahlt hast und Probleme auftreten, \u00fcberpr\u00fcfe zuerst, ob der Betrag von deinem Konto abgebucht wurde. Falls der Zahlungsvorgang abgeschlossen ist, kontaktiere uns umgehend mit deinem Namen, der Bestellnummer und der Transaktions-ID unter pedidos@thesnuglies.com.\n<h4>Habt ihr eine Garantie auf eure Produkte?<\/h4>\nThe Snuglies bietet 12 Monate Garantie auf alle Produkte ab Kaufdatum. Dies umfasst Material- und Produktionsfehler bei normalem Gebrauch. F\u00fcr eine Garantieanfrage ben\u00f6tigen wir einen Kaufnachweis und Fotos des defekten Produkts. Der Kunde tr\u00e4gt die Versandkosten.\n<h4>Produktverf\u00fcgbarkeit<\/h4>\nDurch das Surfen auf unserer Website akzeptierst du, dass die Produkte von The Snuglies in begrenzten Mengen verf\u00fcgbar sind. Falls ein Produkt nach Bestellung nicht verf\u00fcgbar ist, werden wir dich so schnell wie m\u00f6glich informieren und du kannst deine Bestellung stornieren. Preise k\u00f6nnen sich \u00e4ndern, aber \u00c4nderungen betreffen keine bereits best\u00e4tigten Bestellungen.\n<h4>Kauflimits<\/h4>\nAus Sicherheitsgr\u00fcnden kannst du keine Bestellungen \u00fcber 3000 Euro oder mehr als 30 Artikel innerhalb von 15 Tagen aufgeben. F\u00fcr gr\u00f6\u00dfere Bestellungen kontaktiere uns unter bulk@thesnuglies.com.\nFalls du ein physisches Gesch\u00e4ft oder einen Online-Shop betreibst und an einem Gro\u00dfhandelsverkauf interessiert bist, lies mehr <a href=\"https:\/\/www.thesnuglies.com\/wholesale\/\"><span style=\"text-decoration: underline;\">hier<\/span><\/a> und kontaktiere uns unter wholesale@www.thesnuglies.com.\t\t\t\t\t\t\t\t<\/div>\n\t\t\t\t<\/div>\n\t\t\t\t<div class=\"elementor-element elementor-element-1be0417 elementor-widget-mobile__width-inherit elementor-widget elementor-widget-lynna_core_section_title\" data-id=\"1be0417\" data-element_type=\"widget\" id=\"pago\" data-widget_type=\"lynna_core_section_title.default\">\n\t\t\t\t<div class=\"elementor-widget-container\">\n\t\t\t\t\t<div class=\"qodef-shortcode qodef-m  qodef-section-title qodef-alignment--left \" >\n\t\t\t\t<h2 class=\"qodef-m-title\">\n\t\t\t\t\tZahlungen\t\t\t<\/h2>\n\t\t\t<\/div>\n\t\t\t\t<\/div>\n\t\t\t\t<\/div>\n\t\t\t\t<div class=\"elementor-element elementor-element-9f9f61d elementor-widget elementor-widget-text-editor\" data-id=\"9f9f61d\" data-element_type=\"widget\" data-widget_type=\"text-editor.default\">\n\t\t\t\t<div class=\"elementor-widget-container\">\n\t\t\t\t\t\t\t\t\t<h4>Welche Zahlungsoptionen werden akzeptiert?<\/h4>\nDie von The Snuglies akzeptierten Zahlungsmethoden sind Kredit-\/Debitkarte (VISA, MasterCard und American Express), PayPal und Stripe. Die Zahlungsmethode wird w\u00e4hrend des Kaufvorgangs ausgew\u00e4hlt.\nWenn du PayPal w\u00e4hlst, wirst du nach dem Klick auf \u201eKaufen\u201c zur PayPal-Plattform weitergeleitet, um die Zahlung abzuschlie\u00dfen. Der Betrag wird von deinem PayPal-Konto abgebucht, sobald du unsere Bestellbest\u00e4tigung erhalten hast.\n\nZahlungen per Kredit-\/Debitkarte werden \u00fcber PayPal oder Stripe abgewickelt. Nach dem Klick auf \u201eKaufen\u201c wirst du zur Plattform weitergeleitet, wo du deine Kreditkartendetails eingeben kannst.\n\nNach erfolgreicher Zahlung erh\u00e4ltst du eine Bestellbest\u00e4tigung per E-Mail (\u00fcberpr\u00fcfe den Spam-Ordner, falls du diese E-Mail nicht erh\u00e4ltst).\n\n<h4>W\u00e4hrung, Steuern und Preise<\/h4>\nDie Preise auf unserer Website sind in Euro (EUR \u2013 \u20ac) angegeben. Besuche <a href=\"http:\/\/www.xe.com\/currencyconverter\/\"><span style=\"text-decoration: underline;\">http:\/\/www.xe.com\/currencyconverter\/<\/span><\/a> f\u00fcr aktuelle Wechselkurse.\nGem\u00e4\u00df geltendem Recht unterliegt jeder Kauf auf unserer Website der Mehrwertsteuer (MwSt.) oder anderen anwendbaren Steuern je nach Lieferland.\n\nDie Preise auf der Website von The Snuglies sind nicht endg\u00fcltig, bis zur Abrechnung, die die anwendbare MwSt. gem\u00e4\u00df dem Produkttyp und der Lieferadresse des Kunden anzeigt. MwSt. wird f\u00fcr alle Lieferungen innerhalb der EU sowie nach Norwegen, Schweiz und Gro\u00dfbritannien (nach dem Brexit) angewendet. Die folgende Tabelle zeigt die geltenden Steuers\u00e4tze:\n\n<table style=\"width: 600px;\" border=\"0\" cellspacing=\"1\" cellpadding=\"1\">\n<tbody>\n<tr>\n<td colspan=\"6\"><strong>Liste der MwSt.-S\u00e4tze in den EU-Mitgliedstaaten<\/strong> (Stand 23. M\u00e4rz 2022)<\/td>\n<\/tr>\n<tr>\n<td><strong>Mitgliedstaat<\/strong><\/td>\n<td><strong>L\u00e4ndercode<\/strong><\/td>\n<td><strong>Standardsatz<\/strong><\/td>\n<\/tr>\n<tr>\n<td>\u00d6sterreich<\/td>\n<td>AT<\/td>\n<td>20%<\/td>\n<\/tr>\n<tr>\n<td>Belgien<\/td>\n<td>BE<\/td>\n<td>21%<\/td>\n<\/tr>\n<tr>\n<td>Bulgarien<\/td>\n<td>BG<\/td>\n<td>20%<\/td>\n<\/tr>\n<tr>\n<td>Zypern<\/td>\n<td>CY<\/td>\n<td>19%<\/td>\n<\/tr>\n<tr>\n<td>Tschechien<\/td>\n<td>CZ<\/td>\n<td>21%<\/td>\n<\/tr>\n<tr>\n<td>Deutschland<\/td>\n<td>DE<\/td>\n<td>19%<\/td>\n<\/tr>\n<tr>\n<td>D\u00e4nemark<\/td>\n<td>DK<\/td>\n<td>25%<\/td>\n<\/tr>\n<tr>\n<td>Estland<\/td>\n<td>EE<\/td>\n<td>20%<\/td>\n<\/tr>\n<tr>\n<td>Griechenland<\/td>\n<td>EL<\/td>\n<td>24%<\/td>\n<\/tr>\n<tr>\n<td>Spanien<\/td>\n<td>ES<\/td>\n<td>21%<\/td>\n<\/tr>\n<tr>\n<td>Finnland<\/td>\n<td>FI<\/td>\n<td>24%<\/td>\n<\/tr>\n<tr>\n<td>Frankreich<\/td>\n<td>FR<\/td>\n<td>20%<\/td>\n<\/tr>\n<tr>\n<td>Kroatien<\/td>\n<td>HR<\/td>\n<td>25%<\/td>\n<\/tr>\n<tr>\n<td>Ungarn<\/td>\n<td>HU<\/td>\n<td>27%<\/td>\n<\/tr>\n<tr>\n<td>Irland<\/td>\n<td>IE<\/td>\n<td>23%<\/td>\n<\/tr>\n<tr>\n<td>Italien<\/td>\n<td>IT<\/td>\n<td>22%<\/td>\n<\/tr>\n<tr>\n<td>Litauen<\/td>\n<td>LT<\/td>\n<td>21%<\/td>\n<\/tr>\n<tr>\n<td>Luxemburg<\/td>\n<td>LU<\/td>\n<td>17%<\/td>\n<\/tr>\n<tr>\n<td>Lettland<\/td>\n<td>LV<\/td>\n<td>21%<\/td>\n<\/tr>\n<tr>\n<td>Malta<\/td>\n<td>MT<\/td>\n<td>18%<\/td>\n<\/tr>\n<tr>\n<td>Niederlande<\/td>\n<td>NL<\/td>\n<td>21%<\/td>\n<\/tr>\n<tr>\n<td>Polen<\/td>\n<td>PL<\/td>\n<td>23%<\/td>\n<\/tr>\n<tr>\n<td>Portugal<\/td>\n<td>PT<\/td>\n<td>23%<\/td>\n<\/tr>\n<tr>\n<td>Rum\u00e4nien<\/td>\n<td>RO<\/td>\n<td>19%<\/td>\n<\/tr>\n<tr>\n<td>Schweden<\/td>\n<td>SE<\/td>\n<td>25%<\/td>\n<\/tr>\n<tr>\n<td>Slowenien<\/td>\n<td>SI<\/td>\n<td>22%<\/td>\n<\/tr>\n<tr>\n<td>Slowakei<\/td>\n<td>SK<\/td>\n<td>20%<\/td>\n<\/tr>\n<\/tbody>\n<\/table>\nGem\u00e4\u00df spanischem Recht sind wir verpflichtet, eine Rechnung f\u00fcr Bestellungen \u00fcber 3.000 \u20ac (einschlie\u00dflich Steuern) auszustellen. Versandkosten werden vor der Zahlung im Bestell\u00fcbersicht hinzugef\u00fcgt.\n\nDie auf der Website angegebenen Preise k\u00f6nnen jederzeit ohne Vorank\u00fcndigung ge\u00e4ndert werden. Diese \u00c4nderungen betreffen keine Bestellungen, die bereits in Bearbeitung sind oder eine Versandbest\u00e4tigung erhalten haben.\n\n<h4>Sind meine Zahlungen sicher?<\/h4>\nAlle Bestellungen sind durch Secure Sockets Layer (SSL)-Technologie verschl\u00fcsselt. SSL verschl\u00fcsselt alle deine pers\u00f6nlichen Daten, einschlie\u00dflich Kreditkartennummer, Name und Adresse, sodass sie w\u00e4hrend der \u00dcbertragung \u00fcber das Internet nicht gelesen werden k\u00f6nnen.\nAus Sicherheitsgr\u00fcnden speichern wir keine Zahlungsinformationen. Kreditkartenzahlungen werden direkt \u00fcber Stripe abgewickelt, das f\u00fcr den PCI Level 1 Service Provider zertifiziert ist, der strengsten Zertifizierungsstufe.\n\n<h4>Gibt es einen Mindestbestellwert?<\/h4>\nEs gibt keinen Mindestbestellwert.\t\t\t\t\t\t\t\t<\/div>\n\t\t\t\t<\/div>\n\t\t\t\t<div class=\"elementor-element elementor-element-f3045e4 elementor-widget-mobile__width-inherit elementor-widget elementor-widget-lynna_core_section_title\" data-id=\"f3045e4\" data-element_type=\"widget\" id=\"cuenta\" data-widget_type=\"lynna_core_section_title.default\">\n\t\t\t\t<div class=\"elementor-widget-container\">\n\t\t\t\t\t<div class=\"qodef-shortcode qodef-m  qodef-section-title qodef-alignment--left \" >\n\t\t\t\t<h2 class=\"qodef-m-title\">\n\t\t\t\t\tBenutzerkonto\t\t\t<\/h2>\n\t\t\t<\/div>\n\t\t\t\t<\/div>\n\t\t\t\t<\/div>\n\t\t\t\t<div class=\"elementor-element elementor-element-9d08c6e elementor-widget elementor-widget-text-editor\" data-id=\"9d08c6e\" data-element_type=\"widget\" data-widget_type=\"text-editor.default\">\n\t\t\t\t<div class=\"elementor-widget-container\">\n\t\t\t\t\t\t\t\t\t<h4>Muss ich mich vor dem Kauf registrieren?<\/h4>\nNein, du musst dich nicht registrieren, du kannst als Gast einkaufen.\n<h4>Wie \u00e4ndere ich meine E-Mail-Adresseinstellungen?<\/h4>\nUm deine E-Mail-Adresse oder E-Mail-Benachrichtigungseinstellungen zu \u00e4ndern, folge diesen Schritten:\nKlicke oben rechts auf &#8222;Mein Konto&#8220; oder deinen Benutzernamen, wenn du eingeloggt bist. W\u00e4hle &#8222;Profil bearbeiten&#8220;. Hier kannst du deine E-Mail-Adresse, die Lieferadresse und die E-Mail-Benachrichtigungen \u00e4ndern.\n\n<h4>Ich habe mein Passwort vergessen, wie bekomme ich ein neues?<\/h4>\nKlicke auf &#8222;Login&#8220; in der Kopfzeile der Website, um ein neues Passwort zu erstellen.\n<h4>Kann ich meine Favoriten speichern? Wo kann ich sie sehen?<\/h4>\nJa! Klicke auf das Herzsymbol bei einem Produkt, um es zu deinen Favoriten hinzuzuf\u00fcgen. Du findest deine Favoriten in deinem Benutzerprofil, oben rechts unter &#8222;Mein Konto&#8220; oder deinem Benutzernamen. Es gibt auch einen direkten Link im Footer der Website.\t\t\t\t\t\t\t\t<\/div>\n\t\t\t\t<\/div>\n\t\t\t\t<\/div>\n\t\t\t\t<\/div>\n\t\t\t\t<\/div>\n\t\t","protected":false},"excerpt":{"rendered":"<p>H\u00e4ufig gestellte Fragen (FAQ) FAQ Kits Compra y pedidos Pago Cuenta de usuario Kits Was ist ein Amigurumi? Der Begriff Amigurumi (geh\u00e4kelte Puppe) ist eine Kombination aus zwei japanischen W\u00f6rtern, ami (geh\u00e4kelt) und nuigurumi (Pl\u00fcschtier). Es ist die Kunst, kleine Puppen durch H\u00e4keln herzustellen. Die Vorfahren der modernen Japaner glauben, dass diese Puppen Menschen helfen, [&hellip;]<\/p>\n","protected":false},"author":1,"featured_media":0,"parent":0,"menu_order":0,"comment_status":"closed","ping_status":"closed","template":"page-full-width.php","meta":{"footnotes":""},"class_list":["post-32547","page","type-page","status-publish","hentry"],"aioseo_notices":[],"_links":{"self":[{"href":"https:\/\/www.thesnuglies.com\/de\/wp-json\/wp\/v2\/pages\/32547","targetHints":{"allow":["GET"]}}],"collection":[{"href":"https:\/\/www.thesnuglies.com\/de\/wp-json\/wp\/v2\/pages"}],"about":[{"href":"https:\/\/www.thesnuglies.com\/de\/wp-json\/wp\/v2\/types\/page"}],"author":[{"embeddable":true,"href":"https:\/\/www.thesnuglies.com\/de\/wp-json\/wp\/v2\/users\/1"}],"replies":[{"embeddable":true,"href":"https:\/\/www.thesnuglies.com\/de\/wp-json\/wp\/v2\/comments?post=32547"}],"version-history":[{"count":4,"href":"https:\/\/www.thesnuglies.com\/de\/wp-json\/wp\/v2\/pages\/32547\/revisions"}],"predecessor-version":[{"id":33283,"href":"https:\/\/www.thesnuglies.com\/de\/wp-json\/wp\/v2\/pages\/32547\/revisions\/33283"}],"wp:attachment":[{"href":"https:\/\/www.thesnuglies.com\/de\/wp-json\/wp\/v2\/media?parent=32547"}],"curies":[{"name":"wp","href":"https:\/\/api.w.org\/{rel}","templated":true}]}}