{"id":32519,"date":"2023-02-09T16:00:10","date_gmt":"2023-02-09T15:00:10","guid":{"rendered":"https:\/\/www.thesnuglies.com\/acerca-de\/"},"modified":"2024-08-05T16:51:36","modified_gmt":"2024-08-05T14:51:36","slug":"uber-uns","status":"publish","type":"page","link":"https:\/\/www.thesnuglies.com\/de\/uber-uns\/","title":{"rendered":"\u00dcber uns"},"content":{"rendered":"\t\t<div data-elementor-type=\"wp-page\" data-elementor-id=\"32519\" class=\"elementor elementor-32519 elementor-21071\" data-elementor-post-type=\"page\">\n\t\t\t\t<div class=\"elementor-element elementor-element-ac82bc3 e-con-full e-flex e-con e-parent\" data-id=\"ac82bc3\" data-element_type=\"container\" data-settings=\"{&quot;background_background&quot;:&quot;classic&quot;}\">\n\t\t\t\t<div class=\"elementor-element elementor-element-219b5f8 elementor-widget-mobile__width-inherit elementor-widget elementor-widget-lynna_core_section_title\" data-id=\"219b5f8\" data-element_type=\"widget\" data-widget_type=\"lynna_core_section_title.default\">\n\t\t\t\t<div class=\"elementor-widget-container\">\n\t\t\t\t\t<div class=\"qodef-shortcode qodef-m  qodef-section-title qodef-alignment--center \" >\n\t\t\t\t<h1 class=\"qodef-m-title\">\n\t\t\t\t\t\u00dcber uns\t\t\t<\/h1>\n\t\t\t<\/div>\n\t\t\t\t<\/div>\n\t\t\t\t<\/div>\n\t\t\t\t<\/div>\n\t\t<div class=\"elementor-element elementor-element-e4ea9b8 e-flex e-con-boxed e-con e-parent\" data-id=\"e4ea9b8\" data-element_type=\"container\">\n\t\t\t\t\t<div class=\"e-con-inner\">\n\t\t<div class=\"elementor-element elementor-element-ccc4531 e-con-full qodef-elementor-content-grid e-flex e-con e-child\" data-id=\"ccc4531\" data-element_type=\"container\">\n\t\t<div class=\"elementor-element elementor-element-506791e e-con-full e-flex e-con e-child\" data-id=\"506791e\" data-element_type=\"container\">\n\t\t\t\t<div class=\"elementor-element elementor-element-76d349d elementor-widget elementor-widget-image\" data-id=\"76d349d\" data-element_type=\"widget\" data-widget_type=\"image.default\">\n\t\t\t\t<div class=\"elementor-widget-container\">\n\t\t\t\t\t\t\t\t\t\t\t\t\t\t\t<img fetchpriority=\"high\" decoding=\"async\" width=\"2048\" height=\"2048\" src=\"https:\/\/www.thesnuglies.com\/wp-content\/uploads\/2024\/07\/WhatsApp-Image-2024-06-16-at-14.46.38.jpeg\" class=\"attachment-full size-full wp-image-30357\" alt=\"\" srcset=\"https:\/\/www.thesnuglies.com\/wp-content\/uploads\/2024\/07\/WhatsApp-Image-2024-06-16-at-14.46.38.jpeg 2048w, https:\/\/www.thesnuglies.com\/wp-content\/uploads\/2024\/07\/WhatsApp-Image-2024-06-16-at-14.46.38-300x300.jpeg 300w, https:\/\/www.thesnuglies.com\/wp-content\/uploads\/2024\/07\/WhatsApp-Image-2024-06-16-at-14.46.38-1024x1024.jpeg 1024w, https:\/\/www.thesnuglies.com\/wp-content\/uploads\/2024\/07\/WhatsApp-Image-2024-06-16-at-14.46.38-150x150.jpeg 150w, https:\/\/www.thesnuglies.com\/wp-content\/uploads\/2024\/07\/WhatsApp-Image-2024-06-16-at-14.46.38-768x768.jpeg 768w, https:\/\/www.thesnuglies.com\/wp-content\/uploads\/2024\/07\/WhatsApp-Image-2024-06-16-at-14.46.38-1536x1536.jpeg 1536w, https:\/\/www.thesnuglies.com\/wp-content\/uploads\/2024\/07\/WhatsApp-Image-2024-06-16-at-14.46.38-700x700.jpeg 700w, https:\/\/www.thesnuglies.com\/wp-content\/uploads\/2024\/07\/WhatsApp-Image-2024-06-16-at-14.46.38-650x650.jpeg 650w, https:\/\/www.thesnuglies.com\/wp-content\/uploads\/2024\/07\/WhatsApp-Image-2024-06-16-at-14.46.38-1300x1300.jpeg 1300w, https:\/\/www.thesnuglies.com\/wp-content\/uploads\/2024\/07\/WhatsApp-Image-2024-06-16-at-14.46.38-600x600.jpeg 600w, https:\/\/www.thesnuglies.com\/wp-content\/uploads\/2024\/07\/WhatsApp-Image-2024-06-16-at-14.46.38-100x100.jpeg 100w\" sizes=\"(max-width: 2048px) 100vw, 2048px\" \/>\t\t\t\t\t\t\t\t\t\t\t\t\t\t\t<\/div>\n\t\t\t\t<\/div>\n\t\t\t\t<\/div>\n\t\t<div class=\"elementor-element elementor-element-3609102 e-con-full e-flex e-con e-child\" data-id=\"3609102\" data-element_type=\"container\">\n\t\t\t\t<div class=\"elementor-element elementor-element-358ba0e elementor-widget elementor-widget-heading\" data-id=\"358ba0e\" data-element_type=\"widget\" data-widget_type=\"heading.default\">\n\t\t\t\t<div class=\"elementor-widget-container\">\n\t\t\t\t\t<h5 class=\"elementor-heading-title elementor-size-default\">Unsere Geschichte<\/h5>\t\t\t\t<\/div>\n\t\t\t\t<\/div>\n\t\t\t\t<div class=\"elementor-element elementor-element-61dc46c elementor-widget elementor-widget-text-editor\" data-id=\"61dc46c\" data-element_type=\"widget\" data-widget_type=\"text-editor.default\">\n\t\t\t\t<div class=\"elementor-widget-container\">\n\t\t\t\t\t\t\t\t\t<p>Wie viele von euch leiden t\u00e4glich unter Stress oder Angst?<\/p><p>Ich verstehe euch, ich hatte jahrelang viel Stress bei der Arbeit, bis mir eine befreundete \u00c4rztin empfahl, H\u00e4keln zu lernen, um den Stress zu bew\u00e4ltigen.<\/p><p>Allein zu lernen war ziemlich frustrierend. Ich hatte noch nie geh\u00e4kelt, wusste nicht, wie man die H\u00e4kelnadel oder das Garn h\u00e4lt, aber ich dachte, es k\u00f6nne nicht so schwierig sein, oder?<\/p><p>Nat\u00fcrlich hatte ich keine Ahnung, wo ich anfangen sollte. Ich konnte keine Muster lesen und wusste nicht, was die verschiedenen Stiche bedeuteten. Die Informationen waren verstreut und ich habe viel Geld, Zeit und M\u00fche ohne Ergebnis verschwendet. Das Garn passte nicht zur Gr\u00f6\u00dfe der H\u00e4kelnadel, ich habe mich beim Z\u00e4hlen der Stiche ohne Markierer verheddert. Wie schlie\u00dft man Runden? Wie beendet man ein Amigurumi? Wie setzt man die Augen ein? Wie n\u00e4ht man alles zusammen?&#8230; \u00dcberall nur Fragen. Das Einzige, woran ich denken konnte, war: &#8222;Ich kann nicht glauben, dass es keinen einzigen Ort gibt, der alles hat.&#8220;<\/p>\t\t\t\t\t\t\t\t<\/div>\n\t\t\t\t<\/div>\n\t\t\t\t<\/div>\n\t\t\t\t<\/div>\n\t\t\t\t\t<\/div>\n\t\t\t\t<\/div>\n\t\t<div class=\"elementor-element elementor-element-e80440f e-flex e-con-boxed e-con e-parent\" data-id=\"e80440f\" data-element_type=\"container\">\n\t\t\t\t\t<div class=\"e-con-inner\">\n\t\t<div class=\"elementor-element elementor-element-982bf40 e-con-full qodef-elementor-content-grid e-flex e-con e-child\" data-id=\"982bf40\" data-element_type=\"container\">\n\t\t<div class=\"elementor-element elementor-element-9f0ae3f e-con-full e-flex e-con e-child\" data-id=\"9f0ae3f\" data-element_type=\"container\">\n\t\t\t\t<div class=\"elementor-element elementor-element-533d30e elementor-widget elementor-widget-heading\" data-id=\"533d30e\" data-element_type=\"widget\" data-widget_type=\"heading.default\">\n\t\t\t\t<div class=\"elementor-widget-container\">\n\t\t\t\t\t<h5 class=\"elementor-heading-title elementor-size-default\">Ich habe es geschafft und war begeistert<\/h5>\t\t\t\t<\/div>\n\t\t\t\t<\/div>\n\t\t\t\t<div class=\"elementor-element elementor-element-c095800 elementor-widget elementor-widget-text-editor\" data-id=\"c095800\" data-element_type=\"widget\" data-widget_type=\"text-editor.default\">\n\t\t\t\t<div class=\"elementor-widget-container\">\n\t\t\t\t\t\t\t\t\t<p>Seitdem hat mir das H\u00e4keln sehr geholfen, meinen Stress zu bew\u00e4ltigen, und deshalb habe ich The Snuglies gegr\u00fcndet, um Anf\u00e4ngern wie dir die einfachste M\u00f6glichkeit zu bieten, H\u00e4keln zu lernen. Sei es, weil du eine handwerkliche &#8218;Do-it-yourself&#8216;-Aktivit\u00e4t erlernen m\u00f6chtest oder eine kreative und therapeutische Aktivit\u00e4t suchst, um Probleme wie Angst, Stress, Hyperaktivit\u00e4t zu bew\u00e4ltigen&#8230;<\/p><p>Unsere Kits enthalten alle Materialien, die du ben\u00f6tigst, um dein Amigurumi zu h\u00e4keln. Wir kombinieren diese physischen Kits mit einer Online-Lernplattform, die von Experten f\u00fcr Usability und Online-Lernen erstellt wurde, auf der du Schritt-f\u00fcr-Schritt-Videotutorials f\u00fcr jedes Kit sowie Videos zu grundlegenden Stichen und Techniken findest. Au\u00dferdem organisieren wir Workshops in Schulen, Gymnasien und Unternehmen, um Kreativit\u00e4t und Teamarbeit zu f\u00f6rdern.<\/p><p>Und wenn du dich an dem Punkt befindest, an dem ich war, mit einem Stresslevel, das dich nachts nicht schlafen l\u00e4sst und ein normales Leben unm\u00f6glich macht\u2026 dann bist du hier genau richtig!<\/p>\t\t\t\t\t\t\t\t<\/div>\n\t\t\t\t<\/div>\n\t\t\t\t<\/div>\n\t\t<div class=\"elementor-element elementor-element-dd6a855 e-con-full e-flex e-con e-child\" data-id=\"dd6a855\" data-element_type=\"container\">\n\t\t\t\t<div class=\"elementor-element elementor-element-bfcfc9f elementor-widget elementor-widget-image\" data-id=\"bfcfc9f\" data-element_type=\"widget\" data-widget_type=\"image.default\">\n\t\t\t\t<div class=\"elementor-widget-container\">\n\t\t\t\t\t\t\t\t\t\t\t\t\t\t\t<img decoding=\"async\" width=\"1440\" height=\"1440\" src=\"https:\/\/www.thesnuglies.com\/wp-content\/uploads\/2024\/07\/446114658_998561424966441_7440864482648731362_n.jpeg\" class=\"attachment-full size-full wp-image-30369\" alt=\"\" srcset=\"https:\/\/www.thesnuglies.com\/wp-content\/uploads\/2024\/07\/446114658_998561424966441_7440864482648731362_n.jpeg 1440w, https:\/\/www.thesnuglies.com\/wp-content\/uploads\/2024\/07\/446114658_998561424966441_7440864482648731362_n-300x300.jpeg 300w, https:\/\/www.thesnuglies.com\/wp-content\/uploads\/2024\/07\/446114658_998561424966441_7440864482648731362_n-1024x1024.jpeg 1024w, https:\/\/www.thesnuglies.com\/wp-content\/uploads\/2024\/07\/446114658_998561424966441_7440864482648731362_n-150x150.jpeg 150w, https:\/\/www.thesnuglies.com\/wp-content\/uploads\/2024\/07\/446114658_998561424966441_7440864482648731362_n-768x768.jpeg 768w, https:\/\/www.thesnuglies.com\/wp-content\/uploads\/2024\/07\/446114658_998561424966441_7440864482648731362_n-700x700.jpeg 700w, https:\/\/www.thesnuglies.com\/wp-content\/uploads\/2024\/07\/446114658_998561424966441_7440864482648731362_n-650x650.jpeg 650w, https:\/\/www.thesnuglies.com\/wp-content\/uploads\/2024\/07\/446114658_998561424966441_7440864482648731362_n-1300x1300.jpeg 1300w, https:\/\/www.thesnuglies.com\/wp-content\/uploads\/2024\/07\/446114658_998561424966441_7440864482648731362_n-600x600.jpeg 600w, https:\/\/www.thesnuglies.com\/wp-content\/uploads\/2024\/07\/446114658_998561424966441_7440864482648731362_n-100x100.jpeg 100w\" sizes=\"(max-width: 1440px) 100vw, 1440px\" \/>\t\t\t\t\t\t\t\t\t\t\t\t\t\t\t<\/div>\n\t\t\t\t<\/div>\n\t\t\t\t<\/div>\n\t\t\t\t<\/div>\n\t\t\t\t\t<\/div>\n\t\t\t\t<\/div>\n\t\t<div class=\"elementor-element elementor-element-d0765df e-flex e-con-boxed e-con e-parent\" data-id=\"d0765df\" data-element_type=\"container\">\n\t\t\t\t\t<div class=\"e-con-inner\">\n\t\t\t\t<div class=\"elementor-element elementor-element-9637133 elementor-widget elementor-widget-heading\" data-id=\"9637133\" data-element_type=\"widget\" data-widget_type=\"heading.default\">\n\t\t\t\t<div class=\"elementor-widget-container\">\n\t\t\t\t\t<h5 class=\"elementor-heading-title elementor-size-default\">Komm und h\u00e4kele mit uns<\/h5>\t\t\t\t<\/div>\n\t\t\t\t<\/div>\n\t\t\t\t<div class=\"elementor-element elementor-element-eebfdde elementor-widget elementor-widget-text-editor\" data-id=\"eebfdde\" data-element_type=\"widget\" data-widget_type=\"text-editor.default\">\n\t\t\t\t<div class=\"elementor-widget-container\">\n\t\t\t\t\t\t\t\t\t<p>Wir wissen, dass das Erlernen neuer Dinge in jedem Alter nicht nur ein ausgezeichneter Verb\u00fcndeter im Kampf gegen Einsamkeit ist, sondern auch zahlreiche Vorteile f\u00fcr das Gehirn und die psychische Gesundheit bietet.<\/p><p>Studien best\u00e4tigen: H\u00e4keln hilft, den Cortisolspiegel, das Stresshormon, zu senken und die Gl\u00fcckshormone Dopamin und Serotonin zu erh\u00f6hen. Durch die Reduzierung von Stress entspannt sich dein K\u00f6rper, deine Herzfrequenz verlangsamt sich und du f\u00fchlst dich besser. Zu den Vorteilen geh\u00f6ren die Verringerung von Depressionen und Angstzust\u00e4nden, die Verbesserung der Stimmung und des Schlafs, die Steigerung von Selbstwertgef\u00fchl und Kreativit\u00e4t, die F\u00f6rderung sozialer Beziehungen und das Lehren von Ausdauer zur Zielerreichung.<\/p><p>Komm und h\u00e4kele mit uns und entdecke die wunderbaren Vorteile des H\u00e4kelns! Wir freuen uns auf dich. \ud83d\ude42<\/p>\t\t\t\t\t\t\t\t<\/div>\n\t\t\t\t<\/div>\n\t\t\t\t\t<\/div>\n\t\t\t\t<\/div>\n\t\t\t\t<\/div>\n\t\t","protected":false},"excerpt":{"rendered":"<p>\u00dcber uns Unsere Geschichte Wie viele von euch leiden t\u00e4glich unter Stress oder Angst? Ich verstehe euch, ich hatte jahrelang viel Stress bei der Arbeit, bis mir eine befreundete \u00c4rztin empfahl, H\u00e4keln zu lernen, um den Stress zu bew\u00e4ltigen. Allein zu lernen war ziemlich frustrierend. Ich hatte noch nie geh\u00e4kelt, wusste nicht, wie man die [&hellip;]<\/p>\n","protected":false},"author":1,"featured_media":0,"parent":0,"menu_order":0,"comment_status":"closed","ping_status":"closed","template":"page-full-width.php","meta":{"footnotes":""},"class_list":["post-32519","page","type-page","status-publish","hentry"],"aioseo_notices":[],"_links":{"self":[{"href":"https:\/\/www.thesnuglies.com\/de\/wp-json\/wp\/v2\/pages\/32519","targetHints":{"allow":["GET"]}}],"collection":[{"href":"https:\/\/www.thesnuglies.com\/de\/wp-json\/wp\/v2\/pages"}],"about":[{"href":"https:\/\/www.thesnuglies.com\/de\/wp-json\/wp\/v2\/types\/page"}],"author":[{"embeddable":true,"href":"https:\/\/www.thesnuglies.com\/de\/wp-json\/wp\/v2\/users\/1"}],"replies":[{"embeddable":true,"href":"https:\/\/www.thesnuglies.com\/de\/wp-json\/wp\/v2\/comments?post=32519"}],"version-history":[{"count":4,"href":"https:\/\/www.thesnuglies.com\/de\/wp-json\/wp\/v2\/pages\/32519\/revisions"}],"predecessor-version":[{"id":33231,"href":"https:\/\/www.thesnuglies.com\/de\/wp-json\/wp\/v2\/pages\/32519\/revisions\/33231"}],"wp:attachment":[{"href":"https:\/\/www.thesnuglies.com\/de\/wp-json\/wp\/v2\/media?parent=32519"}],"curies":[{"name":"wp","href":"https:\/\/api.w.org\/{rel}","templated":true}]}}