{"id":32496,"date":"2024-07-25T15:49:56","date_gmt":"2024-07-25T13:49:56","guid":{"rendered":"https:\/\/www.thesnuglies.com\/contacto\/"},"modified":"2024-08-11T17:33:28","modified_gmt":"2024-08-11T15:33:28","slug":"kontakt","status":"publish","type":"page","link":"https:\/\/www.thesnuglies.com\/de\/kontakt\/","title":{"rendered":"Kontakt"},"content":{"rendered":"\t\t<div data-elementor-type=\"wp-page\" data-elementor-id=\"32496\" class=\"elementor elementor-32496 elementor-31864\" data-elementor-post-type=\"page\">\n\t\t\t\t<div class=\"elementor-element elementor-element-df74b23 e-con-full e-flex e-con e-parent\" data-id=\"df74b23\" data-element_type=\"container\" data-settings=\"{&quot;background_background&quot;:&quot;classic&quot;}\">\n\t\t\t\t<div class=\"elementor-element elementor-element-333b80c elementor-widget-mobile__width-inherit elementor-widget elementor-widget-lynna_core_section_title\" data-id=\"333b80c\" data-element_type=\"widget\" data-widget_type=\"lynna_core_section_title.default\">\n\t\t\t\t<div class=\"elementor-widget-container\">\n\t\t\t\t\t<div class=\"qodef-shortcode qodef-m  qodef-section-title qodef-alignment--left \" >\n\t\t\t\t<h2 class=\"qodef-m-title\">\n\t\t\t\t\tKontakt\t\t\t<\/h2>\n\t\t\t<\/div>\n\t\t\t\t<\/div>\n\t\t\t\t<\/div>\n\t\t\t\t<\/div>\n\t\t<div class=\"elementor-element elementor-element-ace71c1 e-con-full e-flex e-con e-parent\" data-id=\"ace71c1\" data-element_type=\"container\">\n\t\t<div class=\"elementor-element elementor-element-8db95ce e-con-full e-flex e-con e-child\" data-id=\"8db95ce\" data-element_type=\"container\">\n\t\t\t\t<div class=\"elementor-element elementor-element-55a6723 elementor-widget-mobile__width-inherit elementor-widget elementor-widget-lynna_core_section_title\" data-id=\"55a6723\" data-element_type=\"widget\" data-widget_type=\"lynna_core_section_title.default\">\n\t\t\t\t<div class=\"elementor-widget-container\">\n\t\t\t\t\t<div class=\"qodef-shortcode qodef-m  qodef-section-title qodef-alignment--left \" style=\"--qode-text-field-margin-top: 15px\">\n\t\t\t\t<h1 class=\"qodef-m-title\">\n\t\t\t\t\tKontakt\t\t\t<\/h1>\n\t\t\t<p class=\"qodef-m-text-field\">\n\t\tEscr\u00edbenos utilizando el formulario a continuaci\u00f3n o a una de las direcciones de m\u00e1s abajo\t<\/p>\n\t<\/div>\n\t\t\t\t<\/div>\n\t\t\t\t<\/div>\n\t\t<div class=\"elementor-element elementor-element-1198869 e-con-full e-flex e-con e-child\" data-id=\"1198869\" data-element_type=\"container\">\n\t\t<div class=\"elementor-element elementor-element-7e17647 e-con-full e-flex e-con e-child\" data-id=\"7e17647\" data-element_type=\"container\">\n\t\t\t\t<div class=\"elementor-element elementor-element-74bc363 elementor-widget elementor-widget-lynna_core_icon_with_links\" data-id=\"74bc363\" data-element_type=\"widget\" data-widget_type=\"lynna_core_icon_with_links.default\">\n\t\t\t\t<div class=\"elementor-widget-container\">\n\t\t\t\t\t<div class=\"qodef-icon-with-links qodef-icon--svg-code\" >\n\t<div class=\"qodef-m-inner\">\n\t\t\t<span class=\"qodef-icon-holder\">\n\t\t<svg xmlns=\"http:\/\/www.w3.org\/2000\/svg\" width=\"14\" height=\"14\" viewBox=\"0 0 14 14\"><path d=\"M3894,15h0a8.67,8.67,0,0,0,7-7h0a8.689,8.689,0,0,0,7,7h0a8.686,8.686,0,0,0-7,7h0A8.667,8.667,0,0,0,3894,15Z\" transform=\"translate(-3894 -8)\" fill=\"#eb7ec7\" \/><\/svg>\t<\/span>\n\t\t\t\t<h6 class=\"qodef-m-title\">\n\t\tHilfe\t<\/h6>\n\t\t\t\t\t<ul class=\"qodef-m-links\">\n\t\t\t\t<li class=\"qodef-e-link\">\n\t<span class=\"qodef-e-link-inner\">\n\t\t\t\t\t\t\t\t\t<a href=\"https:\/\/learn.thesnuglies.com\/\" target=\"_self\">\n\t\t\t\t\t\t\t\tTutorials f\u00fcr Ihr Kit\t\t\t\t\t\t\t<\/a>\n\t\t\t\t\t\t<\/span>\n<\/li>\n<li class=\"qodef-e-link\">\n\t<span class=\"qodef-e-link-inner\">\n\t\t\t\t\t\t\t\t\t<a href=\"https:\/\/www.thesnuglies.com\/tutoriales-diestros\/\" target=\"_self\">\n\t\t\t\t\t\t\t\tTutorials f\u00fcr Rechtsh\u00e4nder\t\t\t\t\t\t\t<\/a>\n\t\t\t\t\t\t<\/span>\n<\/li>\n<li class=\"qodef-e-link\">\n\t<span class=\"qodef-e-link-inner\">\n\t\t\t\t\t\t\t\t\t<a href=\"https:\/\/www.thesnuglies.com\/tutoriales-zurdos\/\" target=\"_self\">\n\t\t\t\t\t\t\t\tTutorials f\u00fcr Linksh\u00e4nder\t\t\t\t\t\t\t<\/a>\n\t\t\t\t\t\t<\/span>\n<\/li>\n<li class=\"qodef-e-link\">\n\t<span class=\"qodef-e-link-inner\">\n\t\t\t\t\t\t\t\t\t<a href=\"mailto:help@thesnuglies.com\" target=\"_self\">\n\t\t\t\t\t\t\t\thelp@thesnuglies.com\t\t\t\t\t\t\t<\/a>\n\t\t\t\t\t\t<\/span>\n<\/li>\n\t\t\t<\/ul>\n\t\t\t\t<\/div>\n<\/div>\n\t\t\t\t<\/div>\n\t\t\t\t<\/div>\n\t\t\t\t<\/div>\n\t\t<div class=\"elementor-element elementor-element-5a4fc2a e-con-full e-flex e-con e-child\" data-id=\"5a4fc2a\" data-element_type=\"container\">\n\t\t\t\t<div class=\"elementor-element elementor-element-b46ad33 elementor-widget elementor-widget-lynna_core_icon_with_links\" data-id=\"b46ad33\" data-element_type=\"widget\" data-widget_type=\"lynna_core_icon_with_links.default\">\n\t\t\t\t<div class=\"elementor-widget-container\">\n\t\t\t\t\t<div class=\"qodef-icon-with-links qodef-icon--svg-code\" >\n\t<div class=\"qodef-m-inner\">\n\t\t\t<span class=\"qodef-icon-holder\">\n\t\t<svg xmlns=\"http:\/\/www.w3.org\/2000\/svg\" width=\"14\" height=\"14\" viewBox=\"0 0 14 14\"><path d=\"M2493.176,10.782c0,1.04,1.238,2.727,2,3.661-.934-.758-2.617-2-3.66-2a2.689,2.689,0,0,0-2.762,2.574,2.688,2.688,0,0,0,2.762,2.574c1.043,0,2.727-1.238,3.66-2-.758.933-2,2.621-2,3.662a2.581,2.581,0,1,0,5.148,0c0-1.041-1.238-2.727-2-3.662.934.759,2.621,2,3.66,2a2.689,2.689,0,0,0,2.762-2.574,2.689,2.689,0,0,0-2.762-2.574c-1.039,0-2.727,1.239-3.66,2,.758-.933,2-2.621,2-3.661a2.581,2.581,0,1,0-5.148,0Z\" transform=\"translate(-2488.75 -8.02)\" fill=\"#84d181\" \/><\/svg>\t<\/span>\n\t\t\t\t<h6 class=\"qodef-m-title\">\n\t\tWorkshops\t<\/h6>\n\t\t\t\t\t<ul class=\"qodef-m-links\">\n\t\t\t\t<li class=\"qodef-e-link\">\n\t<span class=\"qodef-e-link-inner\">\n\t\t\t\t\t\t\t\t\t<a href=\"https:\/\/www.thesnuglies.com\/de\/workshops\/\" target=\"_blank\">\n\t\t\t\t\t\t\t\tPr\u00e4senz- und Online-Workshops \t\t\t\t\t\t\t<\/a>\n\t\t\t\t\t\t<\/span>\n<\/li>\n<li class=\"qodef-e-link\">\n\t<span class=\"qodef-e-link-inner\">\n\t\t\t\t\t\t\t\t\t<a href=\"https:\/\/www.thesnuglies.com\/de\/workshops\/schulen-und-gymnasien\/\" target=\"_blank\">\n\t\t\t\t\t\t\t\tWorkshops in Schulen und Instituten\t\t\t\t\t\t\t<\/a>\n\t\t\t\t\t\t<\/span>\n<\/li>\n<li class=\"qodef-e-link\">\n\t<span class=\"qodef-e-link-inner\">\n\t\t\t\t\t\t\t\t\t<a href=\"https:\/\/www.thesnuglies.com\/de\/workshops\/unternehmen\/\" target=\"_blank\">\n\t\t\t\t\t\t\t\tWorkshops in Unternehmen\t\t\t\t\t\t\t<\/a>\n\t\t\t\t\t\t<\/span>\n<\/li>\n<li class=\"qodef-e-link\">\n\t<span class=\"qodef-e-link-inner\">\n\t\t\t\t\t\t\t\t\t<a href=\"mailto:workshop@thesnuglies.com\" target=\"_self\">\n\t\t\t\t\t\t\t\tworkshop@thesnuglies.com\t\t\t\t\t\t\t<\/a>\n\t\t\t\t\t\t<\/span>\n<\/li>\n\t\t\t<\/ul>\n\t\t\t\t<\/div>\n<\/div>\n\t\t\t\t<\/div>\n\t\t\t\t<\/div>\n\t\t\t\t<\/div>\n\t\t\t\t<\/div>\n\t\t<div class=\"elementor-element elementor-element-51c9b37 e-con-full e-flex e-con e-child\" data-id=\"51c9b37\" data-element_type=\"container\">\n\t\t<div class=\"elementor-element elementor-element-fb70223 e-con-full e-flex e-con e-child\" data-id=\"fb70223\" data-element_type=\"container\">\n\t\t\t\t<div class=\"elementor-element elementor-element-2267ed1 elementor-widget elementor-widget-lynna_core_icon_with_links\" data-id=\"2267ed1\" data-element_type=\"widget\" data-widget_type=\"lynna_core_icon_with_links.default\">\n\t\t\t\t<div class=\"elementor-widget-container\">\n\t\t\t\t\t<div class=\"qodef-icon-with-links qodef-icon--svg-code\" >\n\t<div class=\"qodef-m-inner\">\n\t\t\t<span class=\"qodef-icon-holder\">\n\t\t<svg xmlns=\"http:\/\/www.w3.org\/2000\/svg\" width=\"14\" height=\"14\" viewBox=\"0 0 14 14\"><path d=\"M196.9,5.793l1.2,2.547a1.236,1.236,0,0,0,.923.7l2.694.411a1.247,1.247,0,0,1,1,.874,1.324,1.324,0,0,1-.316,1.322l-1.952,1.981a1.319,1.319,0,0,0-.354,1.14l.462,2.8a1.311,1.311,0,0,1-.489,1.267,1.189,1.189,0,0,1-1.306.092l-2.408-1.323a1.2,1.2,0,0,0-1.151,0l-2.407,1.323a1.189,1.189,0,0,1-1.3-.088,1.31,1.31,0,0,1-.495-1.261l.458-2.8a1.319,1.319,0,0,0-.354-1.14l-1.949-1.981a1.324,1.324,0,0,1-.316-1.321,1.247,1.247,0,0,1,1-.875l2.7-.421a1.237,1.237,0,0,0,.924-.7L194.7,5.793a1.209,1.209,0,0,1,2.2,0Z\" transform=\"translate(-188.787 -5.084)\" fill=\"#f05656\" \/><\/svg>\t<\/span>\n\t\t\t\t<h6 class=\"qodef-m-title\">\n\t\tBestellung + 10 Kits\t<\/h6>\n\t\t\t\t\t<ul class=\"qodef-m-links\">\n\t\t\t\t<li class=\"qodef-e-link\">\n\t<span class=\"qodef-e-link-inner\">\n\t\t\t\t\t\t\t\t\t<a href=\"mailto:workshop@thesnuglies.com\" target=\"_self\">\n\t\t\t\t\t\t\t\tworkshop@thesnuglies.com\t\t\t\t\t\t\t<\/a>\n\t\t\t\t\t\t<\/span>\n<\/li>\n\t\t\t<\/ul>\n\t\t\t\t<\/div>\n<\/div>\n\t\t\t\t<\/div>\n\t\t\t\t<\/div>\n\t\t\t\t<\/div>\n\t\t<div class=\"elementor-element elementor-element-f4432c5 e-con-full e-flex e-con e-child\" data-id=\"f4432c5\" data-element_type=\"container\">\n\t\t\t\t<div class=\"elementor-element elementor-element-c9b3b03 elementor-widget elementor-widget-lynna_core_icon_with_links\" data-id=\"c9b3b03\" data-element_type=\"widget\" data-widget_type=\"lynna_core_icon_with_links.default\">\n\t\t\t\t<div class=\"elementor-widget-container\">\n\t\t\t\t\t<div class=\"qodef-icon-with-links qodef-icon--svg-code\" >\n\t<div class=\"qodef-m-inner\">\n\t\t\t<span class=\"qodef-icon-holder\">\n\t\t<svg xmlns=\"http:\/\/www.w3.org\/2000\/svg\" width=\"14\" height=\"14.001\" viewBox=\"0 0 14 14.001\">   <path fill=\"#3697fa\" d=\"M7.419 6.999a15.188 15.188 0 0 0 5.267-2.946c1.488-1.491 1.617-2.846.863-3.6s-2.114-.626-3.6.865a15.075 15.075 0 0 0-2.942 5.263 15.172 15.172 0 0 0-2.95-5.263C2.568-.173 1.213-.303.457.455s-.625 2.111.863 3.6a15.255 15.255 0 0 0 5.267 2.946A15.251 15.251 0 0 0 1.32 9.946c-1.489 1.491-1.617 2.846-.863 3.6s2.114.625 3.6-.865a15.187 15.187 0 0 0 2.95-5.263 15.089 15.089 0 0 0 2.942 5.263c1.488 1.491 2.848 1.621 3.6.865s.625-2.112-.863-3.6a15.154 15.154 0 0 0-5.267-2.947Z\"><\/path> <\/svg>\t<\/span>\n\t\t\t\t<h6 class=\"qodef-m-title\">\n\t\tGro\u00dfhandel\t<\/h6>\n\t\t\t\t\t<ul class=\"qodef-m-links\">\n\t\t\t\t<li class=\"qodef-e-link\">\n\t<span class=\"qodef-e-link-inner\">\n\t\t\t\t\t\t\t\t\t<a href=\"https:\/\/www.thesnuglies.com\/de\/grosshandel\/\" target=\"_blank\">\n\t\t\t\t\t\t\t\tWeitere Informationen finden Sie hier\t\t\t\t\t\t\t<\/a>\n\t\t\t\t\t\t<\/span>\n<\/li>\n<li class=\"qodef-e-link\">\n\t<span class=\"qodef-e-link-inner\">\n\t\t\t\t\t\t\t\t\t<a href=\"mailto:wholesale@thesnuglies.com\" target=\"_self\">\n\t\t\t\t\t\t\t\twholesale@thesnuglies.com\t\t\t\t\t\t\t<\/a>\n\t\t\t\t\t\t<\/span>\n<\/li>\n\t\t\t<\/ul>\n\t\t\t\t<\/div>\n<\/div>\n\t\t\t\t<\/div>\n\t\t\t\t<\/div>\n\t\t\t\t<\/div>\n\t\t\t\t<\/div>\n\t\t<div class=\"elementor-element elementor-element-4bc7cae e-con-full e-flex e-con e-child\" data-id=\"4bc7cae\" data-element_type=\"container\">\n\t\t<div class=\"elementor-element elementor-element-a8acae5 e-con-full e-flex e-con e-child\" data-id=\"a8acae5\" data-element_type=\"container\">\n\t\t\t\t<div class=\"elementor-element elementor-element-ac23949 elementor-widget elementor-widget-lynna_core_icon_with_links\" data-id=\"ac23949\" data-element_type=\"widget\" data-widget_type=\"lynna_core_icon_with_links.default\">\n\t\t\t\t<div class=\"elementor-widget-container\">\n\t\t\t\t\t<div class=\"qodef-icon-with-links qodef-icon--svg-code\" >\n\t<div class=\"qodef-m-inner\">\n\t\t\t<span class=\"qodef-icon-holder\">\n\t\t<svg xmlns=\"http:\/\/www.w3.org\/2000\/svg\" width=\"14\" height=\"14\" viewBox=\"0 0 14 14\">   <path fill=\"#ffd34e\" d=\"M4.426 2.762c0 1.04 1.238 2.727 2 3.661-.934-.758-2.617-2-3.66-2A2.689 2.689 0 0 0 .004 6.997a2.688 2.688 0 0 0 2.762 2.574c1.043 0 2.727-1.238 3.66-2-.758.933-2 2.621-2 3.662a2.581 2.581 0 1 0 5.148 0c0-1.041-1.238-2.727-2-3.662.934.759 2.621 2 3.66 2a2.689 2.689 0 0 0 2.762-2.574 2.689 2.689 0 0 0-2.762-2.574c-1.039 0-2.727 1.239-3.66 2 .758-.933 2-2.621 2-3.661a2.581 2.581 0 1 0-5.148 0Z\" \/> <\/svg>\t<\/span>\n\t\t\t\t<h6 class=\"qodef-m-title\">\n\t\tMedien und Presse\t<\/h6>\n\t\t\t\t\t<ul class=\"qodef-m-links\">\n\t\t\t\t<li class=\"qodef-e-link\">\n\t<span class=\"qodef-e-link-inner\">\n\t\t\t\t\t\t\t\t\t<a href=\"mailto:pr@thesnuglies.com\" target=\"_self\">\n\t\t\t\t\t\t\t\tpr@thesnuglies.com\t\t\t\t\t\t\t<\/a>\n\t\t\t\t\t\t<\/span>\n<\/li>\n\t\t\t<\/ul>\n\t\t\t\t<\/div>\n<\/div>\n\t\t\t\t<\/div>\n\t\t\t\t<\/div>\n\t\t\t\t<\/div>\n\t\t<div class=\"elementor-element elementor-element-e356f7c e-con-full e-flex e-con e-child\" data-id=\"e356f7c\" data-element_type=\"container\">\n\t\t\t\t<div class=\"elementor-element elementor-element-58f9e02 elementor-widget elementor-widget-lynna_core_icon_with_links\" data-id=\"58f9e02\" data-element_type=\"widget\" data-widget_type=\"lynna_core_icon_with_links.default\">\n\t\t\t\t<div class=\"elementor-widget-container\">\n\t\t\t\t\t<div class=\"qodef-icon-with-links qodef-icon--svg-code\" >\n\t<div class=\"qodef-m-inner\">\n\t\t\t<span class=\"qodef-icon-holder\">\n\t\t<svg xmlns=\"http:\/\/www.w3.org\/2000\/svg\" width=\"14\" height=\"14\" viewBox=\"0 0 14 14\"><path d=\"M3894,15h0a8.67,8.67,0,0,0,7-7h0a8.689,8.689,0,0,0,7,7h0a8.686,8.686,0,0,0-7,7h0A8.667,8.667,0,0,0,3894,15Z\" transform=\"translate(-3894 -8)\" fill=\"#eb7ec7\" \/><\/svg>\t<\/span>\n\t\t\t\t<h6 class=\"qodef-m-title\">\n\t\tArbeiten Sie mit uns zusammen\t<\/h6>\n\t\t\t\t\t<ul class=\"qodef-m-links\">\n\t\t\t\t<li class=\"qodef-e-link\">\n\t<span class=\"qodef-e-link-inner\">\n\t\t\t\t\t\t\t\t\t\tWir suchen Modellbauer\t\t\t\t\t\t<\/span>\n<\/li>\n<li class=\"qodef-e-link\">\n\t<span class=\"qodef-e-link-inner\">\n\t\t\t\t\t\t\t\t\t<a href=\"https:\/\/forms.gle\/p5svtgr4sQ5hJEky7\" target=\"_blank\">\n\t\t\t\t\t\t\t\tF\u00fcllen Sie dieses Formular aus\t\t\t\t\t\t\t<\/a>\n\t\t\t\t\t\t<\/span>\n<\/li>\n\t\t\t<\/ul>\n\t\t\t\t<\/div>\n<\/div>\n\t\t\t\t<\/div>\n\t\t\t\t<\/div>\n\t\t\t\t<\/div>\n\t\t\t\t<\/div>\n\t\t\t\t<\/div>\n\t\t<div class=\"elementor-element elementor-element-8e268b5 e-con-full e-flex e-con e-child\" data-id=\"8e268b5\" data-element_type=\"container\">\n\t\t\t\t<div class=\"elementor-element elementor-element-f0fddfd contactots elementor-widget elementor-widget-qi_addons_for_elementor_contact_form_7\" data-id=\"f0fddfd\" data-element_type=\"widget\" data-widget_type=\"qi_addons_for_elementor_contact_form_7.default\">\n\t\t\t\t<div class=\"elementor-widget-container\">\n\t\t\t\t\t<div class=\"qodef-shortcode qodef-m qodef-qi-contact-form-7\">\n\t\n<div class=\"wpcf7 no-js\" id=\"wpcf7-f33672-o1\" lang=\"de-DE\" dir=\"ltr\" data-wpcf7-id=\"33672\">\n<div class=\"screen-reader-response\"><p role=\"status\" aria-live=\"polite\" aria-atomic=\"true\"><\/p> <ul><\/ul><\/div>\n<form action=\"\/de\/wp-json\/wp\/v2\/pages\/32496#wpcf7-f33672-o1\" method=\"post\" class=\"wpcf7-form init\" aria-label=\"Kontaktformular\" novalidate=\"novalidate\" data-status=\"init\">\n<fieldset class=\"hidden-fields-container\"><input type=\"hidden\" name=\"_wpcf7\" value=\"33672\" \/><input type=\"hidden\" name=\"_wpcf7_version\" value=\"6.1.2\" \/><input type=\"hidden\" name=\"_wpcf7_locale\" value=\"de_DE\" \/><input type=\"hidden\" name=\"_wpcf7_unit_tag\" value=\"wpcf7-f33672-o1\" \/><input type=\"hidden\" name=\"_wpcf7_container_post\" value=\"0\" \/><input type=\"hidden\" name=\"_wpcf7_posted_data_hash\" value=\"\" \/><input type=\"hidden\" name=\"_wpcf7_recaptcha_response\" value=\"\" \/>\n<\/fieldset>\n<label> Name\n    <span class=\"wpcf7-form-control-wrap\" data-name=\"your-name\"><input size=\"40\" maxlength=\"400\" class=\"wpcf7-form-control wpcf7-text wpcf7-validates-as-required\" autocomplete=\"name\" aria-required=\"true\" aria-invalid=\"false\" value=\"\" type=\"text\" name=\"your-name\" \/><\/span> <\/label>\n\n<label> E-mail\n    <span class=\"wpcf7-form-control-wrap\" data-name=\"your-email\"><input size=\"40\" maxlength=\"400\" class=\"wpcf7-form-control wpcf7-email wpcf7-validates-as-required wpcf7-text wpcf7-validates-as-email\" autocomplete=\"email\" aria-required=\"true\" aria-invalid=\"false\" value=\"\" type=\"email\" name=\"your-email\" \/><\/span> <\/label>\n\n<label> Betreff\n    <span class=\"wpcf7-form-control-wrap\" data-name=\"your-subject\"><input size=\"40\" maxlength=\"400\" class=\"wpcf7-form-control wpcf7-text wpcf7-validates-as-required\" aria-required=\"true\" aria-invalid=\"false\" value=\"\" type=\"text\" name=\"your-subject\" \/><\/span> <\/label>\n\n<label> Ihre Nachricht (optional)\n    <span class=\"wpcf7-form-control-wrap\" data-name=\"your-message\"><textarea cols=\"40\" rows=\"10\" maxlength=\"2000\" class=\"wpcf7-form-control wpcf7-textarea\" aria-invalid=\"false\" name=\"your-message\"><\/textarea><\/span> <\/label>\n<span class=\"wpcf7-form-control-wrap\" data-name=\"acceptance-664\"><span class=\"wpcf7-form-control wpcf7-acceptance\"><span class=\"wpcf7-list-item\"><label><input type=\"checkbox\" name=\"acceptance-664\" value=\"1\" aria-invalid=\"false\" \/><span class=\"wpcf7-list-item-label\"><span style=\"font-size:14px\">Ich habe die <a style=\"font-family: Montserrat\" href=\"https:\/\/www.thesnuglies.com\/politica-privacidad\"><u>Datenschutzerkl\u00e4rung<\/u><\/a> gelesen und akzeptiere sie<\/span><\/label><\/span><\/span><\/span>\n<div style=\"padding-left: 17px;padding-bottom: 10px;\"> <!-- Mailchimp for WordPress v4.10.8 - https:\/\/www.mc4wp.com\/ --><input type=\"hidden\" name=\"_mc4wp_subscribe_contact-form-7\" value=\"0\" \/><span class=\"mc4wp-checkbox mc4wp-checkbox-contact-form-7 \"><label><input type=\"checkbox\" name=\"_mc4wp_subscribe_contact-form-7\" value=\"1\" ><span>Quiero suscribirme a la newsletter de The Snuglies<\/span><\/label><\/span><!-- \/ Mailchimp for WordPress --><\/div>\n<button class=\"wpcf7-form-control wpcf7-submit qodef-button qodef-m qodef-layout--textual\" type=\"submit\"><span class=\"qodef-m-text\">Schicken<\/span><\/button><div class=\"wpcf7-response-output\" aria-hidden=\"true\"><\/div>\n<\/form>\n<\/div>\n<\/div>\n\t\t\t\t<\/div>\n\t\t\t\t<\/div>\n\t\t\t\t<\/div>\n\t\t\t\t<\/div>\n\t\t\t\t<\/div>\n\t\t","protected":false},"excerpt":{"rendered":"<p>Kontakt Kontakt Escr\u00edbenos utilizando el formulario a continuaci\u00f3n o a una de las direcciones de m\u00e1s abajo Hilfe Tutorials f\u00fcr Ihr Kit Tutorials f\u00fcr Rechtsh\u00e4nder Tutorials f\u00fcr Linksh\u00e4nder help@thesnuglies.com Workshops Pr\u00e4senz- und Online-Workshops Workshops in Schulen und Instituten Workshops in Unternehmen workshop@thesnuglies.com Bestellung + 10 Kits workshop@thesnuglies.com Gro\u00dfhandel Weitere Informationen finden Sie hier wholesale@thesnuglies.com Medien [&hellip;]<\/p>\n","protected":false},"author":1,"featured_media":0,"parent":0,"menu_order":0,"comment_status":"closed","ping_status":"closed","template":"page-full-width.php","meta":{"footnotes":""},"class_list":["post-32496","page","type-page","status-publish","hentry"],"aioseo_notices":[],"_links":{"self":[{"href":"https:\/\/www.thesnuglies.com\/de\/wp-json\/wp\/v2\/pages\/32496","targetHints":{"allow":["GET"]}}],"collection":[{"href":"https:\/\/www.thesnuglies.com\/de\/wp-json\/wp\/v2\/pages"}],"about":[{"href":"https:\/\/www.thesnuglies.com\/de\/wp-json\/wp\/v2\/types\/page"}],"author":[{"embeddable":true,"href":"https:\/\/www.thesnuglies.com\/de\/wp-json\/wp\/v2\/users\/1"}],"replies":[{"embeddable":true,"href":"https:\/\/www.thesnuglies.com\/de\/wp-json\/wp\/v2\/comments?post=32496"}],"version-history":[{"count":13,"href":"https:\/\/www.thesnuglies.com\/de\/wp-json\/wp\/v2\/pages\/32496\/revisions"}],"predecessor-version":[{"id":33722,"href":"https:\/\/www.thesnuglies.com\/de\/wp-json\/wp\/v2\/pages\/32496\/revisions\/33722"}],"wp:attachment":[{"href":"https:\/\/www.thesnuglies.com\/de\/wp-json\/wp\/v2\/media?parent=32496"}],"curies":[{"name":"wp","href":"https:\/\/api.w.org\/{rel}","templated":true}]}}